{"id":3503,"date":"2024-05-09T17:21:44","date_gmt":"2024-05-09T20:21:44","guid":{"rendered":"https:\/\/hcoe.com.br\/web\/?page_id=3503"},"modified":"2024-05-09T17:21:44","modified_gmt":"2024-05-09T20:21:44","slug":"topografia-computadorizada-da-cornea","status":"publish","type":"page","link":"https:\/\/hcoe.com.br\/web\/index.php\/topografia-computadorizada-da-cornea\/","title":{"rendered":"Topografia Computadorizada da C\u00f3rnea"},"content":{"rendered":"<div id=\"pl-3503\"  class=\"panel-layout\" ><div id=\"pg-3503-0\"  class=\"panel-grid panel-has-style\" ><div class=\"divider-no-animation tablet-default mobile-default desktop-default custom panel-row-style panel-row-style-for-3503-0\" ><div id=\"pgc-3503-0-0\"  class=\"panel-grid-cell\" ><div id=\"panel-3503-0-0-0\" class=\"so-panel widget widget_sow-editor panel-first-child panel-last-child\" data-index=\"0\" ><div class=\"orion panel-widget-style panel-widget-style-for-3503-0-0-0\" ><div\n\t\t\t\n\t\t\tclass=\"so-widget-sow-editor so-widget-sow-editor-base\"\n\t\t\t\n\t\t>\n<div class=\"siteorigin-widget-tinymce textwidget\">\n\t<div class=\"react-scroll-to-bottom--css-zxuzd-1n7m0yu\">\n<div class=\"flex flex-col text-sm pb-9\">\n<div class=\"w-full text-token-text-primary sm:AIPRM__conversation__response\" data-testid=\"conversation-turn-29\">\n<div class=\"px-4 py-2 justify-center text-base md:gap-6 m-auto\">\n<div class=\"flex flex-1 text-base mx-auto gap-3 md:px-5 lg:px-1 xl:px-5 md:max-w-3xl lg:max-w-[40rem] xl:max-w-[48rem] group final-completion\">\n<div class=\"relative flex w-full flex-col agent-turn\">\n<div class=\"flex-col gap-1 md:gap-3\">\n<div class=\"flex flex-grow flex-col max-w-full\">\n<div class=\"min-h-[20px] text-message flex flex-col items-start gap-3 whitespace-pre-wrap break-words [.text-message+&amp;]:mt-5 overflow-x-auto\" data-message-author-role=\"assistant\" data-message-id=\"8b775ba5-c102-494c-b1f0-0061536cfdb7\">\n<div class=\"markdown prose w-full break-words dark:prose-invert light AIPRM__conversation__response\">\n<p style=\"text-align: justify;\"><img loading=\"lazy\" decoding=\"async\" class=\"size-full wp-image-9035 aligncenter\" src=\"https:\/\/oftalmedbrasil.com.br\/wp-content\/uploads\/2024\/03\/tpm2x.jpg\" alt=\"\" width=\"300\" height=\"200\" \/><\/p>\n<p style=\"text-align: justify;\">A Topografia Computadorizada da C\u00f3rnea representa um avan\u00e7o significativo na oftalmologia diagn\u00f3stica, sendo um dos exames mais precisos e informativos dispon\u00edveis. Este procedimento detalhado \u00e9 indispens\u00e1vel para o mapeamento da superf\u00edcie da c\u00f3rnea, oferecendo uma vis\u00e3o tridimensional da sua curvatura e poder refrativo. Com a capacidade de identificar irregularidades corneanas e condi\u00e7\u00f5es oftalmol\u00f3gicas com grande precis\u00e3o, a topografia computadorizada \u00e9 uma ferramenta essencial no diagn\u00f3stico, no planejamento cir\u00fargico e no acompanhamento de tratamentos oftalmol\u00f3gicos.<\/p>\n<p style=\"text-align: justify;\">A c\u00f3rnea, sendo a superf\u00edcie frontal transparente do olho, desempenha um papel crucial na focagem da vis\u00e3o. Anormalidades em sua forma e curvatura podem levar a problemas visuais significativos, como astigmatismo, ceratocone, e outras ectasias corneanas. A topografia computadorizada da c\u00f3rnea permite aos oftalmologistas avaliar minuciosamente estas condi\u00e7\u00f5es, fornecendo informa\u00e7\u00f5es detalhadas que n\u00e3o s\u00e3o poss\u00edveis de serem obtidas por meio de exames oftalmol\u00f3gicos convencionais.<\/p>\n<p style=\"text-align: justify;\">Utilizamos equipamentos de \u00faltima gera\u00e7\u00e3o para realizar a topografia computadorizada, garantindo imagens de alta resolu\u00e7\u00e3o e an\u00e1lises precisas. Durante o exame, um sistema de proje\u00e7\u00e3o de an\u00e9is de luz \u00e9 direcionado \u00e0 c\u00f3rnea do paciente. As distor\u00e7\u00f5es destes an\u00e9is, quando refletidas de volta, s\u00e3o captadas pelo equipamento, que, por meio de um software avan\u00e7ado, cria um mapa detalhado da superf\u00edcie corneana. Este mapa revela varia\u00e7\u00f5es na curvatura e eleva\u00e7\u00f5es da c\u00f3rnea, permitindo a detec\u00e7\u00e3o precoce de condi\u00e7\u00f5es patol\u00f3gicas e a monitoriza\u00e7\u00e3o da progress\u00e3o destas doen\u00e7as ao longo do tempo.<\/p>\n<p style=\"text-align: justify;\">Al\u00e9m de seu papel fundamental no diagn\u00f3stico e acompanhamento de doen\u00e7as corneanas, a topografia computadorizada \u00e9 extremamente valiosa no planejamento de cirurgias refrativas, como LASIK e PRK, bem como na adapta\u00e7\u00e3o de lentes de contato especiais para casos de ceratocone e outras irregularidades corneanas. Ao fornecer uma compreens\u00e3o detalhada da topografia corneana, os oftalmologistas podem personalizar os tratamentos para atender \u00e0s necessidades espec\u00edficas de cada paciente, aumentando significativamente as chances de sucesso cir\u00fargico e satisfa\u00e7\u00e3o do paciente.<\/p>\n<p style=\"text-align: justify;\">Para mais informa\u00e7\u00f5es sobre a topografia computadorizada, entre em contato. Nossa equipe est\u00e1 pronta para oferecer a voc\u00ea e sua fam\u00edlia o cuidado especializado necess\u00e1rio para manter uma vis\u00e3o clara e saud\u00e1vel, agora e no futuro.<\/p>\n<\/div>\n<\/div>\n<\/div>\n<\/div>\n<\/div>\n<\/div>\n<\/div>\n<\/div>\n<\/div>\n<\/div>\n<div id=\"AIPRM__sidebar-icon\" class=\"AIPRM__p-2 AIPRM__top-12 md:AIPRM__top-2 AIPRM__p-2 AIPRM__items-center AIPRM__transition-colors AIPRM__duration-200 AIPRM__cursor-pointer AIPRM__text-sm AIPRM__rounded-md AIPRM__border AIPRM__bg-white dark:AIPRM__bg-gray-900 AIPRM__border-black\/10 dark:AIPRM__border-white\/20 hover:AIPRM__bg-gray-50 dark:hover:AIPRM__bg-gray-850 AIPRM__cursor-pointer AIPRM__fixed AIPRM__right-4 AIPRM__z-30\" style=\"text-align: justify;\" title=\"Open AIPRM sidebar\">\u00a0<\/div>\n<\/div>\n<\/div><\/div><\/div><\/div><div id=\"pgc-3503-0-1\"  class=\"panel-grid-cell\" ><div id=\"panel-3503-0-1-0\" class=\"so-panel widget widget_orion_image_w panel-first-child panel-last-child\" data-index=\"1\" ><div class=\"orion custom default panel-widget-style panel-widget-style-for-3503-0-1-0\" ><div\n\t\t\t\n\t\t\tclass=\"so-widget-orion_image_w so-widget-orion_image_w-base\"\n\t\t\t\n\t\t>\r\n<div class=\"image-w relative\">\r\n\r\n\t\t\t\t\t\t\t<a class=\" overlay-none overlay-hover-none\" href=\"https:\/\/api.whatsapp.com\/send\/?phone=5575981319113&#038;text&#038;type=phone_number&#038;app_absent=0\">\r\n\t\t\r\n\t\t\t\t\t<img loading=\"lazy\" decoding=\"async\" width=\"1300\" height=\"1300\" src=\"https:\/\/hcoe.com.br\/web\/wp-content\/uploads\/2024\/05\/4343ttretyryjgmjh7iuyf.jpg\" class=\"attachment- size-\" alt=\"\" \/>\t\t\t<div class=\"overlay\"><\/div>\r\n\t\t\r\n\t\t\t\t\t<\/a>\r\n\t\t\t\r\n\t\r\n\t<div class=\"absolute\">\r\n\t\t<div class=\"hover-desc table-wrap\">\r\n\t\t\t<div class=\"cell-wrap\">\r\n\t\t\t\t<h4 class=\"text-light\"><\/h4>\r\n\t\t\t<\/div>\r\n\t\t<\/div>\r\n\t<\/div>\t\t\t\t\t\r\n<\/div>\r\n\r\n<\/div><\/div><\/div><\/div><\/div><\/div><\/div>","protected":false},"excerpt":{"rendered":"<p>A Topografia Computadorizada da C\u00f3rnea representa um avan\u00e7o significativo na oftalmologia diagn\u00f3stica, sendo um dos exames mais precisos e informativos dispon\u00edveis. Este procedimento detalhado \u00e9 indispens\u00e1vel para o mapeamento da superf\u00edcie da c\u00f3rnea, oferecendo uma vis\u00e3o tridimensional da sua curvatura e poder refrativo. Com a capacidade de identificar irregularidades corneanas e condi\u00e7\u00f5es oftalmol\u00f3gicas com grande<\/p>\n","protected":false},"author":1,"featured_media":0,"parent":0,"menu_order":0,"comment_status":"closed","ping_status":"closed","template":"","meta":{"footnotes":""},"yoast_head":"<!-- This site is optimized with the Yoast SEO plugin v22.7 - https:\/\/yoast.com\/wordpress\/plugins\/seo\/ -->\n<title>Topografia Computadorizada da C\u00f3rnea - Hcoe - Hospital de Olhos<\/title>\n<meta name=\"robots\" content=\"index, follow, max-snippet:-1, max-image-preview:large, max-video-preview:-1\" \/>\n<link rel=\"canonical\" href=\"https:\/\/hcoe.com.br\/web\/index.php\/topografia-computadorizada-da-cornea\/\" \/>\n<meta property=\"og:locale\" content=\"pt_BR\" \/>\n<meta property=\"og:type\" content=\"article\" \/>\n<meta property=\"og:title\" content=\"Topografia Computadorizada da C\u00f3rnea - Hcoe - Hospital de Olhos\" \/>\n<meta property=\"og:description\" content=\"A Topografia Computadorizada da C\u00f3rnea representa um avan\u00e7o significativo na oftalmologia diagn\u00f3stica, sendo um dos exames mais precisos e informativos dispon\u00edveis. Este procedimento detalhado \u00e9 indispens\u00e1vel para o mapeamento da superf\u00edcie da c\u00f3rnea, oferecendo uma vis\u00e3o tridimensional da sua curvatura e poder refrativo. Com a capacidade de identificar irregularidades corneanas e condi\u00e7\u00f5es oftalmol\u00f3gicas com grande\" \/>\n<meta property=\"og:url\" content=\"https:\/\/hcoe.com.br\/web\/index.php\/topografia-computadorizada-da-cornea\/\" \/>\n<meta property=\"og:site_name\" content=\"Hcoe - Hospital de Olhos\" \/>\n<meta property=\"article:publisher\" content=\"https:\/\/www.facebook.com\/profile.php?id=61558625227187\" \/>\n<meta property=\"og:image\" content=\"https:\/\/oftalmedbrasil.com.br\/wp-content\/uploads\/2024\/03\/tpm2x.jpg\" \/>\n<meta name=\"twitter:card\" content=\"summary_large_image\" \/>\n<meta name=\"twitter:label1\" content=\"Est. tempo de leitura\" \/>\n\t<meta name=\"twitter:data1\" content=\"2 minutos\" \/>\n<script type=\"application\/ld+json\" class=\"yoast-schema-graph\">{\"@context\":\"https:\/\/schema.org\",\"@graph\":[{\"@type\":\"WebPage\",\"@id\":\"https:\/\/hcoe.com.br\/web\/index.php\/topografia-computadorizada-da-cornea\/\",\"url\":\"https:\/\/hcoe.com.br\/web\/index.php\/topografia-computadorizada-da-cornea\/\",\"name\":\"Topografia Computadorizada da C\u00f3rnea - Hcoe - Hospital de Olhos\",\"isPartOf\":{\"@id\":\"https:\/\/hcoe.com.br\/web\/#website\"},\"primaryImageOfPage\":{\"@id\":\"https:\/\/hcoe.com.br\/web\/index.php\/topografia-computadorizada-da-cornea\/#primaryimage\"},\"image\":{\"@id\":\"https:\/\/hcoe.com.br\/web\/index.php\/topografia-computadorizada-da-cornea\/#primaryimage\"},\"thumbnailUrl\":\"https:\/\/oftalmedbrasil.com.br\/wp-content\/uploads\/2024\/03\/tpm2x.jpg\",\"datePublished\":\"2024-05-09T20:21:44+00:00\",\"dateModified\":\"2024-05-09T20:21:44+00:00\",\"breadcrumb\":{\"@id\":\"https:\/\/hcoe.com.br\/web\/index.php\/topografia-computadorizada-da-cornea\/#breadcrumb\"},\"inLanguage\":\"pt-BR\",\"potentialAction\":[{\"@type\":\"ReadAction\",\"target\":[\"https:\/\/hcoe.com.br\/web\/index.php\/topografia-computadorizada-da-cornea\/\"]}]},{\"@type\":\"ImageObject\",\"inLanguage\":\"pt-BR\",\"@id\":\"https:\/\/hcoe.com.br\/web\/index.php\/topografia-computadorizada-da-cornea\/#primaryimage\",\"url\":\"https:\/\/oftalmedbrasil.com.br\/wp-content\/uploads\/2024\/03\/tpm2x.jpg\",\"contentUrl\":\"https:\/\/oftalmedbrasil.com.br\/wp-content\/uploads\/2024\/03\/tpm2x.jpg\"},{\"@type\":\"BreadcrumbList\",\"@id\":\"https:\/\/hcoe.com.br\/web\/index.php\/topografia-computadorizada-da-cornea\/#breadcrumb\",\"itemListElement\":[{\"@type\":\"ListItem\",\"position\":1,\"name\":\"In\u00edcio\",\"item\":\"https:\/\/hcoe.com.br\/web\/\"},{\"@type\":\"ListItem\",\"position\":2,\"name\":\"Topografia Computadorizada da C\u00f3rnea\"}]},{\"@type\":\"WebSite\",\"@id\":\"https:\/\/hcoe.com.br\/web\/#website\",\"url\":\"https:\/\/hcoe.com.br\/web\/\",\"name\":\"Hcoe - Hospital de Olhos\",\"description\":\"\",\"publisher\":{\"@id\":\"https:\/\/hcoe.com.br\/web\/#organization\"},\"potentialAction\":[{\"@type\":\"SearchAction\",\"target\":{\"@type\":\"EntryPoint\",\"urlTemplate\":\"https:\/\/hcoe.com.br\/web\/?s={search_term_string}\"},\"query-input\":\"required name=search_term_string\"}],\"inLanguage\":\"pt-BR\"},{\"@type\":\"Organization\",\"@id\":\"https:\/\/hcoe.com.br\/web\/#organization\",\"name\":\"Hcoe - Hospital de Olhos\",\"url\":\"https:\/\/hcoe.com.br\/web\/\",\"logo\":{\"@type\":\"ImageObject\",\"inLanguage\":\"pt-BR\",\"@id\":\"https:\/\/hcoe.com.br\/web\/#\/schema\/logo\/image\/\",\"url\":\"https:\/\/hcoe.com.br\/web\/wp-content\/uploads\/2024\/05\/Logo-Vetor.png\",\"contentUrl\":\"https:\/\/hcoe.com.br\/web\/wp-content\/uploads\/2024\/05\/Logo-Vetor.png\",\"width\":2624,\"height\":836,\"caption\":\"Hcoe - Hospital de Olhos\"},\"image\":{\"@id\":\"https:\/\/hcoe.com.br\/web\/#\/schema\/logo\/image\/\"},\"sameAs\":[\"https:\/\/www.facebook.com\/profile.php?id=61558625227187\",\"https:\/\/www.instagram.com\/hcoehospitaldeolhos\/\"]}]}<\/script>\n<!-- \/ Yoast SEO plugin. -->","yoast_head_json":{"title":"Topografia Computadorizada da C\u00f3rnea - Hcoe - Hospital de Olhos","robots":{"index":"index","follow":"follow","max-snippet":"max-snippet:-1","max-image-preview":"max-image-preview:large","max-video-preview":"max-video-preview:-1"},"canonical":"https:\/\/hcoe.com.br\/web\/index.php\/topografia-computadorizada-da-cornea\/","og_locale":"pt_BR","og_type":"article","og_title":"Topografia Computadorizada da C\u00f3rnea - Hcoe - Hospital de Olhos","og_description":"A Topografia Computadorizada da C\u00f3rnea representa um avan\u00e7o significativo na oftalmologia diagn\u00f3stica, sendo um dos exames mais precisos e informativos dispon\u00edveis. Este procedimento detalhado \u00e9 indispens\u00e1vel para o mapeamento da superf\u00edcie da c\u00f3rnea, oferecendo uma vis\u00e3o tridimensional da sua curvatura e poder refrativo. Com a capacidade de identificar irregularidades corneanas e condi\u00e7\u00f5es oftalmol\u00f3gicas com grande","og_url":"https:\/\/hcoe.com.br\/web\/index.php\/topografia-computadorizada-da-cornea\/","og_site_name":"Hcoe - Hospital de Olhos","article_publisher":"https:\/\/www.facebook.com\/profile.php?id=61558625227187","og_image":[{"url":"https:\/\/oftalmedbrasil.com.br\/wp-content\/uploads\/2024\/03\/tpm2x.jpg"}],"twitter_card":"summary_large_image","twitter_misc":{"Est. tempo de leitura":"2 minutos"},"schema":{"@context":"https:\/\/schema.org","@graph":[{"@type":"WebPage","@id":"https:\/\/hcoe.com.br\/web\/index.php\/topografia-computadorizada-da-cornea\/","url":"https:\/\/hcoe.com.br\/web\/index.php\/topografia-computadorizada-da-cornea\/","name":"Topografia Computadorizada da C\u00f3rnea - Hcoe - Hospital de Olhos","isPartOf":{"@id":"https:\/\/hcoe.com.br\/web\/#website"},"primaryImageOfPage":{"@id":"https:\/\/hcoe.com.br\/web\/index.php\/topografia-computadorizada-da-cornea\/#primaryimage"},"image":{"@id":"https:\/\/hcoe.com.br\/web\/index.php\/topografia-computadorizada-da-cornea\/#primaryimage"},"thumbnailUrl":"https:\/\/oftalmedbrasil.com.br\/wp-content\/uploads\/2024\/03\/tpm2x.jpg","datePublished":"2024-05-09T20:21:44+00:00","dateModified":"2024-05-09T20:21:44+00:00","breadcrumb":{"@id":"https:\/\/hcoe.com.br\/web\/index.php\/topografia-computadorizada-da-cornea\/#breadcrumb"},"inLanguage":"pt-BR","potentialAction":[{"@type":"ReadAction","target":["https:\/\/hcoe.com.br\/web\/index.php\/topografia-computadorizada-da-cornea\/"]}]},{"@type":"ImageObject","inLanguage":"pt-BR","@id":"https:\/\/hcoe.com.br\/web\/index.php\/topografia-computadorizada-da-cornea\/#primaryimage","url":"https:\/\/oftalmedbrasil.com.br\/wp-content\/uploads\/2024\/03\/tpm2x.jpg","contentUrl":"https:\/\/oftalmedbrasil.com.br\/wp-content\/uploads\/2024\/03\/tpm2x.jpg"},{"@type":"BreadcrumbList","@id":"https:\/\/hcoe.com.br\/web\/index.php\/topografia-computadorizada-da-cornea\/#breadcrumb","itemListElement":[{"@type":"ListItem","position":1,"name":"In\u00edcio","item":"https:\/\/hcoe.com.br\/web\/"},{"@type":"ListItem","position":2,"name":"Topografia Computadorizada da C\u00f3rnea"}]},{"@type":"WebSite","@id":"https:\/\/hcoe.com.br\/web\/#website","url":"https:\/\/hcoe.com.br\/web\/","name":"Hcoe - Hospital de Olhos","description":"","publisher":{"@id":"https:\/\/hcoe.com.br\/web\/#organization"},"potentialAction":[{"@type":"SearchAction","target":{"@type":"EntryPoint","urlTemplate":"https:\/\/hcoe.com.br\/web\/?s={search_term_string}"},"query-input":"required name=search_term_string"}],"inLanguage":"pt-BR"},{"@type":"Organization","@id":"https:\/\/hcoe.com.br\/web\/#organization","name":"Hcoe - Hospital de Olhos","url":"https:\/\/hcoe.com.br\/web\/","logo":{"@type":"ImageObject","inLanguage":"pt-BR","@id":"https:\/\/hcoe.com.br\/web\/#\/schema\/logo\/image\/","url":"https:\/\/hcoe.com.br\/web\/wp-content\/uploads\/2024\/05\/Logo-Vetor.png","contentUrl":"https:\/\/hcoe.com.br\/web\/wp-content\/uploads\/2024\/05\/Logo-Vetor.png","width":2624,"height":836,"caption":"Hcoe - Hospital de Olhos"},"image":{"@id":"https:\/\/hcoe.com.br\/web\/#\/schema\/logo\/image\/"},"sameAs":["https:\/\/www.facebook.com\/profile.php?id=61558625227187","https:\/\/www.instagram.com\/hcoehospitaldeolhos\/"]}]}},"_links":{"self":[{"href":"https:\/\/hcoe.com.br\/web\/index.php\/wp-json\/wp\/v2\/pages\/3503"}],"collection":[{"href":"https:\/\/hcoe.com.br\/web\/index.php\/wp-json\/wp\/v2\/pages"}],"about":[{"href":"https:\/\/hcoe.com.br\/web\/index.php\/wp-json\/wp\/v2\/types\/page"}],"author":[{"embeddable":true,"href":"https:\/\/hcoe.com.br\/web\/index.php\/wp-json\/wp\/v2\/users\/1"}],"replies":[{"embeddable":true,"href":"https:\/\/hcoe.com.br\/web\/index.php\/wp-json\/wp\/v2\/comments?post=3503"}],"version-history":[{"count":1,"href":"https:\/\/hcoe.com.br\/web\/index.php\/wp-json\/wp\/v2\/pages\/3503\/revisions"}],"predecessor-version":[{"id":3504,"href":"https:\/\/hcoe.com.br\/web\/index.php\/wp-json\/wp\/v2\/pages\/3503\/revisions\/3504"}],"wp:attachment":[{"href":"https:\/\/hcoe.com.br\/web\/index.php\/wp-json\/wp\/v2\/media?parent=3503"}],"curies":[{"name":"wp","href":"https:\/\/api.w.org\/{rel}","templated":true}]}}