{"id":3482,"date":"2024-05-09T17:02:47","date_gmt":"2024-05-09T20:02:47","guid":{"rendered":"https:\/\/hcoe.com.br\/web\/?page_id=3482"},"modified":"2024-05-09T17:02:47","modified_gmt":"2024-05-09T20:02:47","slug":"retinografia-colorida","status":"publish","type":"page","link":"https:\/\/hcoe.com.br\/web\/index.php\/retinografia-colorida\/","title":{"rendered":"Retinografia Colorida"},"content":{"rendered":"<div id=\"pl-3482\"  class=\"panel-layout\" ><div id=\"pg-3482-0\"  class=\"panel-grid panel-has-style\" ><div class=\"divider-no-animation tablet-default mobile-default desktop-default custom panel-row-style panel-row-style-for-3482-0\" ><div id=\"pgc-3482-0-0\"  class=\"panel-grid-cell\" ><div id=\"panel-3482-0-0-0\" class=\"so-panel widget widget_sow-editor panel-first-child panel-last-child\" data-index=\"0\" ><div class=\"orion panel-widget-style panel-widget-style-for-3482-0-0-0\" ><div\n\t\t\t\n\t\t\tclass=\"so-widget-sow-editor so-widget-sow-editor-base\"\n\t\t\t\n\t\t>\n<div class=\"siteorigin-widget-tinymce textwidget\">\n\t<p style=\"text-align: justify;\"><img loading=\"lazy\" decoding=\"async\" class=\"size-full wp-image-9016 aligncenter\" src=\"https:\/\/oftalmedbrasil.com.br\/wp-content\/uploads\/2024\/03\/rc23.jpg\" alt=\"\" width=\"300\" height=\"200\" \/><\/p>\n<p style=\"text-align: justify;\">A Retinografia Colorida \u00e9 um exame oftalmol\u00f3gico avan\u00e7ado e de vital import\u00e2ncia para captar imagens detalhadas da retina, do disco \u00f3ptico e dos vasos sangu\u00edneos. Esse procedimento n\u00e3o invasivo \u00e9 essencial para o diagn\u00f3stico, monitoramento e planejamento terap\u00eautico de uma ampla gama de doen\u00e7as oculares, incluindo retinopatia diab\u00e9tica, degenera\u00e7\u00e3o macular, glaucoma, e outras condi\u00e7\u00f5es retinianas que podem afetar significativamente a vis\u00e3o.<\/p>\n<p style=\"text-align: justify;\">A retinografia colorida permite aos oftalmologistas visualizar e documentar o estado atual do fundo do olho com grande precis\u00e3o e detalhe. As imagens coloridas de alta resolu\u00e7\u00e3o obtidas por este exame s\u00e3o fundamentais para identificar altera\u00e7\u00f5es e patologias na retina, possibilitando uma compara\u00e7\u00e3o ao longo do tempo para avaliar a progress\u00e3o da doen\u00e7a ou a resposta ao tratamento.<\/p>\n<p style=\"text-align: justify;\">O exame de retinografia colorida \u00e9 realizado utilizando equipamento de imagem digital de \u00faltima gera\u00e7\u00e3o. O processo \u00e9 r\u00e1pido, seguro e confort\u00e1vel para o paciente. Geralmente, o procedimento envolve a dilata\u00e7\u00e3o das pupilas com col\u00edrios para proporcionar uma vis\u00e3o clara e abrangente do fundo do olho. Uma vez dilatadas, a c\u00e2mera especializada capta imagens detalhadas da retina, que s\u00e3o imediatamente disponibilizadas para an\u00e1lise pelo oftalmologista.<\/p>\n<p style=\"text-align: justify;\">Al\u00e9m de seu papel crucial no diagn\u00f3stico e monitoramento de doen\u00e7as, a retinografia colorida \u00e9 uma ferramenta indispens\u00e1vel no planejamento de tratamentos oftalmol\u00f3gicos, incluindo terapias com laser e inje\u00e7\u00f5es intraoculares. As imagens detalhadas fornecem uma base para decis\u00f5es terap\u00eauticas informadas, permitindo tratamentos mais precisos e personalizados.<\/p>\n<p style=\"text-align: justify;\">Para mais informa\u00e7\u00f5es sobre o exame de retinografia colorida ou para agendar uma cons.ulta Nossa equipe de profissionais est\u00e1 \u00e0 disposi\u00e7\u00e3o para fornecer cuidados especializados, ajudando voc\u00ea a preservar sua vis\u00e3o com a mais tecnologia de ponta diagn\u00f3stica dispon\u00edvel.<\/p>\n<\/div>\n<\/div><\/div><\/div><\/div><div id=\"pgc-3482-0-1\"  class=\"panel-grid-cell\" ><div id=\"panel-3482-0-1-0\" class=\"so-panel widget widget_orion_image_w panel-first-child panel-last-child\" data-index=\"1\" ><div class=\"orion custom default panel-widget-style panel-widget-style-for-3482-0-1-0\" ><div\n\t\t\t\n\t\t\tclass=\"so-widget-orion_image_w so-widget-orion_image_w-base\"\n\t\t\t\n\t\t>\r\n<div class=\"image-w relative\">\r\n\r\n\t\t\t\t\t\t\t<a class=\" overlay-none overlay-hover-none\" href=\"https:\/\/api.whatsapp.com\/send\/?phone=5575981319113&#038;text&#038;type=phone_number&#038;app_absent=0\">\r\n\t\t\r\n\t\t\t\t\t<img loading=\"lazy\" decoding=\"async\" width=\"1300\" height=\"1300\" src=\"https:\/\/hcoe.com.br\/web\/wp-content\/uploads\/2024\/05\/4343ttretyryjgmjh7iuyf.jpg\" class=\"attachment- size-\" alt=\"\" \/>\t\t\t<div class=\"overlay\"><\/div>\r\n\t\t\r\n\t\t\t\t\t<\/a>\r\n\t\t\t\r\n\t\r\n\t<div class=\"absolute\">\r\n\t\t<div class=\"hover-desc table-wrap\">\r\n\t\t\t<div class=\"cell-wrap\">\r\n\t\t\t\t<h4 class=\"text-light\"><\/h4>\r\n\t\t\t<\/div>\r\n\t\t<\/div>\r\n\t<\/div>\t\t\t\t\t\r\n<\/div>\r\n\r\n<\/div><\/div><\/div><\/div><\/div><\/div><\/div>","protected":false},"excerpt":{"rendered":"<p>A Retinografia Colorida \u00e9 um exame oftalmol\u00f3gico avan\u00e7ado e de vital import\u00e2ncia para captar imagens detalhadas da retina, do disco \u00f3ptico e dos vasos sangu\u00edneos. Esse procedimento n\u00e3o invasivo \u00e9 essencial para o diagn\u00f3stico, monitoramento e planejamento terap\u00eautico de uma ampla gama de doen\u00e7as oculares, incluindo retinopatia diab\u00e9tica, degenera\u00e7\u00e3o macular, glaucoma, e outras condi\u00e7\u00f5es retinianas<\/p>\n","protected":false},"author":1,"featured_media":0,"parent":0,"menu_order":0,"comment_status":"closed","ping_status":"closed","template":"","meta":{"footnotes":""},"yoast_head":"<!-- This site is optimized with the Yoast SEO plugin v22.7 - https:\/\/yoast.com\/wordpress\/plugins\/seo\/ -->\n<title>Retinografia Colorida - Hcoe - Hospital de Olhos<\/title>\n<meta name=\"robots\" content=\"index, follow, max-snippet:-1, max-image-preview:large, max-video-preview:-1\" \/>\n<link rel=\"canonical\" href=\"https:\/\/hcoe.com.br\/web\/index.php\/retinografia-colorida\/\" \/>\n<meta property=\"og:locale\" content=\"pt_BR\" \/>\n<meta property=\"og:type\" content=\"article\" \/>\n<meta property=\"og:title\" content=\"Retinografia Colorida - Hcoe - Hospital de Olhos\" \/>\n<meta property=\"og:description\" content=\"A Retinografia Colorida \u00e9 um exame oftalmol\u00f3gico avan\u00e7ado e de vital import\u00e2ncia para captar imagens detalhadas da retina, do disco \u00f3ptico e dos vasos sangu\u00edneos. Esse procedimento n\u00e3o invasivo \u00e9 essencial para o diagn\u00f3stico, monitoramento e planejamento terap\u00eautico de uma ampla gama de doen\u00e7as oculares, incluindo retinopatia diab\u00e9tica, degenera\u00e7\u00e3o macular, glaucoma, e outras condi\u00e7\u00f5es retinianas\" \/>\n<meta property=\"og:url\" content=\"https:\/\/hcoe.com.br\/web\/index.php\/retinografia-colorida\/\" \/>\n<meta property=\"og:site_name\" content=\"Hcoe - Hospital de Olhos\" \/>\n<meta property=\"article:publisher\" content=\"https:\/\/www.facebook.com\/profile.php?id=61558625227187\" \/>\n<meta property=\"og:image\" content=\"https:\/\/oftalmedbrasil.com.br\/wp-content\/uploads\/2024\/03\/rc23.jpg\" \/>\n<meta name=\"twitter:card\" content=\"summary_large_image\" \/>\n<meta name=\"twitter:label1\" content=\"Est. tempo de leitura\" \/>\n\t<meta name=\"twitter:data1\" content=\"2 minutos\" \/>\n<script type=\"application\/ld+json\" class=\"yoast-schema-graph\">{\"@context\":\"https:\/\/schema.org\",\"@graph\":[{\"@type\":\"WebPage\",\"@id\":\"https:\/\/hcoe.com.br\/web\/index.php\/retinografia-colorida\/\",\"url\":\"https:\/\/hcoe.com.br\/web\/index.php\/retinografia-colorida\/\",\"name\":\"Retinografia Colorida - Hcoe - Hospital de Olhos\",\"isPartOf\":{\"@id\":\"https:\/\/hcoe.com.br\/web\/#website\"},\"primaryImageOfPage\":{\"@id\":\"https:\/\/hcoe.com.br\/web\/index.php\/retinografia-colorida\/#primaryimage\"},\"image\":{\"@id\":\"https:\/\/hcoe.com.br\/web\/index.php\/retinografia-colorida\/#primaryimage\"},\"thumbnailUrl\":\"https:\/\/oftalmedbrasil.com.br\/wp-content\/uploads\/2024\/03\/rc23.jpg\",\"datePublished\":\"2024-05-09T20:02:47+00:00\",\"dateModified\":\"2024-05-09T20:02:47+00:00\",\"breadcrumb\":{\"@id\":\"https:\/\/hcoe.com.br\/web\/index.php\/retinografia-colorida\/#breadcrumb\"},\"inLanguage\":\"pt-BR\",\"potentialAction\":[{\"@type\":\"ReadAction\",\"target\":[\"https:\/\/hcoe.com.br\/web\/index.php\/retinografia-colorida\/\"]}]},{\"@type\":\"ImageObject\",\"inLanguage\":\"pt-BR\",\"@id\":\"https:\/\/hcoe.com.br\/web\/index.php\/retinografia-colorida\/#primaryimage\",\"url\":\"https:\/\/oftalmedbrasil.com.br\/wp-content\/uploads\/2024\/03\/rc23.jpg\",\"contentUrl\":\"https:\/\/oftalmedbrasil.com.br\/wp-content\/uploads\/2024\/03\/rc23.jpg\"},{\"@type\":\"BreadcrumbList\",\"@id\":\"https:\/\/hcoe.com.br\/web\/index.php\/retinografia-colorida\/#breadcrumb\",\"itemListElement\":[{\"@type\":\"ListItem\",\"position\":1,\"name\":\"In\u00edcio\",\"item\":\"https:\/\/hcoe.com.br\/web\/\"},{\"@type\":\"ListItem\",\"position\":2,\"name\":\"Retinografia Colorida\"}]},{\"@type\":\"WebSite\",\"@id\":\"https:\/\/hcoe.com.br\/web\/#website\",\"url\":\"https:\/\/hcoe.com.br\/web\/\",\"name\":\"Hcoe - Hospital de Olhos\",\"description\":\"\",\"publisher\":{\"@id\":\"https:\/\/hcoe.com.br\/web\/#organization\"},\"potentialAction\":[{\"@type\":\"SearchAction\",\"target\":{\"@type\":\"EntryPoint\",\"urlTemplate\":\"https:\/\/hcoe.com.br\/web\/?s={search_term_string}\"},\"query-input\":\"required name=search_term_string\"}],\"inLanguage\":\"pt-BR\"},{\"@type\":\"Organization\",\"@id\":\"https:\/\/hcoe.com.br\/web\/#organization\",\"name\":\"Hcoe - Hospital de Olhos\",\"url\":\"https:\/\/hcoe.com.br\/web\/\",\"logo\":{\"@type\":\"ImageObject\",\"inLanguage\":\"pt-BR\",\"@id\":\"https:\/\/hcoe.com.br\/web\/#\/schema\/logo\/image\/\",\"url\":\"https:\/\/hcoe.com.br\/web\/wp-content\/uploads\/2024\/05\/Logo-Vetor.png\",\"contentUrl\":\"https:\/\/hcoe.com.br\/web\/wp-content\/uploads\/2024\/05\/Logo-Vetor.png\",\"width\":2624,\"height\":836,\"caption\":\"Hcoe - Hospital de Olhos\"},\"image\":{\"@id\":\"https:\/\/hcoe.com.br\/web\/#\/schema\/logo\/image\/\"},\"sameAs\":[\"https:\/\/www.facebook.com\/profile.php?id=61558625227187\",\"https:\/\/www.instagram.com\/hcoehospitaldeolhos\/\"]}]}<\/script>\n<!-- \/ Yoast SEO plugin. -->","yoast_head_json":{"title":"Retinografia Colorida - Hcoe - Hospital de Olhos","robots":{"index":"index","follow":"follow","max-snippet":"max-snippet:-1","max-image-preview":"max-image-preview:large","max-video-preview":"max-video-preview:-1"},"canonical":"https:\/\/hcoe.com.br\/web\/index.php\/retinografia-colorida\/","og_locale":"pt_BR","og_type":"article","og_title":"Retinografia Colorida - Hcoe - Hospital de Olhos","og_description":"A Retinografia Colorida \u00e9 um exame oftalmol\u00f3gico avan\u00e7ado e de vital import\u00e2ncia para captar imagens detalhadas da retina, do disco \u00f3ptico e dos vasos sangu\u00edneos. Esse procedimento n\u00e3o invasivo \u00e9 essencial para o diagn\u00f3stico, monitoramento e planejamento terap\u00eautico de uma ampla gama de doen\u00e7as oculares, incluindo retinopatia diab\u00e9tica, degenera\u00e7\u00e3o macular, glaucoma, e outras condi\u00e7\u00f5es retinianas","og_url":"https:\/\/hcoe.com.br\/web\/index.php\/retinografia-colorida\/","og_site_name":"Hcoe - Hospital de Olhos","article_publisher":"https:\/\/www.facebook.com\/profile.php?id=61558625227187","og_image":[{"url":"https:\/\/oftalmedbrasil.com.br\/wp-content\/uploads\/2024\/03\/rc23.jpg"}],"twitter_card":"summary_large_image","twitter_misc":{"Est. tempo de leitura":"2 minutos"},"schema":{"@context":"https:\/\/schema.org","@graph":[{"@type":"WebPage","@id":"https:\/\/hcoe.com.br\/web\/index.php\/retinografia-colorida\/","url":"https:\/\/hcoe.com.br\/web\/index.php\/retinografia-colorida\/","name":"Retinografia Colorida - Hcoe - Hospital de Olhos","isPartOf":{"@id":"https:\/\/hcoe.com.br\/web\/#website"},"primaryImageOfPage":{"@id":"https:\/\/hcoe.com.br\/web\/index.php\/retinografia-colorida\/#primaryimage"},"image":{"@id":"https:\/\/hcoe.com.br\/web\/index.php\/retinografia-colorida\/#primaryimage"},"thumbnailUrl":"https:\/\/oftalmedbrasil.com.br\/wp-content\/uploads\/2024\/03\/rc23.jpg","datePublished":"2024-05-09T20:02:47+00:00","dateModified":"2024-05-09T20:02:47+00:00","breadcrumb":{"@id":"https:\/\/hcoe.com.br\/web\/index.php\/retinografia-colorida\/#breadcrumb"},"inLanguage":"pt-BR","potentialAction":[{"@type":"ReadAction","target":["https:\/\/hcoe.com.br\/web\/index.php\/retinografia-colorida\/"]}]},{"@type":"ImageObject","inLanguage":"pt-BR","@id":"https:\/\/hcoe.com.br\/web\/index.php\/retinografia-colorida\/#primaryimage","url":"https:\/\/oftalmedbrasil.com.br\/wp-content\/uploads\/2024\/03\/rc23.jpg","contentUrl":"https:\/\/oftalmedbrasil.com.br\/wp-content\/uploads\/2024\/03\/rc23.jpg"},{"@type":"BreadcrumbList","@id":"https:\/\/hcoe.com.br\/web\/index.php\/retinografia-colorida\/#breadcrumb","itemListElement":[{"@type":"ListItem","position":1,"name":"In\u00edcio","item":"https:\/\/hcoe.com.br\/web\/"},{"@type":"ListItem","position":2,"name":"Retinografia Colorida"}]},{"@type":"WebSite","@id":"https:\/\/hcoe.com.br\/web\/#website","url":"https:\/\/hcoe.com.br\/web\/","name":"Hcoe - Hospital de Olhos","description":"","publisher":{"@id":"https:\/\/hcoe.com.br\/web\/#organization"},"potentialAction":[{"@type":"SearchAction","target":{"@type":"EntryPoint","urlTemplate":"https:\/\/hcoe.com.br\/web\/?s={search_term_string}"},"query-input":"required name=search_term_string"}],"inLanguage":"pt-BR"},{"@type":"Organization","@id":"https:\/\/hcoe.com.br\/web\/#organization","name":"Hcoe - Hospital de Olhos","url":"https:\/\/hcoe.com.br\/web\/","logo":{"@type":"ImageObject","inLanguage":"pt-BR","@id":"https:\/\/hcoe.com.br\/web\/#\/schema\/logo\/image\/","url":"https:\/\/hcoe.com.br\/web\/wp-content\/uploads\/2024\/05\/Logo-Vetor.png","contentUrl":"https:\/\/hcoe.com.br\/web\/wp-content\/uploads\/2024\/05\/Logo-Vetor.png","width":2624,"height":836,"caption":"Hcoe - Hospital de Olhos"},"image":{"@id":"https:\/\/hcoe.com.br\/web\/#\/schema\/logo\/image\/"},"sameAs":["https:\/\/www.facebook.com\/profile.php?id=61558625227187","https:\/\/www.instagram.com\/hcoehospitaldeolhos\/"]}]}},"_links":{"self":[{"href":"https:\/\/hcoe.com.br\/web\/index.php\/wp-json\/wp\/v2\/pages\/3482"}],"collection":[{"href":"https:\/\/hcoe.com.br\/web\/index.php\/wp-json\/wp\/v2\/pages"}],"about":[{"href":"https:\/\/hcoe.com.br\/web\/index.php\/wp-json\/wp\/v2\/types\/page"}],"author":[{"embeddable":true,"href":"https:\/\/hcoe.com.br\/web\/index.php\/wp-json\/wp\/v2\/users\/1"}],"replies":[{"embeddable":true,"href":"https:\/\/hcoe.com.br\/web\/index.php\/wp-json\/wp\/v2\/comments?post=3482"}],"version-history":[{"count":1,"href":"https:\/\/hcoe.com.br\/web\/index.php\/wp-json\/wp\/v2\/pages\/3482\/revisions"}],"predecessor-version":[{"id":3483,"href":"https:\/\/hcoe.com.br\/web\/index.php\/wp-json\/wp\/v2\/pages\/3482\/revisions\/3483"}],"wp:attachment":[{"href":"https:\/\/hcoe.com.br\/web\/index.php\/wp-json\/wp\/v2\/media?parent=3482"}],"curies":[{"name":"wp","href":"https:\/\/api.w.org\/{rel}","templated":true}]}}