{"id":3480,"date":"2024-05-09T17:00:51","date_gmt":"2024-05-09T20:00:51","guid":{"rendered":"https:\/\/hcoe.com.br\/web\/?page_id=3480"},"modified":"2024-05-09T17:00:51","modified_gmt":"2024-05-09T20:00:51","slug":"refracao","status":"publish","type":"page","link":"https:\/\/hcoe.com.br\/web\/index.php\/refracao\/","title":{"rendered":"Refra\u00e7\u00e3o"},"content":{"rendered":"<div id=\"pl-3480\"  class=\"panel-layout\" ><div id=\"pg-3480-0\"  class=\"panel-grid panel-has-style\" ><div class=\"divider-no-animation tablet-default mobile-default desktop-default custom panel-row-style panel-row-style-for-3480-0\" ><div id=\"pgc-3480-0-0\"  class=\"panel-grid-cell\" ><div id=\"panel-3480-0-0-0\" class=\"so-panel widget widget_sow-editor panel-first-child panel-last-child\" data-index=\"0\" ><div class=\"orion panel-widget-style panel-widget-style-for-3480-0-0-0\" ><div\n\t\t\t\n\t\t\tclass=\"so-widget-sow-editor so-widget-sow-editor-base\"\n\t\t\t\n\t\t>\n<div class=\"siteorigin-widget-tinymce textwidget\">\n\t<p style=\"text-align: justify;\"><img loading=\"lazy\" decoding=\"async\" class=\"size-full wp-image-9009 aligncenter\" src=\"https:\/\/oftalmedbrasil.com.br\/wp-content\/uploads\/2024\/03\/rfc.jpg\" alt=\"\" width=\"300\" height=\"200\" \/><\/p>\n<p style=\"text-align: justify;\">O exame de Refra\u00e7\u00e3o \u00e9 um procedimento oftalmol\u00f3gico destinado a determinar a prescri\u00e7\u00e3o exata de \u00f3culos ou lentes de contato para nossos pacientes. Esse exame \u00e9 essencial para identificar erros de refra\u00e7\u00e3o, como miopia, hipermetropia, astigmatismo e presbiopia, que s\u00e3o condi\u00e7\u00f5es comuns que afetam a qualidade da vis\u00e3o.<\/p>\n<p style=\"text-align: justify;\">A refra\u00e7\u00e3o \u00e9 o processo pelo qual os raios de luz s\u00e3o dobrados (refratados) pelo globo ocular, incluindo a c\u00f3rnea e o cristalino, para formar uma imagem na retina. Quando existe um erro de refra\u00e7\u00e3o, a imagem n\u00e3o \u00e9 formada corretamente na retina, resultando em vis\u00e3o emba\u00e7ada ou distorcida. O objetivo do exame de refra\u00e7\u00e3o \u00e9 medir precisamente como os raios de luz s\u00e3o refratados pelo olho e determinar a corre\u00e7\u00e3o \u00f3ptica necess\u00e1ria para alcan\u00e7ar a vis\u00e3o mais clara poss\u00edvel.<\/p>\n<p style=\"text-align: justify;\">Utilizamos equipamentos avan\u00e7ados e t\u00e9cnicas precisas para realizar o exame de refra\u00e7\u00e3o. O processo come\u00e7a com a avalia\u00e7\u00e3o da acuidade visual do paciente, onde ele \u00e9 solicitado a ler letras de v\u00e1rios tamanhos em uma tabela de teste. Em seguida, nossos oftalmologistas utilizam um instrumento chamado retinosc\u00f3pio para observar como a luz reflete a partir da retina. Com base nessa observa\u00e7\u00e3o, s\u00e3o feitos ajustes graduais com lentes de diferentes graus para determinar a combina\u00e7\u00e3o que proporciona a melhor vis\u00e3o poss\u00edvel para o paciente.<\/p>\n<p style=\"text-align: justify;\">O exame de refra\u00e7\u00e3o \u00e9 vital para todos que buscam uma solu\u00e7\u00e3o para problemas de vis\u00e3o decorrentes de erros de refra\u00e7\u00e3o. \u00c9 especialmente importante para crian\u00e7as em idade escolar, idosos, e para aqueles que experienciam mudan\u00e7as na vis\u00e3o, garantindo que tenham a corre\u00e7\u00e3o necess\u00e1ria para uma vis\u00e3o clara e confort\u00e1vel.<\/p>\n<p style=\"text-align: justify;\">Para mais informa\u00e7\u00f5es sobre o exame de refra\u00e7\u00e3o, entre em contato. Nossa equipe est\u00e1 pronta para oferecer a voc\u00ea um atendimento excepcional e ajud\u00e1-lo a ver o mundo com maior clareza e conforto.<\/p>\n<\/div>\n<\/div><\/div><\/div><\/div><div id=\"pgc-3480-0-1\"  class=\"panel-grid-cell\" ><div id=\"panel-3480-0-1-0\" class=\"so-panel widget widget_orion_image_w panel-first-child panel-last-child\" data-index=\"1\" ><div class=\"orion custom default panel-widget-style panel-widget-style-for-3480-0-1-0\" ><div\n\t\t\t\n\t\t\tclass=\"so-widget-orion_image_w so-widget-orion_image_w-base\"\n\t\t\t\n\t\t>\r\n<div class=\"image-w relative\">\r\n\r\n\t\t\t\t\t\t\t<a class=\" overlay-none overlay-hover-none\" href=\"https:\/\/api.whatsapp.com\/send\/?phone=5575981319113&#038;text&#038;type=phone_number&#038;app_absent=0\">\r\n\t\t\r\n\t\t\t\t\t<img loading=\"lazy\" decoding=\"async\" width=\"1300\" height=\"1300\" src=\"https:\/\/hcoe.com.br\/web\/wp-content\/uploads\/2024\/05\/4343ttretyryjgmjh7iuyf.jpg\" class=\"attachment- size-\" alt=\"\" \/>\t\t\t<div class=\"overlay\"><\/div>\r\n\t\t\r\n\t\t\t\t\t<\/a>\r\n\t\t\t\r\n\t\r\n\t<div class=\"absolute\">\r\n\t\t<div class=\"hover-desc table-wrap\">\r\n\t\t\t<div class=\"cell-wrap\">\r\n\t\t\t\t<h4 class=\"text-light\"><\/h4>\r\n\t\t\t<\/div>\r\n\t\t<\/div>\r\n\t<\/div>\t\t\t\t\t\r\n<\/div>\r\n\r\n<\/div><\/div><\/div><\/div><\/div><\/div><\/div>","protected":false},"excerpt":{"rendered":"<p>O exame de Refra\u00e7\u00e3o \u00e9 um procedimento oftalmol\u00f3gico destinado a determinar a prescri\u00e7\u00e3o exata de \u00f3culos ou lentes de contato para nossos pacientes. Esse exame \u00e9 essencial para identificar erros de refra\u00e7\u00e3o, como miopia, hipermetropia, astigmatismo e presbiopia, que s\u00e3o condi\u00e7\u00f5es comuns que afetam a qualidade da vis\u00e3o.A refra\u00e7\u00e3o \u00e9 o processo pelo qual os<\/p>\n","protected":false},"author":1,"featured_media":0,"parent":0,"menu_order":0,"comment_status":"closed","ping_status":"closed","template":"","meta":{"footnotes":""},"yoast_head":"<!-- This site is optimized with the Yoast SEO plugin v22.7 - https:\/\/yoast.com\/wordpress\/plugins\/seo\/ -->\n<title>Refra\u00e7\u00e3o - Hcoe - Hospital de Olhos<\/title>\n<meta name=\"robots\" content=\"index, follow, max-snippet:-1, max-image-preview:large, max-video-preview:-1\" \/>\n<link rel=\"canonical\" href=\"https:\/\/hcoe.com.br\/web\/index.php\/refracao\/\" \/>\n<meta property=\"og:locale\" content=\"pt_BR\" \/>\n<meta property=\"og:type\" content=\"article\" \/>\n<meta property=\"og:title\" content=\"Refra\u00e7\u00e3o - Hcoe - Hospital de Olhos\" \/>\n<meta property=\"og:description\" content=\"O exame de Refra\u00e7\u00e3o \u00e9 um procedimento oftalmol\u00f3gico destinado a determinar a prescri\u00e7\u00e3o exata de \u00f3culos ou lentes de contato para nossos pacientes. Esse exame \u00e9 essencial para identificar erros de refra\u00e7\u00e3o, como miopia, hipermetropia, astigmatismo e presbiopia, que s\u00e3o condi\u00e7\u00f5es comuns que afetam a qualidade da vis\u00e3o.A refra\u00e7\u00e3o \u00e9 o processo pelo qual os\" \/>\n<meta property=\"og:url\" content=\"https:\/\/hcoe.com.br\/web\/index.php\/refracao\/\" \/>\n<meta property=\"og:site_name\" content=\"Hcoe - Hospital de Olhos\" \/>\n<meta property=\"article:publisher\" content=\"https:\/\/www.facebook.com\/profile.php?id=61558625227187\" \/>\n<meta property=\"og:image\" content=\"https:\/\/oftalmedbrasil.com.br\/wp-content\/uploads\/2024\/03\/rfc.jpg\" \/>\n<meta name=\"twitter:card\" content=\"summary_large_image\" \/>\n<meta name=\"twitter:label1\" content=\"Est. tempo de leitura\" \/>\n\t<meta name=\"twitter:data1\" content=\"2 minutos\" \/>\n<script type=\"application\/ld+json\" class=\"yoast-schema-graph\">{\"@context\":\"https:\/\/schema.org\",\"@graph\":[{\"@type\":\"WebPage\",\"@id\":\"https:\/\/hcoe.com.br\/web\/index.php\/refracao\/\",\"url\":\"https:\/\/hcoe.com.br\/web\/index.php\/refracao\/\",\"name\":\"Refra\u00e7\u00e3o - Hcoe - Hospital de Olhos\",\"isPartOf\":{\"@id\":\"https:\/\/hcoe.com.br\/web\/#website\"},\"primaryImageOfPage\":{\"@id\":\"https:\/\/hcoe.com.br\/web\/index.php\/refracao\/#primaryimage\"},\"image\":{\"@id\":\"https:\/\/hcoe.com.br\/web\/index.php\/refracao\/#primaryimage\"},\"thumbnailUrl\":\"https:\/\/oftalmedbrasil.com.br\/wp-content\/uploads\/2024\/03\/rfc.jpg\",\"datePublished\":\"2024-05-09T20:00:51+00:00\",\"dateModified\":\"2024-05-09T20:00:51+00:00\",\"breadcrumb\":{\"@id\":\"https:\/\/hcoe.com.br\/web\/index.php\/refracao\/#breadcrumb\"},\"inLanguage\":\"pt-BR\",\"potentialAction\":[{\"@type\":\"ReadAction\",\"target\":[\"https:\/\/hcoe.com.br\/web\/index.php\/refracao\/\"]}]},{\"@type\":\"ImageObject\",\"inLanguage\":\"pt-BR\",\"@id\":\"https:\/\/hcoe.com.br\/web\/index.php\/refracao\/#primaryimage\",\"url\":\"https:\/\/oftalmedbrasil.com.br\/wp-content\/uploads\/2024\/03\/rfc.jpg\",\"contentUrl\":\"https:\/\/oftalmedbrasil.com.br\/wp-content\/uploads\/2024\/03\/rfc.jpg\"},{\"@type\":\"BreadcrumbList\",\"@id\":\"https:\/\/hcoe.com.br\/web\/index.php\/refracao\/#breadcrumb\",\"itemListElement\":[{\"@type\":\"ListItem\",\"position\":1,\"name\":\"In\u00edcio\",\"item\":\"https:\/\/hcoe.com.br\/web\/\"},{\"@type\":\"ListItem\",\"position\":2,\"name\":\"Refra\u00e7\u00e3o\"}]},{\"@type\":\"WebSite\",\"@id\":\"https:\/\/hcoe.com.br\/web\/#website\",\"url\":\"https:\/\/hcoe.com.br\/web\/\",\"name\":\"Hcoe - Hospital de Olhos\",\"description\":\"\",\"publisher\":{\"@id\":\"https:\/\/hcoe.com.br\/web\/#organization\"},\"potentialAction\":[{\"@type\":\"SearchAction\",\"target\":{\"@type\":\"EntryPoint\",\"urlTemplate\":\"https:\/\/hcoe.com.br\/web\/?s={search_term_string}\"},\"query-input\":\"required name=search_term_string\"}],\"inLanguage\":\"pt-BR\"},{\"@type\":\"Organization\",\"@id\":\"https:\/\/hcoe.com.br\/web\/#organization\",\"name\":\"Hcoe - Hospital de Olhos\",\"url\":\"https:\/\/hcoe.com.br\/web\/\",\"logo\":{\"@type\":\"ImageObject\",\"inLanguage\":\"pt-BR\",\"@id\":\"https:\/\/hcoe.com.br\/web\/#\/schema\/logo\/image\/\",\"url\":\"https:\/\/hcoe.com.br\/web\/wp-content\/uploads\/2024\/05\/Logo-Vetor.png\",\"contentUrl\":\"https:\/\/hcoe.com.br\/web\/wp-content\/uploads\/2024\/05\/Logo-Vetor.png\",\"width\":2624,\"height\":836,\"caption\":\"Hcoe - Hospital de Olhos\"},\"image\":{\"@id\":\"https:\/\/hcoe.com.br\/web\/#\/schema\/logo\/image\/\"},\"sameAs\":[\"https:\/\/www.facebook.com\/profile.php?id=61558625227187\",\"https:\/\/www.instagram.com\/hcoehospitaldeolhos\/\"]}]}<\/script>\n<!-- \/ Yoast SEO plugin. -->","yoast_head_json":{"title":"Refra\u00e7\u00e3o - Hcoe - Hospital de Olhos","robots":{"index":"index","follow":"follow","max-snippet":"max-snippet:-1","max-image-preview":"max-image-preview:large","max-video-preview":"max-video-preview:-1"},"canonical":"https:\/\/hcoe.com.br\/web\/index.php\/refracao\/","og_locale":"pt_BR","og_type":"article","og_title":"Refra\u00e7\u00e3o - Hcoe - Hospital de Olhos","og_description":"O exame de Refra\u00e7\u00e3o \u00e9 um procedimento oftalmol\u00f3gico destinado a determinar a prescri\u00e7\u00e3o exata de \u00f3culos ou lentes de contato para nossos pacientes. Esse exame \u00e9 essencial para identificar erros de refra\u00e7\u00e3o, como miopia, hipermetropia, astigmatismo e presbiopia, que s\u00e3o condi\u00e7\u00f5es comuns que afetam a qualidade da vis\u00e3o.A refra\u00e7\u00e3o \u00e9 o processo pelo qual os","og_url":"https:\/\/hcoe.com.br\/web\/index.php\/refracao\/","og_site_name":"Hcoe - Hospital de Olhos","article_publisher":"https:\/\/www.facebook.com\/profile.php?id=61558625227187","og_image":[{"url":"https:\/\/oftalmedbrasil.com.br\/wp-content\/uploads\/2024\/03\/rfc.jpg"}],"twitter_card":"summary_large_image","twitter_misc":{"Est. tempo de leitura":"2 minutos"},"schema":{"@context":"https:\/\/schema.org","@graph":[{"@type":"WebPage","@id":"https:\/\/hcoe.com.br\/web\/index.php\/refracao\/","url":"https:\/\/hcoe.com.br\/web\/index.php\/refracao\/","name":"Refra\u00e7\u00e3o - Hcoe - Hospital de Olhos","isPartOf":{"@id":"https:\/\/hcoe.com.br\/web\/#website"},"primaryImageOfPage":{"@id":"https:\/\/hcoe.com.br\/web\/index.php\/refracao\/#primaryimage"},"image":{"@id":"https:\/\/hcoe.com.br\/web\/index.php\/refracao\/#primaryimage"},"thumbnailUrl":"https:\/\/oftalmedbrasil.com.br\/wp-content\/uploads\/2024\/03\/rfc.jpg","datePublished":"2024-05-09T20:00:51+00:00","dateModified":"2024-05-09T20:00:51+00:00","breadcrumb":{"@id":"https:\/\/hcoe.com.br\/web\/index.php\/refracao\/#breadcrumb"},"inLanguage":"pt-BR","potentialAction":[{"@type":"ReadAction","target":["https:\/\/hcoe.com.br\/web\/index.php\/refracao\/"]}]},{"@type":"ImageObject","inLanguage":"pt-BR","@id":"https:\/\/hcoe.com.br\/web\/index.php\/refracao\/#primaryimage","url":"https:\/\/oftalmedbrasil.com.br\/wp-content\/uploads\/2024\/03\/rfc.jpg","contentUrl":"https:\/\/oftalmedbrasil.com.br\/wp-content\/uploads\/2024\/03\/rfc.jpg"},{"@type":"BreadcrumbList","@id":"https:\/\/hcoe.com.br\/web\/index.php\/refracao\/#breadcrumb","itemListElement":[{"@type":"ListItem","position":1,"name":"In\u00edcio","item":"https:\/\/hcoe.com.br\/web\/"},{"@type":"ListItem","position":2,"name":"Refra\u00e7\u00e3o"}]},{"@type":"WebSite","@id":"https:\/\/hcoe.com.br\/web\/#website","url":"https:\/\/hcoe.com.br\/web\/","name":"Hcoe - Hospital de Olhos","description":"","publisher":{"@id":"https:\/\/hcoe.com.br\/web\/#organization"},"potentialAction":[{"@type":"SearchAction","target":{"@type":"EntryPoint","urlTemplate":"https:\/\/hcoe.com.br\/web\/?s={search_term_string}"},"query-input":"required name=search_term_string"}],"inLanguage":"pt-BR"},{"@type":"Organization","@id":"https:\/\/hcoe.com.br\/web\/#organization","name":"Hcoe - Hospital de Olhos","url":"https:\/\/hcoe.com.br\/web\/","logo":{"@type":"ImageObject","inLanguage":"pt-BR","@id":"https:\/\/hcoe.com.br\/web\/#\/schema\/logo\/image\/","url":"https:\/\/hcoe.com.br\/web\/wp-content\/uploads\/2024\/05\/Logo-Vetor.png","contentUrl":"https:\/\/hcoe.com.br\/web\/wp-content\/uploads\/2024\/05\/Logo-Vetor.png","width":2624,"height":836,"caption":"Hcoe - Hospital de Olhos"},"image":{"@id":"https:\/\/hcoe.com.br\/web\/#\/schema\/logo\/image\/"},"sameAs":["https:\/\/www.facebook.com\/profile.php?id=61558625227187","https:\/\/www.instagram.com\/hcoehospitaldeolhos\/"]}]}},"_links":{"self":[{"href":"https:\/\/hcoe.com.br\/web\/index.php\/wp-json\/wp\/v2\/pages\/3480"}],"collection":[{"href":"https:\/\/hcoe.com.br\/web\/index.php\/wp-json\/wp\/v2\/pages"}],"about":[{"href":"https:\/\/hcoe.com.br\/web\/index.php\/wp-json\/wp\/v2\/types\/page"}],"author":[{"embeddable":true,"href":"https:\/\/hcoe.com.br\/web\/index.php\/wp-json\/wp\/v2\/users\/1"}],"replies":[{"embeddable":true,"href":"https:\/\/hcoe.com.br\/web\/index.php\/wp-json\/wp\/v2\/comments?post=3480"}],"version-history":[{"count":1,"href":"https:\/\/hcoe.com.br\/web\/index.php\/wp-json\/wp\/v2\/pages\/3480\/revisions"}],"predecessor-version":[{"id":3481,"href":"https:\/\/hcoe.com.br\/web\/index.php\/wp-json\/wp\/v2\/pages\/3480\/revisions\/3481"}],"wp:attachment":[{"href":"https:\/\/hcoe.com.br\/web\/index.php\/wp-json\/wp\/v2\/media?parent=3480"}],"curies":[{"name":"wp","href":"https:\/\/api.w.org\/{rel}","templated":true}]}}