{"id":3462,"date":"2024-05-09T16:39:34","date_gmt":"2024-05-09T19:39:34","guid":{"rendered":"https:\/\/hcoe.com.br\/web\/?page_id=3462"},"modified":"2024-05-09T16:39:34","modified_gmt":"2024-05-09T19:39:34","slug":"avaliacao-de-ergonomia-visual","status":"publish","type":"page","link":"https:\/\/hcoe.com.br\/web\/index.php\/avaliacao-de-ergonomia-visual\/","title":{"rendered":"Avalia\u00e7\u00e3o de Ergonomia Visual"},"content":{"rendered":"<div id=\"pl-3462\"  class=\"panel-layout\" ><div id=\"pg-3462-0\"  class=\"panel-grid panel-has-style\" ><div class=\"divider-no-animation tablet-default mobile-default desktop-default custom panel-row-style panel-row-style-for-3462-0\" ><div id=\"pgc-3462-0-0\"  class=\"panel-grid-cell\" ><div id=\"panel-3462-0-0-0\" class=\"so-panel widget widget_sow-editor panel-first-child panel-last-child\" data-index=\"0\" ><div class=\"orion panel-widget-style panel-widget-style-for-3462-0-0-0\" ><div\n\t\t\t\n\t\t\tclass=\"so-widget-sow-editor so-widget-sow-editor-base\"\n\t\t\t\n\t\t>\n<div class=\"siteorigin-widget-tinymce textwidget\">\n\t<p><img loading=\"lazy\" decoding=\"async\" class=\"size-full wp-image-8949 aligncenter\" src=\"https:\/\/oftalmedbrasil.com.br\/wp-content\/uploads\/2024\/03\/AT45.jpg\" alt=\"\" width=\"300\" height=\"200\" \/><\/p>\n<p style=\"text-align: justify;\">A avalia\u00e7\u00e3o de ergonomia visual \u00e9 realizada com um compromisso com a sa\u00fade e o bem-estar dos nossos pacientes. Reconhecendo a import\u00e2ncia de um ambiente visualmente confort\u00e1vel, nossa avalia\u00e7\u00e3o aborda aspectos cruciais como ilumina\u00e7\u00e3o adequada, posicionamento correto de dispositivos digitais e mobili\u00e1rio ergon\u00f4mico, visando minimizar o desconforto ocular e melhorar a efici\u00eancia visual.<\/p>\n<p style=\"text-align: justify;\">Nossos especialistas oferecem orienta\u00e7\u00f5es personalizadas baseadas em uma an\u00e1lise detalhada do ambiente de trabalho ou de estudo do paciente, incorporando as melhores pr\u00e1ticas ergon\u00f4micas visuais. Esta abordagem n\u00e3o s\u00f3 previne a fadiga ocular mas tamb\u00e9m contribui para uma melhoria significativa na qualidade de vida dos pacientes, permitindo que desempenhem suas atividades di\u00e1rias com maior conforto e produtividade.<\/p>\n<\/div>\n<\/div><\/div><\/div><\/div><div id=\"pgc-3462-0-1\"  class=\"panel-grid-cell\" ><div id=\"panel-3462-0-1-0\" class=\"so-panel widget widget_orion_image_w panel-first-child panel-last-child\" data-index=\"1\" ><div class=\"orion custom default panel-widget-style panel-widget-style-for-3462-0-1-0\" ><div\n\t\t\t\n\t\t\tclass=\"so-widget-orion_image_w so-widget-orion_image_w-base\"\n\t\t\t\n\t\t>\r\n<div class=\"image-w relative\">\r\n\r\n\t\t\t\t\t\t\t<a class=\" overlay-none overlay-hover-none\" href=\"https:\/\/api.whatsapp.com\/send\/?phone=5575981319113&#038;text&#038;type=phone_number&#038;app_absent=0\">\r\n\t\t\r\n\t\t\t\t\t<img loading=\"lazy\" decoding=\"async\" width=\"1300\" height=\"1300\" src=\"https:\/\/hcoe.com.br\/web\/wp-content\/uploads\/2024\/05\/4343ttretyryjgmjh7iuyf.jpg\" class=\"attachment- size-\" alt=\"\" \/>\t\t\t<div class=\"overlay\"><\/div>\r\n\t\t\r\n\t\t\t\t\t<\/a>\r\n\t\t\t\r\n\t\r\n\t<div class=\"absolute\">\r\n\t\t<div class=\"hover-desc table-wrap\">\r\n\t\t\t<div class=\"cell-wrap\">\r\n\t\t\t\t<h4 class=\"text-light\"><\/h4>\r\n\t\t\t<\/div>\r\n\t\t<\/div>\r\n\t<\/div>\t\t\t\t\t\r\n<\/div>\r\n\r\n<\/div><\/div><\/div><\/div><\/div><\/div><\/div>","protected":false},"excerpt":{"rendered":"<p>A avalia\u00e7\u00e3o de ergonomia visual \u00e9 realizada com um compromisso com a sa\u00fade e o bem-estar dos nossos pacientes. Reconhecendo a import\u00e2ncia de um ambiente visualmente confort\u00e1vel, nossa avalia\u00e7\u00e3o aborda aspectos cruciais como ilumina\u00e7\u00e3o adequada, posicionamento correto de dispositivos digitais e mobili\u00e1rio ergon\u00f4mico, visando minimizar o desconforto ocular e melhorar a efici\u00eancia visual.Nossos especialistas oferecem<\/p>\n","protected":false},"author":1,"featured_media":0,"parent":0,"menu_order":0,"comment_status":"closed","ping_status":"closed","template":"","meta":{"footnotes":""},"yoast_head":"<!-- This site is optimized with the Yoast SEO plugin v22.7 - https:\/\/yoast.com\/wordpress\/plugins\/seo\/ -->\n<title>Avalia\u00e7\u00e3o de Ergonomia Visual - Hcoe - Hospital de Olhos<\/title>\n<meta name=\"robots\" content=\"index, follow, max-snippet:-1, max-image-preview:large, max-video-preview:-1\" \/>\n<link rel=\"canonical\" href=\"https:\/\/hcoe.com.br\/web\/index.php\/avaliacao-de-ergonomia-visual\/\" \/>\n<meta property=\"og:locale\" content=\"pt_BR\" \/>\n<meta property=\"og:type\" content=\"article\" \/>\n<meta property=\"og:title\" content=\"Avalia\u00e7\u00e3o de Ergonomia Visual - Hcoe - Hospital de Olhos\" \/>\n<meta property=\"og:description\" content=\"A avalia\u00e7\u00e3o de ergonomia visual \u00e9 realizada com um compromisso com a sa\u00fade e o bem-estar dos nossos pacientes. Reconhecendo a import\u00e2ncia de um ambiente visualmente confort\u00e1vel, nossa avalia\u00e7\u00e3o aborda aspectos cruciais como ilumina\u00e7\u00e3o adequada, posicionamento correto de dispositivos digitais e mobili\u00e1rio ergon\u00f4mico, visando minimizar o desconforto ocular e melhorar a efici\u00eancia visual.Nossos especialistas oferecem\" \/>\n<meta property=\"og:url\" content=\"https:\/\/hcoe.com.br\/web\/index.php\/avaliacao-de-ergonomia-visual\/\" \/>\n<meta property=\"og:site_name\" content=\"Hcoe - Hospital de Olhos\" \/>\n<meta property=\"article:publisher\" content=\"https:\/\/www.facebook.com\/profile.php?id=61558625227187\" \/>\n<meta property=\"og:image\" content=\"https:\/\/oftalmedbrasil.com.br\/wp-content\/uploads\/2024\/03\/AT45.jpg\" \/>\n<meta name=\"twitter:card\" content=\"summary_large_image\" \/>\n<meta name=\"twitter:label1\" content=\"Est. tempo de leitura\" \/>\n\t<meta name=\"twitter:data1\" content=\"1 minuto\" \/>\n<script type=\"application\/ld+json\" class=\"yoast-schema-graph\">{\"@context\":\"https:\/\/schema.org\",\"@graph\":[{\"@type\":\"WebPage\",\"@id\":\"https:\/\/hcoe.com.br\/web\/index.php\/avaliacao-de-ergonomia-visual\/\",\"url\":\"https:\/\/hcoe.com.br\/web\/index.php\/avaliacao-de-ergonomia-visual\/\",\"name\":\"Avalia\u00e7\u00e3o de Ergonomia Visual - Hcoe - Hospital de Olhos\",\"isPartOf\":{\"@id\":\"https:\/\/hcoe.com.br\/web\/#website\"},\"primaryImageOfPage\":{\"@id\":\"https:\/\/hcoe.com.br\/web\/index.php\/avaliacao-de-ergonomia-visual\/#primaryimage\"},\"image\":{\"@id\":\"https:\/\/hcoe.com.br\/web\/index.php\/avaliacao-de-ergonomia-visual\/#primaryimage\"},\"thumbnailUrl\":\"https:\/\/oftalmedbrasil.com.br\/wp-content\/uploads\/2024\/03\/AT45.jpg\",\"datePublished\":\"2024-05-09T19:39:34+00:00\",\"dateModified\":\"2024-05-09T19:39:34+00:00\",\"breadcrumb\":{\"@id\":\"https:\/\/hcoe.com.br\/web\/index.php\/avaliacao-de-ergonomia-visual\/#breadcrumb\"},\"inLanguage\":\"pt-BR\",\"potentialAction\":[{\"@type\":\"ReadAction\",\"target\":[\"https:\/\/hcoe.com.br\/web\/index.php\/avaliacao-de-ergonomia-visual\/\"]}]},{\"@type\":\"ImageObject\",\"inLanguage\":\"pt-BR\",\"@id\":\"https:\/\/hcoe.com.br\/web\/index.php\/avaliacao-de-ergonomia-visual\/#primaryimage\",\"url\":\"https:\/\/oftalmedbrasil.com.br\/wp-content\/uploads\/2024\/03\/AT45.jpg\",\"contentUrl\":\"https:\/\/oftalmedbrasil.com.br\/wp-content\/uploads\/2024\/03\/AT45.jpg\"},{\"@type\":\"BreadcrumbList\",\"@id\":\"https:\/\/hcoe.com.br\/web\/index.php\/avaliacao-de-ergonomia-visual\/#breadcrumb\",\"itemListElement\":[{\"@type\":\"ListItem\",\"position\":1,\"name\":\"In\u00edcio\",\"item\":\"https:\/\/hcoe.com.br\/web\/\"},{\"@type\":\"ListItem\",\"position\":2,\"name\":\"Avalia\u00e7\u00e3o de Ergonomia Visual\"}]},{\"@type\":\"WebSite\",\"@id\":\"https:\/\/hcoe.com.br\/web\/#website\",\"url\":\"https:\/\/hcoe.com.br\/web\/\",\"name\":\"Hcoe - Hospital de Olhos\",\"description\":\"\",\"publisher\":{\"@id\":\"https:\/\/hcoe.com.br\/web\/#organization\"},\"potentialAction\":[{\"@type\":\"SearchAction\",\"target\":{\"@type\":\"EntryPoint\",\"urlTemplate\":\"https:\/\/hcoe.com.br\/web\/?s={search_term_string}\"},\"query-input\":\"required name=search_term_string\"}],\"inLanguage\":\"pt-BR\"},{\"@type\":\"Organization\",\"@id\":\"https:\/\/hcoe.com.br\/web\/#organization\",\"name\":\"Hcoe - Hospital de Olhos\",\"url\":\"https:\/\/hcoe.com.br\/web\/\",\"logo\":{\"@type\":\"ImageObject\",\"inLanguage\":\"pt-BR\",\"@id\":\"https:\/\/hcoe.com.br\/web\/#\/schema\/logo\/image\/\",\"url\":\"https:\/\/hcoe.com.br\/web\/wp-content\/uploads\/2024\/05\/Logo-Vetor.png\",\"contentUrl\":\"https:\/\/hcoe.com.br\/web\/wp-content\/uploads\/2024\/05\/Logo-Vetor.png\",\"width\":2624,\"height\":836,\"caption\":\"Hcoe - Hospital de Olhos\"},\"image\":{\"@id\":\"https:\/\/hcoe.com.br\/web\/#\/schema\/logo\/image\/\"},\"sameAs\":[\"https:\/\/www.facebook.com\/profile.php?id=61558625227187\",\"https:\/\/www.instagram.com\/hcoehospitaldeolhos\/\"]}]}<\/script>\n<!-- \/ Yoast SEO plugin. -->","yoast_head_json":{"title":"Avalia\u00e7\u00e3o de Ergonomia Visual - Hcoe - Hospital de Olhos","robots":{"index":"index","follow":"follow","max-snippet":"max-snippet:-1","max-image-preview":"max-image-preview:large","max-video-preview":"max-video-preview:-1"},"canonical":"https:\/\/hcoe.com.br\/web\/index.php\/avaliacao-de-ergonomia-visual\/","og_locale":"pt_BR","og_type":"article","og_title":"Avalia\u00e7\u00e3o de Ergonomia Visual - Hcoe - Hospital de Olhos","og_description":"A avalia\u00e7\u00e3o de ergonomia visual \u00e9 realizada com um compromisso com a sa\u00fade e o bem-estar dos nossos pacientes. Reconhecendo a import\u00e2ncia de um ambiente visualmente confort\u00e1vel, nossa avalia\u00e7\u00e3o aborda aspectos cruciais como ilumina\u00e7\u00e3o adequada, posicionamento correto de dispositivos digitais e mobili\u00e1rio ergon\u00f4mico, visando minimizar o desconforto ocular e melhorar a efici\u00eancia visual.Nossos especialistas oferecem","og_url":"https:\/\/hcoe.com.br\/web\/index.php\/avaliacao-de-ergonomia-visual\/","og_site_name":"Hcoe - Hospital de Olhos","article_publisher":"https:\/\/www.facebook.com\/profile.php?id=61558625227187","og_image":[{"url":"https:\/\/oftalmedbrasil.com.br\/wp-content\/uploads\/2024\/03\/AT45.jpg"}],"twitter_card":"summary_large_image","twitter_misc":{"Est. tempo de leitura":"1 minuto"},"schema":{"@context":"https:\/\/schema.org","@graph":[{"@type":"WebPage","@id":"https:\/\/hcoe.com.br\/web\/index.php\/avaliacao-de-ergonomia-visual\/","url":"https:\/\/hcoe.com.br\/web\/index.php\/avaliacao-de-ergonomia-visual\/","name":"Avalia\u00e7\u00e3o de Ergonomia Visual - Hcoe - Hospital de Olhos","isPartOf":{"@id":"https:\/\/hcoe.com.br\/web\/#website"},"primaryImageOfPage":{"@id":"https:\/\/hcoe.com.br\/web\/index.php\/avaliacao-de-ergonomia-visual\/#primaryimage"},"image":{"@id":"https:\/\/hcoe.com.br\/web\/index.php\/avaliacao-de-ergonomia-visual\/#primaryimage"},"thumbnailUrl":"https:\/\/oftalmedbrasil.com.br\/wp-content\/uploads\/2024\/03\/AT45.jpg","datePublished":"2024-05-09T19:39:34+00:00","dateModified":"2024-05-09T19:39:34+00:00","breadcrumb":{"@id":"https:\/\/hcoe.com.br\/web\/index.php\/avaliacao-de-ergonomia-visual\/#breadcrumb"},"inLanguage":"pt-BR","potentialAction":[{"@type":"ReadAction","target":["https:\/\/hcoe.com.br\/web\/index.php\/avaliacao-de-ergonomia-visual\/"]}]},{"@type":"ImageObject","inLanguage":"pt-BR","@id":"https:\/\/hcoe.com.br\/web\/index.php\/avaliacao-de-ergonomia-visual\/#primaryimage","url":"https:\/\/oftalmedbrasil.com.br\/wp-content\/uploads\/2024\/03\/AT45.jpg","contentUrl":"https:\/\/oftalmedbrasil.com.br\/wp-content\/uploads\/2024\/03\/AT45.jpg"},{"@type":"BreadcrumbList","@id":"https:\/\/hcoe.com.br\/web\/index.php\/avaliacao-de-ergonomia-visual\/#breadcrumb","itemListElement":[{"@type":"ListItem","position":1,"name":"In\u00edcio","item":"https:\/\/hcoe.com.br\/web\/"},{"@type":"ListItem","position":2,"name":"Avalia\u00e7\u00e3o de Ergonomia Visual"}]},{"@type":"WebSite","@id":"https:\/\/hcoe.com.br\/web\/#website","url":"https:\/\/hcoe.com.br\/web\/","name":"Hcoe - Hospital de Olhos","description":"","publisher":{"@id":"https:\/\/hcoe.com.br\/web\/#organization"},"potentialAction":[{"@type":"SearchAction","target":{"@type":"EntryPoint","urlTemplate":"https:\/\/hcoe.com.br\/web\/?s={search_term_string}"},"query-input":"required name=search_term_string"}],"inLanguage":"pt-BR"},{"@type":"Organization","@id":"https:\/\/hcoe.com.br\/web\/#organization","name":"Hcoe - Hospital de Olhos","url":"https:\/\/hcoe.com.br\/web\/","logo":{"@type":"ImageObject","inLanguage":"pt-BR","@id":"https:\/\/hcoe.com.br\/web\/#\/schema\/logo\/image\/","url":"https:\/\/hcoe.com.br\/web\/wp-content\/uploads\/2024\/05\/Logo-Vetor.png","contentUrl":"https:\/\/hcoe.com.br\/web\/wp-content\/uploads\/2024\/05\/Logo-Vetor.png","width":2624,"height":836,"caption":"Hcoe - Hospital de Olhos"},"image":{"@id":"https:\/\/hcoe.com.br\/web\/#\/schema\/logo\/image\/"},"sameAs":["https:\/\/www.facebook.com\/profile.php?id=61558625227187","https:\/\/www.instagram.com\/hcoehospitaldeolhos\/"]}]}},"_links":{"self":[{"href":"https:\/\/hcoe.com.br\/web\/index.php\/wp-json\/wp\/v2\/pages\/3462"}],"collection":[{"href":"https:\/\/hcoe.com.br\/web\/index.php\/wp-json\/wp\/v2\/pages"}],"about":[{"href":"https:\/\/hcoe.com.br\/web\/index.php\/wp-json\/wp\/v2\/types\/page"}],"author":[{"embeddable":true,"href":"https:\/\/hcoe.com.br\/web\/index.php\/wp-json\/wp\/v2\/users\/1"}],"replies":[{"embeddable":true,"href":"https:\/\/hcoe.com.br\/web\/index.php\/wp-json\/wp\/v2\/comments?post=3462"}],"version-history":[{"count":1,"href":"https:\/\/hcoe.com.br\/web\/index.php\/wp-json\/wp\/v2\/pages\/3462\/revisions"}],"predecessor-version":[{"id":3463,"href":"https:\/\/hcoe.com.br\/web\/index.php\/wp-json\/wp\/v2\/pages\/3462\/revisions\/3463"}],"wp:attachment":[{"href":"https:\/\/hcoe.com.br\/web\/index.php\/wp-json\/wp\/v2\/media?parent=3462"}],"curies":[{"name":"wp","href":"https:\/\/api.w.org\/{rel}","templated":true}]}}