{"id":3428,"date":"2024-05-08T16:03:23","date_gmt":"2024-05-08T19:03:23","guid":{"rendered":"https:\/\/hcoe.com.br\/web\/?page_id=3428"},"modified":"2024-05-08T16:04:58","modified_gmt":"2024-05-08T19:04:58","slug":"reconstrucao-palpebral","status":"publish","type":"page","link":"https:\/\/hcoe.com.br\/web\/index.php\/reconstrucao-palpebral\/","title":{"rendered":"Reconstru\u00e7\u00e3o Palpebral"},"content":{"rendered":"<div id=\"pl-3428\"  class=\"panel-layout\" ><div id=\"pg-3428-0\"  class=\"panel-grid panel-has-style\" ><div class=\"divider-no-animation tablet-default mobile-default desktop-default custom panel-row-style panel-row-style-for-3428-0\" ><div id=\"pgc-3428-0-0\"  class=\"panel-grid-cell\" ><div id=\"panel-3428-0-0-0\" class=\"so-panel widget widget_sow-editor panel-first-child panel-last-child\" data-index=\"0\" ><div class=\"orion custom default panel-widget-style panel-widget-style-for-3428-0-0-0\" ><div\n\t\t\t\n\t\t\tclass=\"so-widget-sow-editor so-widget-sow-editor-base\"\n\t\t\t\n\t\t>\n<div class=\"siteorigin-widget-tinymce textwidget\">\n\t<div class=\"flex flex-grow flex-col max-w-full\">\n<div class=\"min-h-[20px] text-message flex flex-col items-start gap-3 whitespace-pre-wrap break-words [.text-message+&amp;]:mt-5 overflow-x-auto\" data-message-author-role=\"assistant\" data-message-id=\"5df3bfba-8af7-4fa7-809e-96422de898f6\">\n<div class=\"markdown prose w-full break-words dark:prose-invert light AIPRM__conversation__response\">\n<p style=\"text-align: justify;\"><img decoding=\"async\" class=\"aligncenter\" src=\"https:\/\/oftalmedbrasil.com.br\/wp-content\/uploads\/2024\/03\/rpx1.jpg\" \/><\/p>\n<p style=\"text-align: justify;\">A equipe de cirurgi\u00f5es especializados em oculopl\u00e1stica do Hospital de Olhos HCOE possui extensa experi\u00eancia e habilidade na realiza\u00e7\u00e3o de reconstru\u00e7\u00f5es palpebrais. Utilizamos as mais recentes t\u00e9cnicas cir\u00fargicas e tecnologias avan\u00e7adas para restaurar a integridade estrutural das p\u00e1lpebras, preservando a fun\u00e7\u00e3o ocular e melhorando a apar\u00eancia est\u00e9tica.<\/p>\n<p style=\"text-align: justify;\">Cada procedimento de reconstru\u00e7\u00e3o palpebral \u00e9 meticulosamente planejado ap\u00f3s uma avalia\u00e7\u00e3o abrangente da condi\u00e7\u00e3o espec\u00edfica do paciente. Este planejamento inclui exames detalhados e, quando necess\u00e1rio, o uso de imagens diagn\u00f3sticas para entender completamente a extens\u00e3o da deformidade ou do dano. Nosso objetivo \u00e9 desenvolver um plano cir\u00fargico que n\u00e3o s\u00f3 aborde as preocupa\u00e7\u00f5es est\u00e9ticas, mas que tamb\u00e9m restaure a fun\u00e7\u00e3o completa das p\u00e1lpebras, incluindo prote\u00e7\u00e3o ocular, distribui\u00e7\u00e3o adequada de l\u00e1grimas e, claro, fechamento completo das p\u00e1lpebras.<\/p>\n<p style=\"text-align: justify;\">A reconstru\u00e7\u00e3o palpebral pode envolver v\u00e1rias t\u00e9cnicas, dependendo da complexidade do caso. Isso pode incluir o uso de enxertos de pele, a reorienta\u00e7\u00e3o de tecidos e, em casos mais complexos, a reconstru\u00e7\u00e3o total das p\u00e1lpebras. Em todas as inst\u00e2ncias, nossa equipe est\u00e1 comprometida em utilizar abordagens que minimizem as cicatrizes e promovam os melhores resultados est\u00e9ticos e funcionais.<\/p>\n<p style=\"text-align: justify;\">A cirurgia \u00e9 realizada sob anestesia, garantindo uma experi\u00eancia confort\u00e1vel e sem dor para o paciente. Ap\u00f3s a cirurgia, oferecemos um acompanhamento detalhado para monitorar a recupera\u00e7\u00e3o e assegurar que os resultados atendam ou superem as expectativas do paciente.<\/p>\n<p style=\"text-align: justify;\">Entendemos que a reconstru\u00e7\u00e3o palpebral pode ter um impacto profundo n\u00e3o apenas na funcionalidade e sa\u00fade ocular, mas tamb\u00e9m na autoestima e bem-estar emocional do paciente. Por isso, estamos dedicados a fornecer um cuidado compassivo e personalizado, apoiando nossos pacientes em cada etapa de sua jornada de recupera\u00e7\u00e3o.<\/p>\n<p style=\"text-align: justify;\">Se voc\u00ea ou algu\u00e9m que conhece est\u00e1 enfrentando uma condi\u00e7\u00e3o que requer reconstru\u00e7\u00e3o palpebral, convidamos voc\u00ea a entrar em contato para uma consulta. Nossa equipe est\u00e1 pronta para avaliar sua condi\u00e7\u00e3o, discutir as op\u00e7\u00f5es de tratamento dispon\u00edveis e ajud\u00e1-lo a alcan\u00e7ar os melhores resultados.<\/p>\n<\/div>\n<\/div>\n<\/div>\n<div class=\"pr-2 lg:pr-0\" style=\"text-align: justify;\"><\/div>\n<\/div>\n<\/div><\/div><\/div><\/div><div id=\"pgc-3428-0-1\"  class=\"panel-grid-cell\" ><div id=\"panel-3428-0-1-0\" class=\"so-panel widget widget_orion_image_w panel-first-child panel-last-child\" data-index=\"1\" ><div class=\"orion custom default panel-widget-style panel-widget-style-for-3428-0-1-0\" ><div\n\t\t\t\n\t\t\tclass=\"so-widget-orion_image_w so-widget-orion_image_w-base\"\n\t\t\t\n\t\t>\r\n<div class=\"image-w relative\">\r\n\r\n\t\t\t\t\t\t\t<a class=\" overlay-none overlay-hover-none\" href=\"https:\/\/api.whatsapp.com\/send\/?phone=5575981319113&#038;text&#038;type=phone_number&#038;app_absent=0\">\r\n\t\t\r\n\t\t\t\t\t<img loading=\"lazy\" decoding=\"async\" width=\"1300\" height=\"1300\" src=\"https:\/\/hcoe.com.br\/web\/wp-content\/uploads\/2024\/05\/4343ttretyryjgmjh7iuyf.jpg\" class=\"attachment- size-\" alt=\"\" \/>\t\t\t<div class=\"overlay\"><\/div>\r\n\t\t\r\n\t\t\t\t\t<\/a>\r\n\t\t\t\r\n\t\r\n\t<div class=\"absolute\">\r\n\t\t<div class=\"hover-desc table-wrap\">\r\n\t\t\t<div class=\"cell-wrap\">\r\n\t\t\t\t<h4 class=\"text-light\"><\/h4>\r\n\t\t\t<\/div>\r\n\t\t<\/div>\r\n\t<\/div>\t\t\t\t\t\r\n<\/div>\r\n\r\n<\/div><\/div><\/div><\/div><\/div><\/div><\/div>","protected":false},"excerpt":{"rendered":"<p>A equipe de cirurgi\u00f5es especializados em oculopl\u00e1stica do Hospital de Olhos HCOE possui extensa experi\u00eancia e habilidade na realiza\u00e7\u00e3o de reconstru\u00e7\u00f5es palpebrais. Utilizamos as mais recentes t\u00e9cnicas cir\u00fargicas e tecnologias avan\u00e7adas para restaurar a integridade estrutural das p\u00e1lpebras, preservando a fun\u00e7\u00e3o ocular e melhorando a apar\u00eancia est\u00e9tica. Cada procedimento de reconstru\u00e7\u00e3o palpebral \u00e9 meticulosamente planejado<\/p>\n","protected":false},"author":1,"featured_media":0,"parent":0,"menu_order":0,"comment_status":"closed","ping_status":"closed","template":"","meta":{"footnotes":""},"yoast_head":"<!-- This site is optimized with the Yoast SEO plugin v22.7 - https:\/\/yoast.com\/wordpress\/plugins\/seo\/ -->\n<title>Reconstru\u00e7\u00e3o Palpebral - Hcoe - Hospital de Olhos<\/title>\n<meta name=\"robots\" content=\"index, follow, max-snippet:-1, max-image-preview:large, max-video-preview:-1\" \/>\n<link rel=\"canonical\" href=\"https:\/\/hcoe.com.br\/web\/index.php\/reconstrucao-palpebral\/\" \/>\n<meta property=\"og:locale\" content=\"pt_BR\" \/>\n<meta property=\"og:type\" content=\"article\" \/>\n<meta property=\"og:title\" content=\"Reconstru\u00e7\u00e3o Palpebral - Hcoe - Hospital de Olhos\" \/>\n<meta property=\"og:description\" content=\"A equipe de cirurgi\u00f5es especializados em oculopl\u00e1stica do Hospital de Olhos HCOE possui extensa experi\u00eancia e habilidade na realiza\u00e7\u00e3o de reconstru\u00e7\u00f5es palpebrais. Utilizamos as mais recentes t\u00e9cnicas cir\u00fargicas e tecnologias avan\u00e7adas para restaurar a integridade estrutural das p\u00e1lpebras, preservando a fun\u00e7\u00e3o ocular e melhorando a apar\u00eancia est\u00e9tica. Cada procedimento de reconstru\u00e7\u00e3o palpebral \u00e9 meticulosamente planejado\" \/>\n<meta property=\"og:url\" content=\"https:\/\/hcoe.com.br\/web\/index.php\/reconstrucao-palpebral\/\" \/>\n<meta property=\"og:site_name\" content=\"Hcoe - Hospital de Olhos\" \/>\n<meta property=\"article:publisher\" content=\"https:\/\/www.facebook.com\/profile.php?id=61558625227187\" \/>\n<meta property=\"article:modified_time\" content=\"2024-05-08T19:04:58+00:00\" \/>\n<meta property=\"og:image\" content=\"https:\/\/oftalmedbrasil.com.br\/wp-content\/uploads\/2024\/03\/rpx1.jpg\" \/>\n<meta name=\"twitter:card\" content=\"summary_large_image\" \/>\n<meta name=\"twitter:label1\" content=\"Est. tempo de leitura\" \/>\n\t<meta name=\"twitter:data1\" content=\"2 minutos\" \/>\n<script type=\"application\/ld+json\" class=\"yoast-schema-graph\">{\"@context\":\"https:\/\/schema.org\",\"@graph\":[{\"@type\":\"WebPage\",\"@id\":\"https:\/\/hcoe.com.br\/web\/index.php\/reconstrucao-palpebral\/\",\"url\":\"https:\/\/hcoe.com.br\/web\/index.php\/reconstrucao-palpebral\/\",\"name\":\"Reconstru\u00e7\u00e3o Palpebral - Hcoe - Hospital de Olhos\",\"isPartOf\":{\"@id\":\"https:\/\/hcoe.com.br\/web\/#website\"},\"primaryImageOfPage\":{\"@id\":\"https:\/\/hcoe.com.br\/web\/index.php\/reconstrucao-palpebral\/#primaryimage\"},\"image\":{\"@id\":\"https:\/\/hcoe.com.br\/web\/index.php\/reconstrucao-palpebral\/#primaryimage\"},\"thumbnailUrl\":\"https:\/\/oftalmedbrasil.com.br\/wp-content\/uploads\/2024\/03\/rpx1.jpg\",\"datePublished\":\"2024-05-08T19:03:23+00:00\",\"dateModified\":\"2024-05-08T19:04:58+00:00\",\"breadcrumb\":{\"@id\":\"https:\/\/hcoe.com.br\/web\/index.php\/reconstrucao-palpebral\/#breadcrumb\"},\"inLanguage\":\"pt-BR\",\"potentialAction\":[{\"@type\":\"ReadAction\",\"target\":[\"https:\/\/hcoe.com.br\/web\/index.php\/reconstrucao-palpebral\/\"]}]},{\"@type\":\"ImageObject\",\"inLanguage\":\"pt-BR\",\"@id\":\"https:\/\/hcoe.com.br\/web\/index.php\/reconstrucao-palpebral\/#primaryimage\",\"url\":\"https:\/\/oftalmedbrasil.com.br\/wp-content\/uploads\/2024\/03\/rpx1.jpg\",\"contentUrl\":\"https:\/\/oftalmedbrasil.com.br\/wp-content\/uploads\/2024\/03\/rpx1.jpg\"},{\"@type\":\"BreadcrumbList\",\"@id\":\"https:\/\/hcoe.com.br\/web\/index.php\/reconstrucao-palpebral\/#breadcrumb\",\"itemListElement\":[{\"@type\":\"ListItem\",\"position\":1,\"name\":\"In\u00edcio\",\"item\":\"https:\/\/hcoe.com.br\/web\/\"},{\"@type\":\"ListItem\",\"position\":2,\"name\":\"Reconstru\u00e7\u00e3o Palpebral\"}]},{\"@type\":\"WebSite\",\"@id\":\"https:\/\/hcoe.com.br\/web\/#website\",\"url\":\"https:\/\/hcoe.com.br\/web\/\",\"name\":\"Hcoe - Hospital de Olhos\",\"description\":\"\",\"publisher\":{\"@id\":\"https:\/\/hcoe.com.br\/web\/#organization\"},\"potentialAction\":[{\"@type\":\"SearchAction\",\"target\":{\"@type\":\"EntryPoint\",\"urlTemplate\":\"https:\/\/hcoe.com.br\/web\/?s={search_term_string}\"},\"query-input\":\"required name=search_term_string\"}],\"inLanguage\":\"pt-BR\"},{\"@type\":\"Organization\",\"@id\":\"https:\/\/hcoe.com.br\/web\/#organization\",\"name\":\"Hcoe - Hospital de Olhos\",\"url\":\"https:\/\/hcoe.com.br\/web\/\",\"logo\":{\"@type\":\"ImageObject\",\"inLanguage\":\"pt-BR\",\"@id\":\"https:\/\/hcoe.com.br\/web\/#\/schema\/logo\/image\/\",\"url\":\"https:\/\/hcoe.com.br\/web\/wp-content\/uploads\/2024\/05\/Logo-Vetor.png\",\"contentUrl\":\"https:\/\/hcoe.com.br\/web\/wp-content\/uploads\/2024\/05\/Logo-Vetor.png\",\"width\":2624,\"height\":836,\"caption\":\"Hcoe - Hospital de Olhos\"},\"image\":{\"@id\":\"https:\/\/hcoe.com.br\/web\/#\/schema\/logo\/image\/\"},\"sameAs\":[\"https:\/\/www.facebook.com\/profile.php?id=61558625227187\",\"https:\/\/www.instagram.com\/hcoehospitaldeolhos\/\"]}]}<\/script>\n<!-- \/ Yoast SEO plugin. -->","yoast_head_json":{"title":"Reconstru\u00e7\u00e3o Palpebral - Hcoe - Hospital de Olhos","robots":{"index":"index","follow":"follow","max-snippet":"max-snippet:-1","max-image-preview":"max-image-preview:large","max-video-preview":"max-video-preview:-1"},"canonical":"https:\/\/hcoe.com.br\/web\/index.php\/reconstrucao-palpebral\/","og_locale":"pt_BR","og_type":"article","og_title":"Reconstru\u00e7\u00e3o Palpebral - Hcoe - Hospital de Olhos","og_description":"A equipe de cirurgi\u00f5es especializados em oculopl\u00e1stica do Hospital de Olhos HCOE possui extensa experi\u00eancia e habilidade na realiza\u00e7\u00e3o de reconstru\u00e7\u00f5es palpebrais. Utilizamos as mais recentes t\u00e9cnicas cir\u00fargicas e tecnologias avan\u00e7adas para restaurar a integridade estrutural das p\u00e1lpebras, preservando a fun\u00e7\u00e3o ocular e melhorando a apar\u00eancia est\u00e9tica. Cada procedimento de reconstru\u00e7\u00e3o palpebral \u00e9 meticulosamente planejado","og_url":"https:\/\/hcoe.com.br\/web\/index.php\/reconstrucao-palpebral\/","og_site_name":"Hcoe - Hospital de Olhos","article_publisher":"https:\/\/www.facebook.com\/profile.php?id=61558625227187","article_modified_time":"2024-05-08T19:04:58+00:00","og_image":[{"url":"https:\/\/oftalmedbrasil.com.br\/wp-content\/uploads\/2024\/03\/rpx1.jpg"}],"twitter_card":"summary_large_image","twitter_misc":{"Est. tempo de leitura":"2 minutos"},"schema":{"@context":"https:\/\/schema.org","@graph":[{"@type":"WebPage","@id":"https:\/\/hcoe.com.br\/web\/index.php\/reconstrucao-palpebral\/","url":"https:\/\/hcoe.com.br\/web\/index.php\/reconstrucao-palpebral\/","name":"Reconstru\u00e7\u00e3o Palpebral - Hcoe - Hospital de Olhos","isPartOf":{"@id":"https:\/\/hcoe.com.br\/web\/#website"},"primaryImageOfPage":{"@id":"https:\/\/hcoe.com.br\/web\/index.php\/reconstrucao-palpebral\/#primaryimage"},"image":{"@id":"https:\/\/hcoe.com.br\/web\/index.php\/reconstrucao-palpebral\/#primaryimage"},"thumbnailUrl":"https:\/\/oftalmedbrasil.com.br\/wp-content\/uploads\/2024\/03\/rpx1.jpg","datePublished":"2024-05-08T19:03:23+00:00","dateModified":"2024-05-08T19:04:58+00:00","breadcrumb":{"@id":"https:\/\/hcoe.com.br\/web\/index.php\/reconstrucao-palpebral\/#breadcrumb"},"inLanguage":"pt-BR","potentialAction":[{"@type":"ReadAction","target":["https:\/\/hcoe.com.br\/web\/index.php\/reconstrucao-palpebral\/"]}]},{"@type":"ImageObject","inLanguage":"pt-BR","@id":"https:\/\/hcoe.com.br\/web\/index.php\/reconstrucao-palpebral\/#primaryimage","url":"https:\/\/oftalmedbrasil.com.br\/wp-content\/uploads\/2024\/03\/rpx1.jpg","contentUrl":"https:\/\/oftalmedbrasil.com.br\/wp-content\/uploads\/2024\/03\/rpx1.jpg"},{"@type":"BreadcrumbList","@id":"https:\/\/hcoe.com.br\/web\/index.php\/reconstrucao-palpebral\/#breadcrumb","itemListElement":[{"@type":"ListItem","position":1,"name":"In\u00edcio","item":"https:\/\/hcoe.com.br\/web\/"},{"@type":"ListItem","position":2,"name":"Reconstru\u00e7\u00e3o Palpebral"}]},{"@type":"WebSite","@id":"https:\/\/hcoe.com.br\/web\/#website","url":"https:\/\/hcoe.com.br\/web\/","name":"Hcoe - Hospital de Olhos","description":"","publisher":{"@id":"https:\/\/hcoe.com.br\/web\/#organization"},"potentialAction":[{"@type":"SearchAction","target":{"@type":"EntryPoint","urlTemplate":"https:\/\/hcoe.com.br\/web\/?s={search_term_string}"},"query-input":"required name=search_term_string"}],"inLanguage":"pt-BR"},{"@type":"Organization","@id":"https:\/\/hcoe.com.br\/web\/#organization","name":"Hcoe - Hospital de Olhos","url":"https:\/\/hcoe.com.br\/web\/","logo":{"@type":"ImageObject","inLanguage":"pt-BR","@id":"https:\/\/hcoe.com.br\/web\/#\/schema\/logo\/image\/","url":"https:\/\/hcoe.com.br\/web\/wp-content\/uploads\/2024\/05\/Logo-Vetor.png","contentUrl":"https:\/\/hcoe.com.br\/web\/wp-content\/uploads\/2024\/05\/Logo-Vetor.png","width":2624,"height":836,"caption":"Hcoe - Hospital de Olhos"},"image":{"@id":"https:\/\/hcoe.com.br\/web\/#\/schema\/logo\/image\/"},"sameAs":["https:\/\/www.facebook.com\/profile.php?id=61558625227187","https:\/\/www.instagram.com\/hcoehospitaldeolhos\/"]}]}},"_links":{"self":[{"href":"https:\/\/hcoe.com.br\/web\/index.php\/wp-json\/wp\/v2\/pages\/3428"}],"collection":[{"href":"https:\/\/hcoe.com.br\/web\/index.php\/wp-json\/wp\/v2\/pages"}],"about":[{"href":"https:\/\/hcoe.com.br\/web\/index.php\/wp-json\/wp\/v2\/types\/page"}],"author":[{"embeddable":true,"href":"https:\/\/hcoe.com.br\/web\/index.php\/wp-json\/wp\/v2\/users\/1"}],"replies":[{"embeddable":true,"href":"https:\/\/hcoe.com.br\/web\/index.php\/wp-json\/wp\/v2\/comments?post=3428"}],"version-history":[{"count":2,"href":"https:\/\/hcoe.com.br\/web\/index.php\/wp-json\/wp\/v2\/pages\/3428\/revisions"}],"predecessor-version":[{"id":3430,"href":"https:\/\/hcoe.com.br\/web\/index.php\/wp-json\/wp\/v2\/pages\/3428\/revisions\/3430"}],"wp:attachment":[{"href":"https:\/\/hcoe.com.br\/web\/index.php\/wp-json\/wp\/v2\/media?parent=3428"}],"curies":[{"name":"wp","href":"https:\/\/api.w.org\/{rel}","templated":true}]}}