{"id":3418,"date":"2024-05-08T15:53:26","date_gmt":"2024-05-08T18:53:26","guid":{"rendered":"https:\/\/hcoe.com.br\/web\/?page_id=3418"},"modified":"2024-05-08T15:53:26","modified_gmt":"2024-05-08T18:53:26","slug":"injecoes-intravitreas","status":"publish","type":"page","link":"https:\/\/hcoe.com.br\/web\/index.php\/injecoes-intravitreas\/","title":{"rendered":"Inje\u00e7\u00f5es Intrav\u00edtreas"},"content":{"rendered":"<div id=\"pl-3418\"  class=\"panel-layout\" ><div id=\"pg-3418-0\"  class=\"panel-grid panel-has-style\" ><div class=\"divider-no-animation tablet-default mobile-default desktop-default custom panel-row-style panel-row-style-for-3418-0\" ><div id=\"pgc-3418-0-0\"  class=\"panel-grid-cell\" ><div id=\"panel-3418-0-0-0\" class=\"so-panel widget widget_sow-editor panel-first-child panel-last-child\" data-index=\"0\" ><div class=\"orion panel-widget-style panel-widget-style-for-3418-0-0-0\" ><div\n\t\t\t\n\t\t\tclass=\"so-widget-sow-editor so-widget-sow-editor-base\"\n\t\t\t\n\t\t>\n<div class=\"siteorigin-widget-tinymce textwidget\">\n\t<p style=\"text-align: justify;\"><img loading=\"lazy\" decoding=\"async\" class=\"size-full wp-image-3419 aligncenter\" src=\"https:\/\/hcoe.com.br\/web\/wp-content\/uploads\/2024\/05\/34sxxsx.jpg\" alt=\"\" width=\"300\" height=\"200\" srcset=\"https:\/\/hcoe.com.br\/web\/wp-content\/uploads\/2024\/05\/34sxxsx.jpg 300w, https:\/\/hcoe.com.br\/web\/wp-content\/uploads\/2024\/05\/34sxxsx-272x182.jpg 272w\" sizes=\"(max-width: 300px) 100vw, 300px\" \/><\/p>\n<p style=\"text-align: justify;\">As inje\u00e7\u00f5es intrav\u00edtreas envolvem a administra\u00e7\u00e3o de medicamentos diretamente no v\u00edtreo, a subst\u00e2ncia gelatinosa que preenche o olho, permitindo que o tratamento atue diretamente na retina. Este m\u00e9todo minimamente invasivo possibilita a entrega eficaz de agentes terap\u00eauticos que podem estabilizar ou melhorar a vis\u00e3o, retardando ou impedindo a progress\u00e3o de doen\u00e7as retinianas.<\/p>\n<p style=\"text-align: justify;\">Cada procedimento de inje\u00e7\u00e3o intrav\u00edtrea \u00e9 realizado seguindo os mais altos padr\u00f5es de seguran\u00e7a e sob as condi\u00e7\u00f5es de esterilidade mais rigorosas, para minimizar o risco de infec\u00e7\u00e3o. A administra\u00e7\u00e3o do medicamento \u00e9 realizada por nossa equipe de especialistas em retina, que possuem vasta experi\u00eancia e conhecimento nas mais recentes t\u00e9cnicas de tratamento de doen\u00e7as da retina.<\/p>\n<p style=\"text-align: justify;\">Antes de realizar a inje\u00e7\u00e3o, o paciente passa por uma avalia\u00e7\u00e3o abrangente, incluindo exames de imagem de alta precis\u00e3o da retina, para determinar o diagn\u00f3stico preciso e avaliar a necessidade do tratamento. Essa avalia\u00e7\u00e3o detalhada permite que nossos especialistas personalizem o tratamento para as necessidades espec\u00edficas de cada paciente, escolhendo o medicamento mais apropriado para sua condi\u00e7\u00e3o.<\/p>\n<p style=\"text-align: justify;\">O procedimento \u00e9 geralmente r\u00e1pido e realizado sob anestesia local, para garantir o conforto do paciente. Ap\u00f3s a inje\u00e7\u00e3o, os pacientes podem retomar a maioria de suas atividades normais, com poucas restri\u00e7\u00f5es, e s\u00e3o cuidadosamente monitorados por nossa equipe para avaliar a resposta ao tratamento e ajustar o plano terap\u00eautico conforme necess\u00e1rio.<\/p>\n<p style=\"text-align: justify;\">O uso de inje\u00e7\u00f5es intrav\u00edtreas reflete nosso compromisso em oferecer tratamentos de ponta que melhoram significativamente a qualidade de vida de nossos pacientes. Estamos na vanguarda da oftalmologia, empregando abordagens inovadoras para o manejo de doen\u00e7as da retina, proporcionando esperan\u00e7a e resultados vis\u00edveis para aqueles que enfrentam desafios visuais complexos.<\/p>\n<p style=\"text-align: justify;\">Se voc\u00ea ou algu\u00e9m que conhece est\u00e1 lutando contra uma doen\u00e7a da retina, convidamos voc\u00ea a entrar em contato conosco. Estamos prontos para oferecer as solu\u00e7\u00f5es mais avan\u00e7adas e eficazes para preservar e melhorar sua vis\u00e3o. Juntos, podemos tra\u00e7ar um caminho em dire\u00e7\u00e3o a uma vis\u00e3o mais clara e a uma vida melhor.<\/p>\n<\/div>\n<\/div><\/div><\/div><\/div><div id=\"pgc-3418-0-1\"  class=\"panel-grid-cell\" ><div id=\"panel-3418-0-1-0\" class=\"so-panel widget widget_orion_image_w panel-first-child panel-last-child\" data-index=\"1\" ><div class=\"orion custom default panel-widget-style panel-widget-style-for-3418-0-1-0\" ><div\n\t\t\t\n\t\t\tclass=\"so-widget-orion_image_w so-widget-orion_image_w-base\"\n\t\t\t\n\t\t>\r\n<div class=\"image-w relative\">\r\n\r\n\t\t\t\t\t\t\t<a class=\" overlay-none overlay-hover-none\" href=\"https:\/\/api.whatsapp.com\/send\/?phone=5575981319113&#038;text&#038;type=phone_number&#038;app_absent=0\">\r\n\t\t\r\n\t\t\t\t\t<img loading=\"lazy\" decoding=\"async\" width=\"1300\" height=\"1300\" src=\"https:\/\/hcoe.com.br\/web\/wp-content\/uploads\/2024\/05\/4343ttretyryjgmjh7iuyf.jpg\" class=\"attachment- size-\" alt=\"\" \/>\t\t\t<div class=\"overlay\"><\/div>\r\n\t\t\r\n\t\t\t\t\t<\/a>\r\n\t\t\t\r\n\t\r\n\t<div class=\"absolute\">\r\n\t\t<div class=\"hover-desc table-wrap\">\r\n\t\t\t<div class=\"cell-wrap\">\r\n\t\t\t\t<h4 class=\"text-light\"><\/h4>\r\n\t\t\t<\/div>\r\n\t\t<\/div>\r\n\t<\/div>\t\t\t\t\t\r\n<\/div>\r\n\r\n<\/div><\/div><\/div><\/div><\/div><\/div><\/div>","protected":false},"excerpt":{"rendered":"<p>As inje\u00e7\u00f5es intrav\u00edtreas envolvem a administra\u00e7\u00e3o de medicamentos diretamente no v\u00edtreo, a subst\u00e2ncia gelatinosa que preenche o olho, permitindo que o tratamento atue diretamente na retina. Este m\u00e9todo minimamente invasivo possibilita a entrega eficaz de agentes terap\u00eauticos que podem estabilizar ou melhorar a vis\u00e3o, retardando ou impedindo a progress\u00e3o de doen\u00e7as retinianas.Cada procedimento de inje\u00e7\u00e3o<\/p>\n","protected":false},"author":1,"featured_media":0,"parent":0,"menu_order":0,"comment_status":"closed","ping_status":"closed","template":"","meta":{"footnotes":""},"yoast_head":"<!-- This site is optimized with the Yoast SEO plugin v22.7 - https:\/\/yoast.com\/wordpress\/plugins\/seo\/ -->\n<title>Inje\u00e7\u00f5es Intrav\u00edtreas - Hcoe - Hospital de Olhos<\/title>\n<meta name=\"robots\" content=\"index, follow, max-snippet:-1, max-image-preview:large, max-video-preview:-1\" \/>\n<link rel=\"canonical\" href=\"https:\/\/hcoe.com.br\/web\/index.php\/injecoes-intravitreas\/\" \/>\n<meta property=\"og:locale\" content=\"pt_BR\" \/>\n<meta property=\"og:type\" content=\"article\" \/>\n<meta property=\"og:title\" content=\"Inje\u00e7\u00f5es Intrav\u00edtreas - Hcoe - Hospital de Olhos\" \/>\n<meta property=\"og:description\" content=\"As inje\u00e7\u00f5es intrav\u00edtreas envolvem a administra\u00e7\u00e3o de medicamentos diretamente no v\u00edtreo, a subst\u00e2ncia gelatinosa que preenche o olho, permitindo que o tratamento atue diretamente na retina. Este m\u00e9todo minimamente invasivo possibilita a entrega eficaz de agentes terap\u00eauticos que podem estabilizar ou melhorar a vis\u00e3o, retardando ou impedindo a progress\u00e3o de doen\u00e7as retinianas.Cada procedimento de inje\u00e7\u00e3o\" \/>\n<meta property=\"og:url\" content=\"https:\/\/hcoe.com.br\/web\/index.php\/injecoes-intravitreas\/\" \/>\n<meta property=\"og:site_name\" content=\"Hcoe - Hospital de Olhos\" \/>\n<meta property=\"article:publisher\" content=\"https:\/\/www.facebook.com\/profile.php?id=61558625227187\" \/>\n<meta property=\"og:image\" content=\"https:\/\/hcoe.com.br\/web\/wp-content\/uploads\/2024\/05\/34sxxsx.jpg\" \/>\n<meta name=\"twitter:card\" content=\"summary_large_image\" \/>\n<meta name=\"twitter:label1\" content=\"Est. tempo de leitura\" \/>\n\t<meta name=\"twitter:data1\" content=\"2 minutos\" \/>\n<script type=\"application\/ld+json\" class=\"yoast-schema-graph\">{\"@context\":\"https:\/\/schema.org\",\"@graph\":[{\"@type\":\"WebPage\",\"@id\":\"https:\/\/hcoe.com.br\/web\/index.php\/injecoes-intravitreas\/\",\"url\":\"https:\/\/hcoe.com.br\/web\/index.php\/injecoes-intravitreas\/\",\"name\":\"Inje\u00e7\u00f5es Intrav\u00edtreas - Hcoe - Hospital de Olhos\",\"isPartOf\":{\"@id\":\"https:\/\/hcoe.com.br\/web\/#website\"},\"primaryImageOfPage\":{\"@id\":\"https:\/\/hcoe.com.br\/web\/index.php\/injecoes-intravitreas\/#primaryimage\"},\"image\":{\"@id\":\"https:\/\/hcoe.com.br\/web\/index.php\/injecoes-intravitreas\/#primaryimage\"},\"thumbnailUrl\":\"https:\/\/hcoe.com.br\/web\/wp-content\/uploads\/2024\/05\/34sxxsx.jpg\",\"datePublished\":\"2024-05-08T18:53:26+00:00\",\"dateModified\":\"2024-05-08T18:53:26+00:00\",\"breadcrumb\":{\"@id\":\"https:\/\/hcoe.com.br\/web\/index.php\/injecoes-intravitreas\/#breadcrumb\"},\"inLanguage\":\"pt-BR\",\"potentialAction\":[{\"@type\":\"ReadAction\",\"target\":[\"https:\/\/hcoe.com.br\/web\/index.php\/injecoes-intravitreas\/\"]}]},{\"@type\":\"ImageObject\",\"inLanguage\":\"pt-BR\",\"@id\":\"https:\/\/hcoe.com.br\/web\/index.php\/injecoes-intravitreas\/#primaryimage\",\"url\":\"https:\/\/hcoe.com.br\/web\/wp-content\/uploads\/2024\/05\/34sxxsx.jpg\",\"contentUrl\":\"https:\/\/hcoe.com.br\/web\/wp-content\/uploads\/2024\/05\/34sxxsx.jpg\",\"width\":300,\"height\":200},{\"@type\":\"BreadcrumbList\",\"@id\":\"https:\/\/hcoe.com.br\/web\/index.php\/injecoes-intravitreas\/#breadcrumb\",\"itemListElement\":[{\"@type\":\"ListItem\",\"position\":1,\"name\":\"In\u00edcio\",\"item\":\"https:\/\/hcoe.com.br\/web\/\"},{\"@type\":\"ListItem\",\"position\":2,\"name\":\"Inje\u00e7\u00f5es Intrav\u00edtreas\"}]},{\"@type\":\"WebSite\",\"@id\":\"https:\/\/hcoe.com.br\/web\/#website\",\"url\":\"https:\/\/hcoe.com.br\/web\/\",\"name\":\"Hcoe - Hospital de Olhos\",\"description\":\"\",\"publisher\":{\"@id\":\"https:\/\/hcoe.com.br\/web\/#organization\"},\"potentialAction\":[{\"@type\":\"SearchAction\",\"target\":{\"@type\":\"EntryPoint\",\"urlTemplate\":\"https:\/\/hcoe.com.br\/web\/?s={search_term_string}\"},\"query-input\":\"required name=search_term_string\"}],\"inLanguage\":\"pt-BR\"},{\"@type\":\"Organization\",\"@id\":\"https:\/\/hcoe.com.br\/web\/#organization\",\"name\":\"Hcoe - Hospital de Olhos\",\"url\":\"https:\/\/hcoe.com.br\/web\/\",\"logo\":{\"@type\":\"ImageObject\",\"inLanguage\":\"pt-BR\",\"@id\":\"https:\/\/hcoe.com.br\/web\/#\/schema\/logo\/image\/\",\"url\":\"https:\/\/hcoe.com.br\/web\/wp-content\/uploads\/2024\/05\/Logo-Vetor.png\",\"contentUrl\":\"https:\/\/hcoe.com.br\/web\/wp-content\/uploads\/2024\/05\/Logo-Vetor.png\",\"width\":2624,\"height\":836,\"caption\":\"Hcoe - Hospital de Olhos\"},\"image\":{\"@id\":\"https:\/\/hcoe.com.br\/web\/#\/schema\/logo\/image\/\"},\"sameAs\":[\"https:\/\/www.facebook.com\/profile.php?id=61558625227187\",\"https:\/\/www.instagram.com\/hcoehospitaldeolhos\/\"]}]}<\/script>\n<!-- \/ Yoast SEO plugin. -->","yoast_head_json":{"title":"Inje\u00e7\u00f5es Intrav\u00edtreas - Hcoe - Hospital de Olhos","robots":{"index":"index","follow":"follow","max-snippet":"max-snippet:-1","max-image-preview":"max-image-preview:large","max-video-preview":"max-video-preview:-1"},"canonical":"https:\/\/hcoe.com.br\/web\/index.php\/injecoes-intravitreas\/","og_locale":"pt_BR","og_type":"article","og_title":"Inje\u00e7\u00f5es Intrav\u00edtreas - Hcoe - Hospital de Olhos","og_description":"As inje\u00e7\u00f5es intrav\u00edtreas envolvem a administra\u00e7\u00e3o de medicamentos diretamente no v\u00edtreo, a subst\u00e2ncia gelatinosa que preenche o olho, permitindo que o tratamento atue diretamente na retina. Este m\u00e9todo minimamente invasivo possibilita a entrega eficaz de agentes terap\u00eauticos que podem estabilizar ou melhorar a vis\u00e3o, retardando ou impedindo a progress\u00e3o de doen\u00e7as retinianas.Cada procedimento de inje\u00e7\u00e3o","og_url":"https:\/\/hcoe.com.br\/web\/index.php\/injecoes-intravitreas\/","og_site_name":"Hcoe - Hospital de Olhos","article_publisher":"https:\/\/www.facebook.com\/profile.php?id=61558625227187","og_image":[{"url":"https:\/\/hcoe.com.br\/web\/wp-content\/uploads\/2024\/05\/34sxxsx.jpg"}],"twitter_card":"summary_large_image","twitter_misc":{"Est. tempo de leitura":"2 minutos"},"schema":{"@context":"https:\/\/schema.org","@graph":[{"@type":"WebPage","@id":"https:\/\/hcoe.com.br\/web\/index.php\/injecoes-intravitreas\/","url":"https:\/\/hcoe.com.br\/web\/index.php\/injecoes-intravitreas\/","name":"Inje\u00e7\u00f5es Intrav\u00edtreas - Hcoe - Hospital de Olhos","isPartOf":{"@id":"https:\/\/hcoe.com.br\/web\/#website"},"primaryImageOfPage":{"@id":"https:\/\/hcoe.com.br\/web\/index.php\/injecoes-intravitreas\/#primaryimage"},"image":{"@id":"https:\/\/hcoe.com.br\/web\/index.php\/injecoes-intravitreas\/#primaryimage"},"thumbnailUrl":"https:\/\/hcoe.com.br\/web\/wp-content\/uploads\/2024\/05\/34sxxsx.jpg","datePublished":"2024-05-08T18:53:26+00:00","dateModified":"2024-05-08T18:53:26+00:00","breadcrumb":{"@id":"https:\/\/hcoe.com.br\/web\/index.php\/injecoes-intravitreas\/#breadcrumb"},"inLanguage":"pt-BR","potentialAction":[{"@type":"ReadAction","target":["https:\/\/hcoe.com.br\/web\/index.php\/injecoes-intravitreas\/"]}]},{"@type":"ImageObject","inLanguage":"pt-BR","@id":"https:\/\/hcoe.com.br\/web\/index.php\/injecoes-intravitreas\/#primaryimage","url":"https:\/\/hcoe.com.br\/web\/wp-content\/uploads\/2024\/05\/34sxxsx.jpg","contentUrl":"https:\/\/hcoe.com.br\/web\/wp-content\/uploads\/2024\/05\/34sxxsx.jpg","width":300,"height":200},{"@type":"BreadcrumbList","@id":"https:\/\/hcoe.com.br\/web\/index.php\/injecoes-intravitreas\/#breadcrumb","itemListElement":[{"@type":"ListItem","position":1,"name":"In\u00edcio","item":"https:\/\/hcoe.com.br\/web\/"},{"@type":"ListItem","position":2,"name":"Inje\u00e7\u00f5es Intrav\u00edtreas"}]},{"@type":"WebSite","@id":"https:\/\/hcoe.com.br\/web\/#website","url":"https:\/\/hcoe.com.br\/web\/","name":"Hcoe - Hospital de Olhos","description":"","publisher":{"@id":"https:\/\/hcoe.com.br\/web\/#organization"},"potentialAction":[{"@type":"SearchAction","target":{"@type":"EntryPoint","urlTemplate":"https:\/\/hcoe.com.br\/web\/?s={search_term_string}"},"query-input":"required name=search_term_string"}],"inLanguage":"pt-BR"},{"@type":"Organization","@id":"https:\/\/hcoe.com.br\/web\/#organization","name":"Hcoe - Hospital de Olhos","url":"https:\/\/hcoe.com.br\/web\/","logo":{"@type":"ImageObject","inLanguage":"pt-BR","@id":"https:\/\/hcoe.com.br\/web\/#\/schema\/logo\/image\/","url":"https:\/\/hcoe.com.br\/web\/wp-content\/uploads\/2024\/05\/Logo-Vetor.png","contentUrl":"https:\/\/hcoe.com.br\/web\/wp-content\/uploads\/2024\/05\/Logo-Vetor.png","width":2624,"height":836,"caption":"Hcoe - Hospital de Olhos"},"image":{"@id":"https:\/\/hcoe.com.br\/web\/#\/schema\/logo\/image\/"},"sameAs":["https:\/\/www.facebook.com\/profile.php?id=61558625227187","https:\/\/www.instagram.com\/hcoehospitaldeolhos\/"]}]}},"_links":{"self":[{"href":"https:\/\/hcoe.com.br\/web\/index.php\/wp-json\/wp\/v2\/pages\/3418"}],"collection":[{"href":"https:\/\/hcoe.com.br\/web\/index.php\/wp-json\/wp\/v2\/pages"}],"about":[{"href":"https:\/\/hcoe.com.br\/web\/index.php\/wp-json\/wp\/v2\/types\/page"}],"author":[{"embeddable":true,"href":"https:\/\/hcoe.com.br\/web\/index.php\/wp-json\/wp\/v2\/users\/1"}],"replies":[{"embeddable":true,"href":"https:\/\/hcoe.com.br\/web\/index.php\/wp-json\/wp\/v2\/comments?post=3418"}],"version-history":[{"count":1,"href":"https:\/\/hcoe.com.br\/web\/index.php\/wp-json\/wp\/v2\/pages\/3418\/revisions"}],"predecessor-version":[{"id":3420,"href":"https:\/\/hcoe.com.br\/web\/index.php\/wp-json\/wp\/v2\/pages\/3418\/revisions\/3420"}],"wp:attachment":[{"href":"https:\/\/hcoe.com.br\/web\/index.php\/wp-json\/wp\/v2\/media?parent=3418"}],"curies":[{"name":"wp","href":"https:\/\/api.w.org\/{rel}","templated":true}]}}