{"id":3415,"date":"2024-05-08T15:50:35","date_gmt":"2024-05-08T18:50:35","guid":{"rendered":"https:\/\/hcoe.com.br\/web\/?page_id=3415"},"modified":"2024-05-08T15:50:35","modified_gmt":"2024-05-08T18:50:35","slug":"fotocoagulacao-a-laser","status":"publish","type":"page","link":"https:\/\/hcoe.com.br\/web\/index.php\/fotocoagulacao-a-laser\/","title":{"rendered":"Fotocoagula\u00e7\u00e3o a Laser"},"content":{"rendered":"<div id=\"pl-3415\"  class=\"panel-layout\" ><div id=\"pg-3415-0\"  class=\"panel-grid panel-has-style\" ><div class=\"divider-no-animation tablet-default mobile-default desktop-default custom panel-row-style panel-row-style-for-3415-0\" ><div id=\"pgc-3415-0-0\"  class=\"panel-grid-cell\" ><div id=\"panel-3415-0-0-0\" class=\"so-panel widget widget_sow-editor panel-first-child panel-last-child\" data-index=\"0\" ><div class=\"orion panel-widget-style panel-widget-style-for-3415-0-0-0\" ><div\n\t\t\t\n\t\t\tclass=\"so-widget-sow-editor so-widget-sow-editor-base\"\n\t\t\t\n\t\t>\n<div class=\"siteorigin-widget-tinymce textwidget\">\n\t<p style=\"text-align: justify;\"><img loading=\"lazy\" decoding=\"async\" class=\"size-full wp-image-3416 aligncenter\" src=\"https:\/\/hcoe.com.br\/web\/wp-content\/uploads\/2024\/05\/ftc1c.jpg\" alt=\"\" width=\"300\" height=\"200\" srcset=\"https:\/\/hcoe.com.br\/web\/wp-content\/uploads\/2024\/05\/ftc1c.jpg 300w, https:\/\/hcoe.com.br\/web\/wp-content\/uploads\/2024\/05\/ftc1c-272x182.jpg 272w\" sizes=\"(max-width: 300px) 100vw, 300px\" \/><\/p>\n<p style=\"text-align: justify;\">A fotocoagula\u00e7\u00e3o a laser \u00e9 um procedimento n\u00e3o invasivo que utiliza a energia do laser para tratar \u00e1reas espec\u00edficas da retina. Este tratamento visa selar vasos sangu\u00edneos anormais, reduzir o edema macular e prevenir o avan\u00e7o da perda de vis\u00e3o. \u00c9 uma t\u00e9cnica precisa que permite aos nossos especialistas direcionar e tratar as \u00e1reas afetadas da retina sem danificar as \u00e1reas saud\u00e1veis circundantes.<\/p>\n<p style=\"text-align: justify;\">O procedimento \u00e9 realizado em ambiente ambulatorial, o que significa que os pacientes podem retornar \u00e0s suas atividades normais logo ap\u00f3s o tratamento. Al\u00e9m disso, a fotocoagula\u00e7\u00e3o a laser \u00e9 frequentemente r\u00e1pida e associada a desconforto m\u00ednimo, tornando-a uma op\u00e7\u00e3o de tratamento altamente toler\u00e1vel para a maioria dos pacientes.<\/p>\n<p style=\"text-align: justify;\">Durante o procedimento, s\u00e3o tomadas todas as precau\u00e7\u00f5es necess\u00e1rias para garantir uma experi\u00eancia o mais confort\u00e1vel poss\u00edvel. Ap\u00f3s o tratamento, nossos especialistas fornecem orienta\u00e7\u00f5es detalhadas sobre os cuidados p\u00f3s-procedimento, al\u00e9m de agendar acompanhamentos para monitorar a recupera\u00e7\u00e3o e a efic\u00e1cia do tratamento.<\/p>\n<p style=\"text-align: justify;\">A utiliza\u00e7\u00e3o da fotocoagula\u00e7\u00e3o a laser no tratamento de doen\u00e7as retinianas \u00e9 apenas um exemplo de como estamos na vanguarda da oftalmologia moderna. Nossa equipe de especialistas est\u00e1 comprometida em utilizar as tecnologias mais avan\u00e7adas e as t\u00e9cnicas mais inovadoras para oferecer aos nossos pacientes os melhores resultados poss\u00edveis.<\/p>\n<p style=\"text-align: justify;\">Se voc\u00ea ou algu\u00e9m que conhece est\u00e1 enfrentando problemas de vis\u00e3o relacionados a doen\u00e7as retinianas, convidamos voc\u00ea a entrar em contato conosco. Nossa equipe est\u00e1 pronta para avaliar sua condi\u00e7\u00e3o e discutir se a fotocoagula\u00e7\u00e3o a laser ou outros tratamentos oftalmol\u00f3gicos avan\u00e7ados podem ser apropriados para restaurar e preservar sua vis\u00e3o. Juntos, podemos trabalhar para garantir que voc\u00ea continue a ver o mundo com clareza.<\/p>\n<\/div>\n<\/div><\/div><\/div><\/div><div id=\"pgc-3415-0-1\"  class=\"panel-grid-cell\" ><div id=\"panel-3415-0-1-0\" class=\"so-panel widget widget_orion_image_w panel-first-child panel-last-child\" data-index=\"1\" ><div class=\"orion custom default panel-widget-style panel-widget-style-for-3415-0-1-0\" ><div\n\t\t\t\n\t\t\tclass=\"so-widget-orion_image_w so-widget-orion_image_w-base\"\n\t\t\t\n\t\t>\r\n<div class=\"image-w relative\">\r\n\r\n\t\t\t\t\t\t\t<a class=\" overlay-none overlay-hover-none\" href=\"https:\/\/api.whatsapp.com\/send\/?phone=5575981319113&#038;text&#038;type=phone_number&#038;app_absent=0\">\r\n\t\t\r\n\t\t\t\t\t<img loading=\"lazy\" decoding=\"async\" width=\"1300\" height=\"1300\" src=\"https:\/\/hcoe.com.br\/web\/wp-content\/uploads\/2024\/05\/4343ttretyryjgmjh7iuyf.jpg\" class=\"attachment- size-\" alt=\"\" \/>\t\t\t<div class=\"overlay\"><\/div>\r\n\t\t\r\n\t\t\t\t\t<\/a>\r\n\t\t\t\r\n\t\r\n\t<div class=\"absolute\">\r\n\t\t<div class=\"hover-desc table-wrap\">\r\n\t\t\t<div class=\"cell-wrap\">\r\n\t\t\t\t<h4 class=\"text-light\"><\/h4>\r\n\t\t\t<\/div>\r\n\t\t<\/div>\r\n\t<\/div>\t\t\t\t\t\r\n<\/div>\r\n\r\n<\/div><\/div><\/div><\/div><\/div><\/div><\/div>","protected":false},"excerpt":{"rendered":"<p>A fotocoagula\u00e7\u00e3o a laser \u00e9 um procedimento n\u00e3o invasivo que utiliza a energia do laser para tratar \u00e1reas espec\u00edficas da retina. Este tratamento visa selar vasos sangu\u00edneos anormais, reduzir o edema macular e prevenir o avan\u00e7o da perda de vis\u00e3o. \u00c9 uma t\u00e9cnica precisa que permite aos nossos especialistas direcionar e tratar as \u00e1reas afetadas<\/p>\n","protected":false},"author":1,"featured_media":0,"parent":0,"menu_order":0,"comment_status":"closed","ping_status":"closed","template":"","meta":{"footnotes":""},"yoast_head":"<!-- This site is optimized with the Yoast SEO plugin v22.7 - https:\/\/yoast.com\/wordpress\/plugins\/seo\/ -->\n<title>Fotocoagula\u00e7\u00e3o a Laser - Hcoe - Hospital de Olhos<\/title>\n<meta name=\"robots\" content=\"index, follow, max-snippet:-1, max-image-preview:large, max-video-preview:-1\" \/>\n<link rel=\"canonical\" href=\"https:\/\/hcoe.com.br\/web\/index.php\/fotocoagulacao-a-laser\/\" \/>\n<meta property=\"og:locale\" content=\"pt_BR\" \/>\n<meta property=\"og:type\" content=\"article\" \/>\n<meta property=\"og:title\" content=\"Fotocoagula\u00e7\u00e3o a Laser - Hcoe - Hospital de Olhos\" \/>\n<meta property=\"og:description\" content=\"A fotocoagula\u00e7\u00e3o a laser \u00e9 um procedimento n\u00e3o invasivo que utiliza a energia do laser para tratar \u00e1reas espec\u00edficas da retina. Este tratamento visa selar vasos sangu\u00edneos anormais, reduzir o edema macular e prevenir o avan\u00e7o da perda de vis\u00e3o. \u00c9 uma t\u00e9cnica precisa que permite aos nossos especialistas direcionar e tratar as \u00e1reas afetadas\" \/>\n<meta property=\"og:url\" content=\"https:\/\/hcoe.com.br\/web\/index.php\/fotocoagulacao-a-laser\/\" \/>\n<meta property=\"og:site_name\" content=\"Hcoe - Hospital de Olhos\" \/>\n<meta property=\"article:publisher\" content=\"https:\/\/www.facebook.com\/profile.php?id=61558625227187\" \/>\n<meta property=\"og:image\" content=\"https:\/\/hcoe.com.br\/web\/wp-content\/uploads\/2024\/05\/ftc1c.jpg\" \/>\n<meta name=\"twitter:card\" content=\"summary_large_image\" \/>\n<meta name=\"twitter:label1\" content=\"Est. tempo de leitura\" \/>\n\t<meta name=\"twitter:data1\" content=\"2 minutos\" \/>\n<script type=\"application\/ld+json\" class=\"yoast-schema-graph\">{\"@context\":\"https:\/\/schema.org\",\"@graph\":[{\"@type\":\"WebPage\",\"@id\":\"https:\/\/hcoe.com.br\/web\/index.php\/fotocoagulacao-a-laser\/\",\"url\":\"https:\/\/hcoe.com.br\/web\/index.php\/fotocoagulacao-a-laser\/\",\"name\":\"Fotocoagula\u00e7\u00e3o a Laser - Hcoe - Hospital de Olhos\",\"isPartOf\":{\"@id\":\"https:\/\/hcoe.com.br\/web\/#website\"},\"primaryImageOfPage\":{\"@id\":\"https:\/\/hcoe.com.br\/web\/index.php\/fotocoagulacao-a-laser\/#primaryimage\"},\"image\":{\"@id\":\"https:\/\/hcoe.com.br\/web\/index.php\/fotocoagulacao-a-laser\/#primaryimage\"},\"thumbnailUrl\":\"https:\/\/hcoe.com.br\/web\/wp-content\/uploads\/2024\/05\/ftc1c.jpg\",\"datePublished\":\"2024-05-08T18:50:35+00:00\",\"dateModified\":\"2024-05-08T18:50:35+00:00\",\"breadcrumb\":{\"@id\":\"https:\/\/hcoe.com.br\/web\/index.php\/fotocoagulacao-a-laser\/#breadcrumb\"},\"inLanguage\":\"pt-BR\",\"potentialAction\":[{\"@type\":\"ReadAction\",\"target\":[\"https:\/\/hcoe.com.br\/web\/index.php\/fotocoagulacao-a-laser\/\"]}]},{\"@type\":\"ImageObject\",\"inLanguage\":\"pt-BR\",\"@id\":\"https:\/\/hcoe.com.br\/web\/index.php\/fotocoagulacao-a-laser\/#primaryimage\",\"url\":\"https:\/\/hcoe.com.br\/web\/wp-content\/uploads\/2024\/05\/ftc1c.jpg\",\"contentUrl\":\"https:\/\/hcoe.com.br\/web\/wp-content\/uploads\/2024\/05\/ftc1c.jpg\",\"width\":300,\"height\":200},{\"@type\":\"BreadcrumbList\",\"@id\":\"https:\/\/hcoe.com.br\/web\/index.php\/fotocoagulacao-a-laser\/#breadcrumb\",\"itemListElement\":[{\"@type\":\"ListItem\",\"position\":1,\"name\":\"In\u00edcio\",\"item\":\"https:\/\/hcoe.com.br\/web\/\"},{\"@type\":\"ListItem\",\"position\":2,\"name\":\"Fotocoagula\u00e7\u00e3o a Laser\"}]},{\"@type\":\"WebSite\",\"@id\":\"https:\/\/hcoe.com.br\/web\/#website\",\"url\":\"https:\/\/hcoe.com.br\/web\/\",\"name\":\"Hcoe - Hospital de Olhos\",\"description\":\"\",\"publisher\":{\"@id\":\"https:\/\/hcoe.com.br\/web\/#organization\"},\"potentialAction\":[{\"@type\":\"SearchAction\",\"target\":{\"@type\":\"EntryPoint\",\"urlTemplate\":\"https:\/\/hcoe.com.br\/web\/?s={search_term_string}\"},\"query-input\":\"required name=search_term_string\"}],\"inLanguage\":\"pt-BR\"},{\"@type\":\"Organization\",\"@id\":\"https:\/\/hcoe.com.br\/web\/#organization\",\"name\":\"Hcoe - Hospital de Olhos\",\"url\":\"https:\/\/hcoe.com.br\/web\/\",\"logo\":{\"@type\":\"ImageObject\",\"inLanguage\":\"pt-BR\",\"@id\":\"https:\/\/hcoe.com.br\/web\/#\/schema\/logo\/image\/\",\"url\":\"https:\/\/hcoe.com.br\/web\/wp-content\/uploads\/2024\/05\/Logo-Vetor.png\",\"contentUrl\":\"https:\/\/hcoe.com.br\/web\/wp-content\/uploads\/2024\/05\/Logo-Vetor.png\",\"width\":2624,\"height\":836,\"caption\":\"Hcoe - Hospital de Olhos\"},\"image\":{\"@id\":\"https:\/\/hcoe.com.br\/web\/#\/schema\/logo\/image\/\"},\"sameAs\":[\"https:\/\/www.facebook.com\/profile.php?id=61558625227187\",\"https:\/\/www.instagram.com\/hcoehospitaldeolhos\/\"]}]}<\/script>\n<!-- \/ Yoast SEO plugin. -->","yoast_head_json":{"title":"Fotocoagula\u00e7\u00e3o a Laser - Hcoe - Hospital de Olhos","robots":{"index":"index","follow":"follow","max-snippet":"max-snippet:-1","max-image-preview":"max-image-preview:large","max-video-preview":"max-video-preview:-1"},"canonical":"https:\/\/hcoe.com.br\/web\/index.php\/fotocoagulacao-a-laser\/","og_locale":"pt_BR","og_type":"article","og_title":"Fotocoagula\u00e7\u00e3o a Laser - Hcoe - Hospital de Olhos","og_description":"A fotocoagula\u00e7\u00e3o a laser \u00e9 um procedimento n\u00e3o invasivo que utiliza a energia do laser para tratar \u00e1reas espec\u00edficas da retina. Este tratamento visa selar vasos sangu\u00edneos anormais, reduzir o edema macular e prevenir o avan\u00e7o da perda de vis\u00e3o. \u00c9 uma t\u00e9cnica precisa que permite aos nossos especialistas direcionar e tratar as \u00e1reas afetadas","og_url":"https:\/\/hcoe.com.br\/web\/index.php\/fotocoagulacao-a-laser\/","og_site_name":"Hcoe - Hospital de Olhos","article_publisher":"https:\/\/www.facebook.com\/profile.php?id=61558625227187","og_image":[{"url":"https:\/\/hcoe.com.br\/web\/wp-content\/uploads\/2024\/05\/ftc1c.jpg"}],"twitter_card":"summary_large_image","twitter_misc":{"Est. tempo de leitura":"2 minutos"},"schema":{"@context":"https:\/\/schema.org","@graph":[{"@type":"WebPage","@id":"https:\/\/hcoe.com.br\/web\/index.php\/fotocoagulacao-a-laser\/","url":"https:\/\/hcoe.com.br\/web\/index.php\/fotocoagulacao-a-laser\/","name":"Fotocoagula\u00e7\u00e3o a Laser - Hcoe - Hospital de Olhos","isPartOf":{"@id":"https:\/\/hcoe.com.br\/web\/#website"},"primaryImageOfPage":{"@id":"https:\/\/hcoe.com.br\/web\/index.php\/fotocoagulacao-a-laser\/#primaryimage"},"image":{"@id":"https:\/\/hcoe.com.br\/web\/index.php\/fotocoagulacao-a-laser\/#primaryimage"},"thumbnailUrl":"https:\/\/hcoe.com.br\/web\/wp-content\/uploads\/2024\/05\/ftc1c.jpg","datePublished":"2024-05-08T18:50:35+00:00","dateModified":"2024-05-08T18:50:35+00:00","breadcrumb":{"@id":"https:\/\/hcoe.com.br\/web\/index.php\/fotocoagulacao-a-laser\/#breadcrumb"},"inLanguage":"pt-BR","potentialAction":[{"@type":"ReadAction","target":["https:\/\/hcoe.com.br\/web\/index.php\/fotocoagulacao-a-laser\/"]}]},{"@type":"ImageObject","inLanguage":"pt-BR","@id":"https:\/\/hcoe.com.br\/web\/index.php\/fotocoagulacao-a-laser\/#primaryimage","url":"https:\/\/hcoe.com.br\/web\/wp-content\/uploads\/2024\/05\/ftc1c.jpg","contentUrl":"https:\/\/hcoe.com.br\/web\/wp-content\/uploads\/2024\/05\/ftc1c.jpg","width":300,"height":200},{"@type":"BreadcrumbList","@id":"https:\/\/hcoe.com.br\/web\/index.php\/fotocoagulacao-a-laser\/#breadcrumb","itemListElement":[{"@type":"ListItem","position":1,"name":"In\u00edcio","item":"https:\/\/hcoe.com.br\/web\/"},{"@type":"ListItem","position":2,"name":"Fotocoagula\u00e7\u00e3o a Laser"}]},{"@type":"WebSite","@id":"https:\/\/hcoe.com.br\/web\/#website","url":"https:\/\/hcoe.com.br\/web\/","name":"Hcoe - Hospital de Olhos","description":"","publisher":{"@id":"https:\/\/hcoe.com.br\/web\/#organization"},"potentialAction":[{"@type":"SearchAction","target":{"@type":"EntryPoint","urlTemplate":"https:\/\/hcoe.com.br\/web\/?s={search_term_string}"},"query-input":"required name=search_term_string"}],"inLanguage":"pt-BR"},{"@type":"Organization","@id":"https:\/\/hcoe.com.br\/web\/#organization","name":"Hcoe - Hospital de Olhos","url":"https:\/\/hcoe.com.br\/web\/","logo":{"@type":"ImageObject","inLanguage":"pt-BR","@id":"https:\/\/hcoe.com.br\/web\/#\/schema\/logo\/image\/","url":"https:\/\/hcoe.com.br\/web\/wp-content\/uploads\/2024\/05\/Logo-Vetor.png","contentUrl":"https:\/\/hcoe.com.br\/web\/wp-content\/uploads\/2024\/05\/Logo-Vetor.png","width":2624,"height":836,"caption":"Hcoe - Hospital de Olhos"},"image":{"@id":"https:\/\/hcoe.com.br\/web\/#\/schema\/logo\/image\/"},"sameAs":["https:\/\/www.facebook.com\/profile.php?id=61558625227187","https:\/\/www.instagram.com\/hcoehospitaldeolhos\/"]}]}},"_links":{"self":[{"href":"https:\/\/hcoe.com.br\/web\/index.php\/wp-json\/wp\/v2\/pages\/3415"}],"collection":[{"href":"https:\/\/hcoe.com.br\/web\/index.php\/wp-json\/wp\/v2\/pages"}],"about":[{"href":"https:\/\/hcoe.com.br\/web\/index.php\/wp-json\/wp\/v2\/types\/page"}],"author":[{"embeddable":true,"href":"https:\/\/hcoe.com.br\/web\/index.php\/wp-json\/wp\/v2\/users\/1"}],"replies":[{"embeddable":true,"href":"https:\/\/hcoe.com.br\/web\/index.php\/wp-json\/wp\/v2\/comments?post=3415"}],"version-history":[{"count":1,"href":"https:\/\/hcoe.com.br\/web\/index.php\/wp-json\/wp\/v2\/pages\/3415\/revisions"}],"predecessor-version":[{"id":3417,"href":"https:\/\/hcoe.com.br\/web\/index.php\/wp-json\/wp\/v2\/pages\/3415\/revisions\/3417"}],"wp:attachment":[{"href":"https:\/\/hcoe.com.br\/web\/index.php\/wp-json\/wp\/v2\/media?parent=3415"}],"curies":[{"name":"wp","href":"https:\/\/api.w.org\/{rel}","templated":true}]}}