{"id":3411,"date":"2024-05-08T15:46:14","date_gmt":"2024-05-08T18:46:14","guid":{"rendered":"https:\/\/hcoe.com.br\/web\/?page_id=3411"},"modified":"2024-05-08T15:47:29","modified_gmt":"2024-05-08T18:47:29","slug":"facoemulsificacao","status":"publish","type":"page","link":"https:\/\/hcoe.com.br\/web\/index.php\/facoemulsificacao\/","title":{"rendered":"Facoemulsifica\u00e7\u00e3o"},"content":{"rendered":"<div id=\"pl-3411\"  class=\"panel-layout\" ><div id=\"pg-3411-0\"  class=\"panel-grid panel-has-style\" ><div class=\"divider-no-animation tablet-default mobile-default desktop-default custom panel-row-style panel-row-style-for-3411-0\" ><div id=\"pgc-3411-0-0\"  class=\"panel-grid-cell\" ><div id=\"panel-3411-0-0-0\" class=\"so-panel widget widget_sow-editor panel-first-child panel-last-child\" data-index=\"0\" ><div class=\"orion panel-widget-style panel-widget-style-for-3411-0-0-0\" ><div\n\t\t\t\n\t\t\tclass=\"so-widget-sow-editor so-widget-sow-editor-base\"\n\t\t\t\n\t\t>\n<div class=\"siteorigin-widget-tinymce textwidget\">\n\t<p style=\"text-align: justify;\"><img loading=\"lazy\" decoding=\"async\" class=\"size-full wp-image-3412 aligncenter\" src=\"https:\/\/hcoe.com.br\/web\/wp-content\/uploads\/2024\/05\/faccir.jpg\" alt=\"\" width=\"300\" height=\"200\" srcset=\"https:\/\/hcoe.com.br\/web\/wp-content\/uploads\/2024\/05\/faccir.jpg 300w, https:\/\/hcoe.com.br\/web\/wp-content\/uploads\/2024\/05\/faccir-272x182.jpg 272w\" sizes=\"(max-width: 300px) 100vw, 300px\" \/><\/p>\n<p style=\"text-align: justify;\">A facoemulsifica\u00e7\u00e3o \u00e9 a t\u00e9cnica mais moderna e preferida para a remo\u00e7\u00e3o de cataratas. Utilizando ultrassom de alta frequ\u00eancia, esta t\u00e9cnica fragmenta a catarata (o cristalino opacificado) em pequenas part\u00edculas, que s\u00e3o ent\u00e3o aspiradas do olho. Esse m\u00e9todo permite uma recupera\u00e7\u00e3o visual r\u00e1pida e eficaz, com incis\u00f5es t\u00e3o pequenas que raramente necessitam de suturas.<\/p>\n<p style=\"text-align: justify;\">Nossa equipe de cirurgi\u00f5es oftalmol\u00f3gicos est\u00e1 \u00e0 frente no campo da cirurgia de catarata, combinando habilidade aprimorada com tecnologia de ponta. A facoemulsifica\u00e7\u00e3o \u00e9 realizada em ambiente totalmente esterilizado, sob anestesia local, garantindo conforto e seguran\u00e7a ao paciente durante todo o procedimento.<\/p>\n<p style=\"text-align: justify;\">Nossa abordagem come\u00e7a com uma avalia\u00e7\u00e3o detalhada da sa\u00fade ocular do paciente, utilizando diagn\u00f3sticos avan\u00e7ados para determinar a estrat\u00e9gia cir\u00fargica mais eficaz. Entendemos que cada olho \u00e9 \u00fanico, e essa personaliza\u00e7\u00e3o do tratamento \u00e9 fundamental para alcan\u00e7ar os melhores resultados poss\u00edveis.<\/p>\n<p style=\"text-align: justify;\">Ap\u00f3s a remo\u00e7\u00e3o da catarata, \u00e9 implantada uma lente intraocular (LIO) no olho, escolhida especificamente para atender \u00e0s necessidades visuais do paciente.<\/p>\n<p style=\"text-align: justify;\">Nossos pacientes recebem um acompanhamento cuidadoso ap\u00f3s a cirurgia, garantindo uma recupera\u00e7\u00e3o r\u00e1pida e confort\u00e1vel. O acompanhamento p\u00f3s-operat\u00f3rio \u00e9 essencial para monitorar a sa\u00fade ocular do paciente e ajustar qualquer tratamento adicional necess\u00e1rio, assegurando a m\u00e1xima recupera\u00e7\u00e3o da vis\u00e3o.<\/p>\n<p style=\"text-align: justify;\">Estamos comprometidos em oferecer cuidados oftalmol\u00f3gicos excepcionais. A facoemulsifica\u00e7\u00e3o \u00e9 apenas um exemplo de como nossa combina\u00e7\u00e3o de especializa\u00e7\u00e3o m\u00e9dica, tecnologia e aten\u00e7\u00e3o personalizada pode melhorar significativamente a qualidade de vida de nossos pacientes.<\/p>\n<\/div>\n<\/div><\/div><\/div><\/div><div id=\"pgc-3411-0-1\"  class=\"panel-grid-cell\" ><div id=\"panel-3411-0-1-0\" class=\"so-panel widget widget_orion_image_w panel-first-child panel-last-child\" data-index=\"1\" ><div class=\"orion custom default panel-widget-style panel-widget-style-for-3411-0-1-0\" ><div\n\t\t\t\n\t\t\tclass=\"so-widget-orion_image_w so-widget-orion_image_w-base\"\n\t\t\t\n\t\t>\r\n<div class=\"image-w relative\">\r\n\r\n\t\t\t\t\t\t\t<a class=\" overlay-none overlay-hover-none\" href=\"https:\/\/api.whatsapp.com\/send\/?phone=5575981319113&#038;text&#038;type=phone_number&#038;app_absent=0\">\r\n\t\t\r\n\t\t\t\t\t<img loading=\"lazy\" decoding=\"async\" width=\"1300\" height=\"1300\" src=\"https:\/\/hcoe.com.br\/web\/wp-content\/uploads\/2024\/05\/4343ttretyryjgmjh7iuyf.jpg\" class=\"attachment- size-\" alt=\"\" \/>\t\t\t<div class=\"overlay\"><\/div>\r\n\t\t\r\n\t\t\t\t\t<\/a>\r\n\t\t\t\r\n\t\r\n\t<div class=\"absolute\">\r\n\t\t<div class=\"hover-desc table-wrap\">\r\n\t\t\t<div class=\"cell-wrap\">\r\n\t\t\t\t<h4 class=\"text-light\"><\/h4>\r\n\t\t\t<\/div>\r\n\t\t<\/div>\r\n\t<\/div>\t\t\t\t\t\r\n<\/div>\r\n\r\n<\/div><\/div><\/div><\/div><\/div><\/div><\/div>","protected":false},"excerpt":{"rendered":"<p>A facoemulsifica\u00e7\u00e3o \u00e9 a t\u00e9cnica mais moderna e preferida para a remo\u00e7\u00e3o de cataratas. Utilizando ultrassom de alta frequ\u00eancia, esta t\u00e9cnica fragmenta a catarata (o cristalino opacificado) em pequenas part\u00edculas, que s\u00e3o ent\u00e3o aspiradas do olho. Esse m\u00e9todo permite uma recupera\u00e7\u00e3o visual r\u00e1pida e eficaz, com incis\u00f5es t\u00e3o pequenas que raramente necessitam de suturas.Nossa equipe<\/p>\n","protected":false},"author":1,"featured_media":0,"parent":0,"menu_order":0,"comment_status":"closed","ping_status":"closed","template":"","meta":{"footnotes":""},"yoast_head":"<!-- This site is optimized with the Yoast SEO plugin v22.7 - https:\/\/yoast.com\/wordpress\/plugins\/seo\/ -->\n<title>Facoemulsifica\u00e7\u00e3o - Hcoe - Hospital de Olhos<\/title>\n<meta name=\"robots\" content=\"index, follow, max-snippet:-1, max-image-preview:large, max-video-preview:-1\" \/>\n<link rel=\"canonical\" href=\"https:\/\/hcoe.com.br\/web\/index.php\/facoemulsificacao\/\" \/>\n<meta property=\"og:locale\" content=\"pt_BR\" \/>\n<meta property=\"og:type\" content=\"article\" \/>\n<meta property=\"og:title\" content=\"Facoemulsifica\u00e7\u00e3o - Hcoe - Hospital de Olhos\" \/>\n<meta property=\"og:description\" content=\"A facoemulsifica\u00e7\u00e3o \u00e9 a t\u00e9cnica mais moderna e preferida para a remo\u00e7\u00e3o de cataratas. Utilizando ultrassom de alta frequ\u00eancia, esta t\u00e9cnica fragmenta a catarata (o cristalino opacificado) em pequenas part\u00edculas, que s\u00e3o ent\u00e3o aspiradas do olho. Esse m\u00e9todo permite uma recupera\u00e7\u00e3o visual r\u00e1pida e eficaz, com incis\u00f5es t\u00e3o pequenas que raramente necessitam de suturas.Nossa equipe\" \/>\n<meta property=\"og:url\" content=\"https:\/\/hcoe.com.br\/web\/index.php\/facoemulsificacao\/\" \/>\n<meta property=\"og:site_name\" content=\"Hcoe - Hospital de Olhos\" \/>\n<meta property=\"article:publisher\" content=\"https:\/\/www.facebook.com\/profile.php?id=61558625227187\" \/>\n<meta property=\"article:modified_time\" content=\"2024-05-08T18:47:29+00:00\" \/>\n<meta property=\"og:image\" content=\"https:\/\/hcoe.com.br\/web\/wp-content\/uploads\/2024\/05\/faccir.jpg\" \/>\n<meta name=\"twitter:card\" content=\"summary_large_image\" \/>\n<meta name=\"twitter:label1\" content=\"Est. tempo de leitura\" \/>\n\t<meta name=\"twitter:data1\" content=\"1 minuto\" \/>\n<script type=\"application\/ld+json\" class=\"yoast-schema-graph\">{\"@context\":\"https:\/\/schema.org\",\"@graph\":[{\"@type\":\"WebPage\",\"@id\":\"https:\/\/hcoe.com.br\/web\/index.php\/facoemulsificacao\/\",\"url\":\"https:\/\/hcoe.com.br\/web\/index.php\/facoemulsificacao\/\",\"name\":\"Facoemulsifica\u00e7\u00e3o - Hcoe - Hospital de Olhos\",\"isPartOf\":{\"@id\":\"https:\/\/hcoe.com.br\/web\/#website\"},\"primaryImageOfPage\":{\"@id\":\"https:\/\/hcoe.com.br\/web\/index.php\/facoemulsificacao\/#primaryimage\"},\"image\":{\"@id\":\"https:\/\/hcoe.com.br\/web\/index.php\/facoemulsificacao\/#primaryimage\"},\"thumbnailUrl\":\"https:\/\/hcoe.com.br\/web\/wp-content\/uploads\/2024\/05\/faccir.jpg\",\"datePublished\":\"2024-05-08T18:46:14+00:00\",\"dateModified\":\"2024-05-08T18:47:29+00:00\",\"breadcrumb\":{\"@id\":\"https:\/\/hcoe.com.br\/web\/index.php\/facoemulsificacao\/#breadcrumb\"},\"inLanguage\":\"pt-BR\",\"potentialAction\":[{\"@type\":\"ReadAction\",\"target\":[\"https:\/\/hcoe.com.br\/web\/index.php\/facoemulsificacao\/\"]}]},{\"@type\":\"ImageObject\",\"inLanguage\":\"pt-BR\",\"@id\":\"https:\/\/hcoe.com.br\/web\/index.php\/facoemulsificacao\/#primaryimage\",\"url\":\"https:\/\/hcoe.com.br\/web\/wp-content\/uploads\/2024\/05\/faccir.jpg\",\"contentUrl\":\"https:\/\/hcoe.com.br\/web\/wp-content\/uploads\/2024\/05\/faccir.jpg\",\"width\":300,\"height\":200},{\"@type\":\"BreadcrumbList\",\"@id\":\"https:\/\/hcoe.com.br\/web\/index.php\/facoemulsificacao\/#breadcrumb\",\"itemListElement\":[{\"@type\":\"ListItem\",\"position\":1,\"name\":\"In\u00edcio\",\"item\":\"https:\/\/hcoe.com.br\/web\/\"},{\"@type\":\"ListItem\",\"position\":2,\"name\":\"Facoemulsifica\u00e7\u00e3o\"}]},{\"@type\":\"WebSite\",\"@id\":\"https:\/\/hcoe.com.br\/web\/#website\",\"url\":\"https:\/\/hcoe.com.br\/web\/\",\"name\":\"Hcoe - Hospital de Olhos\",\"description\":\"\",\"publisher\":{\"@id\":\"https:\/\/hcoe.com.br\/web\/#organization\"},\"potentialAction\":[{\"@type\":\"SearchAction\",\"target\":{\"@type\":\"EntryPoint\",\"urlTemplate\":\"https:\/\/hcoe.com.br\/web\/?s={search_term_string}\"},\"query-input\":\"required name=search_term_string\"}],\"inLanguage\":\"pt-BR\"},{\"@type\":\"Organization\",\"@id\":\"https:\/\/hcoe.com.br\/web\/#organization\",\"name\":\"Hcoe - Hospital de Olhos\",\"url\":\"https:\/\/hcoe.com.br\/web\/\",\"logo\":{\"@type\":\"ImageObject\",\"inLanguage\":\"pt-BR\",\"@id\":\"https:\/\/hcoe.com.br\/web\/#\/schema\/logo\/image\/\",\"url\":\"https:\/\/hcoe.com.br\/web\/wp-content\/uploads\/2024\/05\/Logo-Vetor.png\",\"contentUrl\":\"https:\/\/hcoe.com.br\/web\/wp-content\/uploads\/2024\/05\/Logo-Vetor.png\",\"width\":2624,\"height\":836,\"caption\":\"Hcoe - Hospital de Olhos\"},\"image\":{\"@id\":\"https:\/\/hcoe.com.br\/web\/#\/schema\/logo\/image\/\"},\"sameAs\":[\"https:\/\/www.facebook.com\/profile.php?id=61558625227187\",\"https:\/\/www.instagram.com\/hcoehospitaldeolhos\/\"]}]}<\/script>\n<!-- \/ Yoast SEO plugin. -->","yoast_head_json":{"title":"Facoemulsifica\u00e7\u00e3o - Hcoe - Hospital de Olhos","robots":{"index":"index","follow":"follow","max-snippet":"max-snippet:-1","max-image-preview":"max-image-preview:large","max-video-preview":"max-video-preview:-1"},"canonical":"https:\/\/hcoe.com.br\/web\/index.php\/facoemulsificacao\/","og_locale":"pt_BR","og_type":"article","og_title":"Facoemulsifica\u00e7\u00e3o - Hcoe - Hospital de Olhos","og_description":"A facoemulsifica\u00e7\u00e3o \u00e9 a t\u00e9cnica mais moderna e preferida para a remo\u00e7\u00e3o de cataratas. Utilizando ultrassom de alta frequ\u00eancia, esta t\u00e9cnica fragmenta a catarata (o cristalino opacificado) em pequenas part\u00edculas, que s\u00e3o ent\u00e3o aspiradas do olho. Esse m\u00e9todo permite uma recupera\u00e7\u00e3o visual r\u00e1pida e eficaz, com incis\u00f5es t\u00e3o pequenas que raramente necessitam de suturas.Nossa equipe","og_url":"https:\/\/hcoe.com.br\/web\/index.php\/facoemulsificacao\/","og_site_name":"Hcoe - Hospital de Olhos","article_publisher":"https:\/\/www.facebook.com\/profile.php?id=61558625227187","article_modified_time":"2024-05-08T18:47:29+00:00","og_image":[{"url":"https:\/\/hcoe.com.br\/web\/wp-content\/uploads\/2024\/05\/faccir.jpg"}],"twitter_card":"summary_large_image","twitter_misc":{"Est. tempo de leitura":"1 minuto"},"schema":{"@context":"https:\/\/schema.org","@graph":[{"@type":"WebPage","@id":"https:\/\/hcoe.com.br\/web\/index.php\/facoemulsificacao\/","url":"https:\/\/hcoe.com.br\/web\/index.php\/facoemulsificacao\/","name":"Facoemulsifica\u00e7\u00e3o - Hcoe - Hospital de Olhos","isPartOf":{"@id":"https:\/\/hcoe.com.br\/web\/#website"},"primaryImageOfPage":{"@id":"https:\/\/hcoe.com.br\/web\/index.php\/facoemulsificacao\/#primaryimage"},"image":{"@id":"https:\/\/hcoe.com.br\/web\/index.php\/facoemulsificacao\/#primaryimage"},"thumbnailUrl":"https:\/\/hcoe.com.br\/web\/wp-content\/uploads\/2024\/05\/faccir.jpg","datePublished":"2024-05-08T18:46:14+00:00","dateModified":"2024-05-08T18:47:29+00:00","breadcrumb":{"@id":"https:\/\/hcoe.com.br\/web\/index.php\/facoemulsificacao\/#breadcrumb"},"inLanguage":"pt-BR","potentialAction":[{"@type":"ReadAction","target":["https:\/\/hcoe.com.br\/web\/index.php\/facoemulsificacao\/"]}]},{"@type":"ImageObject","inLanguage":"pt-BR","@id":"https:\/\/hcoe.com.br\/web\/index.php\/facoemulsificacao\/#primaryimage","url":"https:\/\/hcoe.com.br\/web\/wp-content\/uploads\/2024\/05\/faccir.jpg","contentUrl":"https:\/\/hcoe.com.br\/web\/wp-content\/uploads\/2024\/05\/faccir.jpg","width":300,"height":200},{"@type":"BreadcrumbList","@id":"https:\/\/hcoe.com.br\/web\/index.php\/facoemulsificacao\/#breadcrumb","itemListElement":[{"@type":"ListItem","position":1,"name":"In\u00edcio","item":"https:\/\/hcoe.com.br\/web\/"},{"@type":"ListItem","position":2,"name":"Facoemulsifica\u00e7\u00e3o"}]},{"@type":"WebSite","@id":"https:\/\/hcoe.com.br\/web\/#website","url":"https:\/\/hcoe.com.br\/web\/","name":"Hcoe - Hospital de Olhos","description":"","publisher":{"@id":"https:\/\/hcoe.com.br\/web\/#organization"},"potentialAction":[{"@type":"SearchAction","target":{"@type":"EntryPoint","urlTemplate":"https:\/\/hcoe.com.br\/web\/?s={search_term_string}"},"query-input":"required name=search_term_string"}],"inLanguage":"pt-BR"},{"@type":"Organization","@id":"https:\/\/hcoe.com.br\/web\/#organization","name":"Hcoe - Hospital de Olhos","url":"https:\/\/hcoe.com.br\/web\/","logo":{"@type":"ImageObject","inLanguage":"pt-BR","@id":"https:\/\/hcoe.com.br\/web\/#\/schema\/logo\/image\/","url":"https:\/\/hcoe.com.br\/web\/wp-content\/uploads\/2024\/05\/Logo-Vetor.png","contentUrl":"https:\/\/hcoe.com.br\/web\/wp-content\/uploads\/2024\/05\/Logo-Vetor.png","width":2624,"height":836,"caption":"Hcoe - Hospital de Olhos"},"image":{"@id":"https:\/\/hcoe.com.br\/web\/#\/schema\/logo\/image\/"},"sameAs":["https:\/\/www.facebook.com\/profile.php?id=61558625227187","https:\/\/www.instagram.com\/hcoehospitaldeolhos\/"]}]}},"_links":{"self":[{"href":"https:\/\/hcoe.com.br\/web\/index.php\/wp-json\/wp\/v2\/pages\/3411"}],"collection":[{"href":"https:\/\/hcoe.com.br\/web\/index.php\/wp-json\/wp\/v2\/pages"}],"about":[{"href":"https:\/\/hcoe.com.br\/web\/index.php\/wp-json\/wp\/v2\/types\/page"}],"author":[{"embeddable":true,"href":"https:\/\/hcoe.com.br\/web\/index.php\/wp-json\/wp\/v2\/users\/1"}],"replies":[{"embeddable":true,"href":"https:\/\/hcoe.com.br\/web\/index.php\/wp-json\/wp\/v2\/comments?post=3411"}],"version-history":[{"count":2,"href":"https:\/\/hcoe.com.br\/web\/index.php\/wp-json\/wp\/v2\/pages\/3411\/revisions"}],"predecessor-version":[{"id":3414,"href":"https:\/\/hcoe.com.br\/web\/index.php\/wp-json\/wp\/v2\/pages\/3411\/revisions\/3414"}],"wp:attachment":[{"href":"https:\/\/hcoe.com.br\/web\/index.php\/wp-json\/wp\/v2\/media?parent=3411"}],"curies":[{"name":"wp","href":"https:\/\/api.w.org\/{rel}","templated":true}]}}