{"id":3408,"date":"2024-05-08T15:41:34","date_gmt":"2024-05-08T18:41:34","guid":{"rendered":"https:\/\/hcoe.com.br\/web\/?page_id=3408"},"modified":"2024-05-08T15:42:47","modified_gmt":"2024-05-08T18:42:47","slug":"explante-de-lente-intra-ocular","status":"publish","type":"page","link":"https:\/\/hcoe.com.br\/web\/index.php\/explante-de-lente-intra-ocular\/","title":{"rendered":"Explante de Lente Intra Ocular"},"content":{"rendered":"<div id=\"pl-3408\"  class=\"panel-layout\" ><div id=\"pg-3408-0\"  class=\"panel-grid panel-has-style\" ><div class=\"divider-no-animation tablet-default mobile-default desktop-default custom panel-row-style panel-row-style-for-3408-0\" ><div id=\"pgc-3408-0-0\"  class=\"panel-grid-cell\" ><div id=\"panel-3408-0-0-0\" class=\"so-panel widget widget_sow-editor panel-first-child panel-last-child\" data-index=\"0\" ><div class=\"orion panel-widget-style panel-widget-style-for-3408-0-0-0\" ><div\n\t\t\t\n\t\t\tclass=\"so-widget-sow-editor so-widget-sow-editor-base\"\n\t\t\t\n\t\t>\n<div class=\"siteorigin-widget-tinymce textwidget\">\n\t<p style=\"text-align: justify;\"><img loading=\"lazy\" decoding=\"async\" class=\"size-full wp-image-3409 aligncenter\" src=\"https:\/\/hcoe.com.br\/web\/wp-content\/uploads\/2024\/05\/lio.jpg\" alt=\"\" width=\"300\" height=\"200\" srcset=\"https:\/\/hcoe.com.br\/web\/wp-content\/uploads\/2024\/05\/lio.jpg 300w, https:\/\/hcoe.com.br\/web\/wp-content\/uploads\/2024\/05\/lio-272x182.jpg 272w\" sizes=\"(max-width: 300px) 100vw, 300px\" \/><\/p>\n<p style=\"text-align: justify;\">A cirurgia de explante de LIO \u00e9 indicada em situa\u00e7\u00f5es onde a lente previamente implantada n\u00e3o oferece mais a melhor corre\u00e7\u00e3o visual, seja por deslocamento da lente, complica\u00e7\u00f5es ap\u00f3s a cirurgia de catarata, ou mudan\u00e7as na refra\u00e7\u00e3o ocular. Nossa equipe de cirurgi\u00f5es especializados est\u00e1 equipada para avaliar e executar esse procedimento delicado, assegurando que cada paciente receba o tratamento mais adequado \u00e0s suas necessidades espec\u00edficas.<\/p>\n<p style=\"text-align: justify;\">Utilizamos tecnologia de ponta para avalia\u00e7\u00e3o detalhada da situa\u00e7\u00e3o da lente e da sa\u00fade ocular do paciente, garantindo que o planejamento cir\u00fargico seja feito com a maior precis\u00e3o poss\u00edvel. A seguran\u00e7a e o conforto do paciente s\u00e3o prioridades em todo o processo, desde a consulta inicial at\u00e9 o acompanhamento p\u00f3s-operat\u00f3rio.<\/p>\n<p style=\"text-align: justify;\">A cirurgia \u00e9 realizada em ambiente esterilizado, sob anestesia local, minimizando desconfortos e promovendo uma recupera\u00e7\u00e3o r\u00e1pida. Durante o procedimento, a lente intraocular problem\u00e1tica \u00e9 cuidadosamente removida e, se necess\u00e1rio, substitu\u00edda por uma nova lente, escolhida especificamente para atender \u00e0s exig\u00eancias visuais do paciente. Esta abordagem personalizada n\u00e3o apenas restaura a qualidade da vis\u00e3o, mas tamb\u00e9m contribui significativamente para a melhoria da qualidade de vida do paciente.<\/p>\n<p style=\"text-align: justify;\">Ap\u00f3s o procedimento, oferecemos um acompanhamento cuidadoso para monitorar a recupera\u00e7\u00e3o e otimizar os resultados visuais. Nossa equipe est\u00e1 sempre dispon\u00edvel para esclarecer d\u00favidas e fornecer orienta\u00e7\u00f5es, assegurando que cada paciente receba o apoio necess\u00e1rio durante o processo de cura.<\/p>\n<p style=\"text-align: justify;\">O explante de LIO no Hospital de Olhos HCOE, \u00e9 mais do que um procedimento cir\u00fargico; \u00e9 uma jornada em dire\u00e7\u00e3o \u00e0 recupera\u00e7\u00e3o da vis\u00e3o clara e da qualidade de vida. Com uma combina\u00e7\u00e3o de especializa\u00e7\u00e3o m\u00e9dica, tecnologia e aten\u00e7\u00e3o personalizada, estamos dedicados a alcan\u00e7ar os melhores resultados para nossos pacientes.<\/p>\n<p style=\"text-align: justify;\">Se voc\u00ea est\u00e1 enfrentando dificuldades com uma lente intraocular previamente implantada e acredita que possa se beneficiar do procedimento de explante, convidamos voc\u00ea a entrar em contato conosco.\u00a0<\/p>\n<\/div>\n<\/div><\/div><\/div><\/div><div id=\"pgc-3408-0-1\"  class=\"panel-grid-cell\" ><div id=\"panel-3408-0-1-0\" class=\"so-panel widget widget_orion_image_w panel-first-child panel-last-child\" data-index=\"1\" ><div class=\"orion custom default panel-widget-style panel-widget-style-for-3408-0-1-0\" ><div\n\t\t\t\n\t\t\tclass=\"so-widget-orion_image_w so-widget-orion_image_w-base\"\n\t\t\t\n\t\t>\r\n<div class=\"image-w relative\">\r\n\r\n\t\t\t\t\t\t\t<a class=\" overlay-none overlay-hover-none\" href=\"https:\/\/api.whatsapp.com\/send\/?phone=5575981319113&#038;text&#038;type=phone_number&#038;app_absent=0\">\r\n\t\t\r\n\t\t\t\t\t<img loading=\"lazy\" decoding=\"async\" width=\"1300\" height=\"1300\" src=\"https:\/\/hcoe.com.br\/web\/wp-content\/uploads\/2024\/05\/4343ttretyryjgmjh7iuyf.jpg\" class=\"attachment- size-\" alt=\"\" \/>\t\t\t<div class=\"overlay\"><\/div>\r\n\t\t\r\n\t\t\t\t\t<\/a>\r\n\t\t\t\r\n\t\r\n\t<div class=\"absolute\">\r\n\t\t<div class=\"hover-desc table-wrap\">\r\n\t\t\t<div class=\"cell-wrap\">\r\n\t\t\t\t<h4 class=\"text-light\"><\/h4>\r\n\t\t\t<\/div>\r\n\t\t<\/div>\r\n\t<\/div>\t\t\t\t\t\r\n<\/div>\r\n\r\n<\/div><\/div><\/div><\/div><\/div><\/div><\/div>","protected":false},"excerpt":{"rendered":"<p>A cirurgia de explante de LIO \u00e9 indicada em situa\u00e7\u00f5es onde a lente previamente implantada n\u00e3o oferece mais a melhor corre\u00e7\u00e3o visual, seja por deslocamento da lente, complica\u00e7\u00f5es ap\u00f3s a cirurgia de catarata, ou mudan\u00e7as na refra\u00e7\u00e3o ocular. Nossa equipe de cirurgi\u00f5es especializados est\u00e1 equipada para avaliar e executar esse procedimento delicado, assegurando que cada<\/p>\n","protected":false},"author":1,"featured_media":0,"parent":0,"menu_order":0,"comment_status":"closed","ping_status":"closed","template":"","meta":{"footnotes":""},"yoast_head":"<!-- This site is optimized with the Yoast SEO plugin v22.7 - https:\/\/yoast.com\/wordpress\/plugins\/seo\/ -->\n<title>Explante de Lente Intra Ocular - Hcoe - Hospital de Olhos<\/title>\n<meta name=\"robots\" content=\"index, follow, max-snippet:-1, max-image-preview:large, max-video-preview:-1\" \/>\n<link rel=\"canonical\" href=\"https:\/\/hcoe.com.br\/web\/index.php\/explante-de-lente-intra-ocular\/\" \/>\n<meta property=\"og:locale\" content=\"pt_BR\" \/>\n<meta property=\"og:type\" content=\"article\" \/>\n<meta property=\"og:title\" content=\"Explante de Lente Intra Ocular - Hcoe - Hospital de Olhos\" \/>\n<meta property=\"og:description\" content=\"A cirurgia de explante de LIO \u00e9 indicada em situa\u00e7\u00f5es onde a lente previamente implantada n\u00e3o oferece mais a melhor corre\u00e7\u00e3o visual, seja por deslocamento da lente, complica\u00e7\u00f5es ap\u00f3s a cirurgia de catarata, ou mudan\u00e7as na refra\u00e7\u00e3o ocular. Nossa equipe de cirurgi\u00f5es especializados est\u00e1 equipada para avaliar e executar esse procedimento delicado, assegurando que cada\" \/>\n<meta property=\"og:url\" content=\"https:\/\/hcoe.com.br\/web\/index.php\/explante-de-lente-intra-ocular\/\" \/>\n<meta property=\"og:site_name\" content=\"Hcoe - Hospital de Olhos\" \/>\n<meta property=\"article:publisher\" content=\"https:\/\/www.facebook.com\/profile.php?id=61558625227187\" \/>\n<meta property=\"article:modified_time\" content=\"2024-05-08T18:42:47+00:00\" \/>\n<meta property=\"og:image\" content=\"https:\/\/hcoe.com.br\/web\/wp-content\/uploads\/2024\/05\/lio.jpg\" \/>\n<meta name=\"twitter:card\" content=\"summary_large_image\" \/>\n<meta name=\"twitter:label1\" content=\"Est. tempo de leitura\" \/>\n\t<meta name=\"twitter:data1\" content=\"2 minutos\" \/>\n<script type=\"application\/ld+json\" class=\"yoast-schema-graph\">{\"@context\":\"https:\/\/schema.org\",\"@graph\":[{\"@type\":\"WebPage\",\"@id\":\"https:\/\/hcoe.com.br\/web\/index.php\/explante-de-lente-intra-ocular\/\",\"url\":\"https:\/\/hcoe.com.br\/web\/index.php\/explante-de-lente-intra-ocular\/\",\"name\":\"Explante de Lente Intra Ocular - Hcoe - Hospital de Olhos\",\"isPartOf\":{\"@id\":\"https:\/\/hcoe.com.br\/web\/#website\"},\"primaryImageOfPage\":{\"@id\":\"https:\/\/hcoe.com.br\/web\/index.php\/explante-de-lente-intra-ocular\/#primaryimage\"},\"image\":{\"@id\":\"https:\/\/hcoe.com.br\/web\/index.php\/explante-de-lente-intra-ocular\/#primaryimage\"},\"thumbnailUrl\":\"https:\/\/hcoe.com.br\/web\/wp-content\/uploads\/2024\/05\/lio.jpg\",\"datePublished\":\"2024-05-08T18:41:34+00:00\",\"dateModified\":\"2024-05-08T18:42:47+00:00\",\"breadcrumb\":{\"@id\":\"https:\/\/hcoe.com.br\/web\/index.php\/explante-de-lente-intra-ocular\/#breadcrumb\"},\"inLanguage\":\"pt-BR\",\"potentialAction\":[{\"@type\":\"ReadAction\",\"target\":[\"https:\/\/hcoe.com.br\/web\/index.php\/explante-de-lente-intra-ocular\/\"]}]},{\"@type\":\"ImageObject\",\"inLanguage\":\"pt-BR\",\"@id\":\"https:\/\/hcoe.com.br\/web\/index.php\/explante-de-lente-intra-ocular\/#primaryimage\",\"url\":\"https:\/\/hcoe.com.br\/web\/wp-content\/uploads\/2024\/05\/lio.jpg\",\"contentUrl\":\"https:\/\/hcoe.com.br\/web\/wp-content\/uploads\/2024\/05\/lio.jpg\",\"width\":300,\"height\":200},{\"@type\":\"BreadcrumbList\",\"@id\":\"https:\/\/hcoe.com.br\/web\/index.php\/explante-de-lente-intra-ocular\/#breadcrumb\",\"itemListElement\":[{\"@type\":\"ListItem\",\"position\":1,\"name\":\"In\u00edcio\",\"item\":\"https:\/\/hcoe.com.br\/web\/\"},{\"@type\":\"ListItem\",\"position\":2,\"name\":\"Explante de Lente Intra Ocular\"}]},{\"@type\":\"WebSite\",\"@id\":\"https:\/\/hcoe.com.br\/web\/#website\",\"url\":\"https:\/\/hcoe.com.br\/web\/\",\"name\":\"Hcoe - Hospital de Olhos\",\"description\":\"\",\"publisher\":{\"@id\":\"https:\/\/hcoe.com.br\/web\/#organization\"},\"potentialAction\":[{\"@type\":\"SearchAction\",\"target\":{\"@type\":\"EntryPoint\",\"urlTemplate\":\"https:\/\/hcoe.com.br\/web\/?s={search_term_string}\"},\"query-input\":\"required name=search_term_string\"}],\"inLanguage\":\"pt-BR\"},{\"@type\":\"Organization\",\"@id\":\"https:\/\/hcoe.com.br\/web\/#organization\",\"name\":\"Hcoe - Hospital de Olhos\",\"url\":\"https:\/\/hcoe.com.br\/web\/\",\"logo\":{\"@type\":\"ImageObject\",\"inLanguage\":\"pt-BR\",\"@id\":\"https:\/\/hcoe.com.br\/web\/#\/schema\/logo\/image\/\",\"url\":\"https:\/\/hcoe.com.br\/web\/wp-content\/uploads\/2024\/05\/Logo-Vetor.png\",\"contentUrl\":\"https:\/\/hcoe.com.br\/web\/wp-content\/uploads\/2024\/05\/Logo-Vetor.png\",\"width\":2624,\"height\":836,\"caption\":\"Hcoe - Hospital de Olhos\"},\"image\":{\"@id\":\"https:\/\/hcoe.com.br\/web\/#\/schema\/logo\/image\/\"},\"sameAs\":[\"https:\/\/www.facebook.com\/profile.php?id=61558625227187\",\"https:\/\/www.instagram.com\/hcoehospitaldeolhos\/\"]}]}<\/script>\n<!-- \/ Yoast SEO plugin. -->","yoast_head_json":{"title":"Explante de Lente Intra Ocular - Hcoe - Hospital de Olhos","robots":{"index":"index","follow":"follow","max-snippet":"max-snippet:-1","max-image-preview":"max-image-preview:large","max-video-preview":"max-video-preview:-1"},"canonical":"https:\/\/hcoe.com.br\/web\/index.php\/explante-de-lente-intra-ocular\/","og_locale":"pt_BR","og_type":"article","og_title":"Explante de Lente Intra Ocular - Hcoe - Hospital de Olhos","og_description":"A cirurgia de explante de LIO \u00e9 indicada em situa\u00e7\u00f5es onde a lente previamente implantada n\u00e3o oferece mais a melhor corre\u00e7\u00e3o visual, seja por deslocamento da lente, complica\u00e7\u00f5es ap\u00f3s a cirurgia de catarata, ou mudan\u00e7as na refra\u00e7\u00e3o ocular. Nossa equipe de cirurgi\u00f5es especializados est\u00e1 equipada para avaliar e executar esse procedimento delicado, assegurando que cada","og_url":"https:\/\/hcoe.com.br\/web\/index.php\/explante-de-lente-intra-ocular\/","og_site_name":"Hcoe - Hospital de Olhos","article_publisher":"https:\/\/www.facebook.com\/profile.php?id=61558625227187","article_modified_time":"2024-05-08T18:42:47+00:00","og_image":[{"url":"https:\/\/hcoe.com.br\/web\/wp-content\/uploads\/2024\/05\/lio.jpg"}],"twitter_card":"summary_large_image","twitter_misc":{"Est. tempo de leitura":"2 minutos"},"schema":{"@context":"https:\/\/schema.org","@graph":[{"@type":"WebPage","@id":"https:\/\/hcoe.com.br\/web\/index.php\/explante-de-lente-intra-ocular\/","url":"https:\/\/hcoe.com.br\/web\/index.php\/explante-de-lente-intra-ocular\/","name":"Explante de Lente Intra Ocular - Hcoe - Hospital de Olhos","isPartOf":{"@id":"https:\/\/hcoe.com.br\/web\/#website"},"primaryImageOfPage":{"@id":"https:\/\/hcoe.com.br\/web\/index.php\/explante-de-lente-intra-ocular\/#primaryimage"},"image":{"@id":"https:\/\/hcoe.com.br\/web\/index.php\/explante-de-lente-intra-ocular\/#primaryimage"},"thumbnailUrl":"https:\/\/hcoe.com.br\/web\/wp-content\/uploads\/2024\/05\/lio.jpg","datePublished":"2024-05-08T18:41:34+00:00","dateModified":"2024-05-08T18:42:47+00:00","breadcrumb":{"@id":"https:\/\/hcoe.com.br\/web\/index.php\/explante-de-lente-intra-ocular\/#breadcrumb"},"inLanguage":"pt-BR","potentialAction":[{"@type":"ReadAction","target":["https:\/\/hcoe.com.br\/web\/index.php\/explante-de-lente-intra-ocular\/"]}]},{"@type":"ImageObject","inLanguage":"pt-BR","@id":"https:\/\/hcoe.com.br\/web\/index.php\/explante-de-lente-intra-ocular\/#primaryimage","url":"https:\/\/hcoe.com.br\/web\/wp-content\/uploads\/2024\/05\/lio.jpg","contentUrl":"https:\/\/hcoe.com.br\/web\/wp-content\/uploads\/2024\/05\/lio.jpg","width":300,"height":200},{"@type":"BreadcrumbList","@id":"https:\/\/hcoe.com.br\/web\/index.php\/explante-de-lente-intra-ocular\/#breadcrumb","itemListElement":[{"@type":"ListItem","position":1,"name":"In\u00edcio","item":"https:\/\/hcoe.com.br\/web\/"},{"@type":"ListItem","position":2,"name":"Explante de Lente Intra Ocular"}]},{"@type":"WebSite","@id":"https:\/\/hcoe.com.br\/web\/#website","url":"https:\/\/hcoe.com.br\/web\/","name":"Hcoe - Hospital de Olhos","description":"","publisher":{"@id":"https:\/\/hcoe.com.br\/web\/#organization"},"potentialAction":[{"@type":"SearchAction","target":{"@type":"EntryPoint","urlTemplate":"https:\/\/hcoe.com.br\/web\/?s={search_term_string}"},"query-input":"required name=search_term_string"}],"inLanguage":"pt-BR"},{"@type":"Organization","@id":"https:\/\/hcoe.com.br\/web\/#organization","name":"Hcoe - Hospital de Olhos","url":"https:\/\/hcoe.com.br\/web\/","logo":{"@type":"ImageObject","inLanguage":"pt-BR","@id":"https:\/\/hcoe.com.br\/web\/#\/schema\/logo\/image\/","url":"https:\/\/hcoe.com.br\/web\/wp-content\/uploads\/2024\/05\/Logo-Vetor.png","contentUrl":"https:\/\/hcoe.com.br\/web\/wp-content\/uploads\/2024\/05\/Logo-Vetor.png","width":2624,"height":836,"caption":"Hcoe - Hospital de Olhos"},"image":{"@id":"https:\/\/hcoe.com.br\/web\/#\/schema\/logo\/image\/"},"sameAs":["https:\/\/www.facebook.com\/profile.php?id=61558625227187","https:\/\/www.instagram.com\/hcoehospitaldeolhos\/"]}]}},"_links":{"self":[{"href":"https:\/\/hcoe.com.br\/web\/index.php\/wp-json\/wp\/v2\/pages\/3408"}],"collection":[{"href":"https:\/\/hcoe.com.br\/web\/index.php\/wp-json\/wp\/v2\/pages"}],"about":[{"href":"https:\/\/hcoe.com.br\/web\/index.php\/wp-json\/wp\/v2\/types\/page"}],"author":[{"embeddable":true,"href":"https:\/\/hcoe.com.br\/web\/index.php\/wp-json\/wp\/v2\/users\/1"}],"replies":[{"embeddable":true,"href":"https:\/\/hcoe.com.br\/web\/index.php\/wp-json\/wp\/v2\/comments?post=3408"}],"version-history":[{"count":1,"href":"https:\/\/hcoe.com.br\/web\/index.php\/wp-json\/wp\/v2\/pages\/3408\/revisions"}],"predecessor-version":[{"id":3410,"href":"https:\/\/hcoe.com.br\/web\/index.php\/wp-json\/wp\/v2\/pages\/3408\/revisions\/3410"}],"wp:attachment":[{"href":"https:\/\/hcoe.com.br\/web\/index.php\/wp-json\/wp\/v2\/media?parent=3408"}],"curies":[{"name":"wp","href":"https:\/\/api.w.org\/{rel}","templated":true}]}}