{"id":3404,"date":"2024-05-08T15:32:59","date_gmt":"2024-05-08T18:32:59","guid":{"rendered":"https:\/\/hcoe.com.br\/web\/?page_id=3404"},"modified":"2024-05-08T15:33:30","modified_gmt":"2024-05-08T18:33:30","slug":"entropio-e-ectropion","status":"publish","type":"page","link":"https:\/\/hcoe.com.br\/web\/index.php\/entropio-e-ectropion\/","title":{"rendered":"Entropio e Ectropion"},"content":{"rendered":"<div id=\"pl-3404\"  class=\"panel-layout\" ><div id=\"pg-3404-0\"  class=\"panel-grid panel-has-style\" ><div class=\"divider-no-animation tablet-default mobile-default desktop-default custom panel-row-style panel-row-style-for-3404-0\" ><div id=\"pgc-3404-0-0\"  class=\"panel-grid-cell\" ><div id=\"panel-3404-0-0-0\" class=\"so-panel widget widget_sow-editor panel-first-child panel-last-child\" data-index=\"0\" ><div class=\"orion custom default panel-widget-style panel-widget-style-for-3404-0-0-0\" ><div\n\t\t\t\n\t\t\tclass=\"so-widget-sow-editor so-widget-sow-editor-base\"\n\t\t\t\n\t\t>\n<div class=\"siteorigin-widget-tinymce textwidget\">\n\t<p style=\"text-align: justify;\"><img loading=\"lazy\" decoding=\"async\" class=\"size-full wp-image-3405 aligncenter\" src=\"https:\/\/hcoe.com.br\/web\/wp-content\/uploads\/2024\/05\/cc122.jpg\" alt=\"\" width=\"300\" height=\"200\" srcset=\"https:\/\/hcoe.com.br\/web\/wp-content\/uploads\/2024\/05\/cc122.jpg 300w, https:\/\/hcoe.com.br\/web\/wp-content\/uploads\/2024\/05\/cc122-272x182.jpg 272w\" sizes=\"(max-width: 300px) 100vw, 300px\" \/><\/p>\n<p style=\"text-align: justify;\">O entropio, caracterizado pela invers\u00e3o da p\u00e1lpebra para o interior do olho, faz com que os c\u00edlios e a pele rocem contra a superf\u00edcie ocular, podendo causar irrita\u00e7\u00e3o, sensa\u00e7\u00e3o de corpo estranho, lacrimejamento e at\u00e9 danos \u00e0 c\u00f3rnea. J\u00e1 o ectropion \u00e9 a evers\u00e3o da p\u00e1lpebra para fora, expondo a superf\u00edcie interna da p\u00e1lpebra ao ambiente, o que pode resultar em ressecamento, irrita\u00e7\u00e3o e infec\u00e7\u00f5es.<\/p>\n<p style=\"text-align: justify;\">Entendendo a complexidade e o impacto destas condi\u00e7\u00f5es na qualidade de vida dos pacientes, oferecemos tratamentos cir\u00fargicos de ponta para corrigir tanto o entropio quanto o ectropion. Nossos procedimentos s\u00e3o conduzidos por uma equipe de cirurgi\u00f5es oftalmol\u00f3gicos especializados, utilizando t\u00e9cnicas avan\u00e7adas que visam restaurar a fun\u00e7\u00e3o normal das p\u00e1lpebras e proteger a sa\u00fade ocular.<\/p>\n<p style=\"text-align: justify;\">A cirurgia para corrigir o entropio envolve geralmente o reposicionamento da p\u00e1lpebra, ajustando os tecidos que se tornaram frouxos ou desalinhados. Para o ectropion, o procedimento pode incluir o encurtamento da p\u00e1lpebra afetada ou a redistribui\u00e7\u00e3o dos tecidos para permitir que a p\u00e1lpebra volte a sua posi\u00e7\u00e3o natural. Ambos os procedimentos s\u00e3o realizados sob anestesia local, com foco na minimiza\u00e7\u00e3o do desconforto e na maximiza\u00e7\u00e3o dos resultados est\u00e9ticos e funcionais.<\/p>\n<p style=\"text-align: justify;\">No Hospital de Olhos HCOE, cada caso \u00e9 avaliado individualmente, permitindo que nossos especialistas desenvolvam um plano cir\u00fargico personalizado que atenda \u00e0s necessidades espec\u00edficas de cada paciente. Combinando nossa experi\u00eancia cl\u00ednica com tecnologias de diagn\u00f3stico e cir\u00fargicas de \u00faltima gera\u00e7\u00e3o, estamos comprometidos em oferecer tratamentos que n\u00e3o apenas resolvam os sintomas, mas tamb\u00e9m melhorem significativamente a qualidade de vida dos nossos pacientes.<\/p>\n<p style=\"text-align: justify;\">Ap\u00f3s a cirurgia, oferecemos um acompanhamento detalhado para garantir uma recupera\u00e7\u00e3o suave e eficaz. Nossa equipe est\u00e1 sempre dispon\u00edvel para responder a quaisquer perguntas e fornecer o suporte necess\u00e1rio durante o processo de cura.<\/p>\n<\/div>\n<\/div><\/div><\/div><\/div><div id=\"pgc-3404-0-1\"  class=\"panel-grid-cell\" ><div id=\"panel-3404-0-1-0\" class=\"so-panel widget widget_orion_image_w panel-first-child panel-last-child\" data-index=\"1\" ><div class=\"orion custom default panel-widget-style panel-widget-style-for-3404-0-1-0\" ><div\n\t\t\t\n\t\t\tclass=\"so-widget-orion_image_w so-widget-orion_image_w-base\"\n\t\t\t\n\t\t>\r\n<div class=\"image-w relative\">\r\n\r\n\t\t\t\t\t\t\t<a class=\" overlay-none overlay-hover-none\" href=\"https:\/\/api.whatsapp.com\/send\/?phone=5575981319113&#038;text&#038;type=phone_number&#038;app_absent=0\">\r\n\t\t\r\n\t\t\t\t\t<img loading=\"lazy\" decoding=\"async\" width=\"1300\" height=\"1300\" src=\"https:\/\/hcoe.com.br\/web\/wp-content\/uploads\/2024\/05\/4343ttretyryjgmjh7iuyf.jpg\" class=\"attachment- size-\" alt=\"\" \/>\t\t\t<div class=\"overlay\"><\/div>\r\n\t\t\r\n\t\t\t\t\t<\/a>\r\n\t\t\t\r\n\t\r\n\t<div class=\"absolute\">\r\n\t\t<div class=\"hover-desc table-wrap\">\r\n\t\t\t<div class=\"cell-wrap\">\r\n\t\t\t\t<h4 class=\"text-light\"><\/h4>\r\n\t\t\t<\/div>\r\n\t\t<\/div>\r\n\t<\/div>\t\t\t\t\t\r\n<\/div>\r\n\r\n<\/div><\/div><\/div><\/div><\/div><\/div><\/div>","protected":false},"excerpt":{"rendered":"<p>O entropio, caracterizado pela invers\u00e3o da p\u00e1lpebra para o interior do olho, faz com que os c\u00edlios e a pele rocem contra a superf\u00edcie ocular, podendo causar irrita\u00e7\u00e3o, sensa\u00e7\u00e3o de corpo estranho, lacrimejamento e at\u00e9 danos \u00e0 c\u00f3rnea. J\u00e1 o ectropion \u00e9 a evers\u00e3o da p\u00e1lpebra para fora, expondo a superf\u00edcie interna da p\u00e1lpebra ao<\/p>\n","protected":false},"author":1,"featured_media":0,"parent":0,"menu_order":0,"comment_status":"closed","ping_status":"closed","template":"","meta":{"footnotes":""},"yoast_head":"<!-- This site is optimized with the Yoast SEO plugin v22.7 - https:\/\/yoast.com\/wordpress\/plugins\/seo\/ -->\n<title>Entropio e Ectropion - Hcoe - Hospital de Olhos<\/title>\n<meta name=\"robots\" content=\"index, follow, max-snippet:-1, max-image-preview:large, max-video-preview:-1\" \/>\n<link rel=\"canonical\" href=\"https:\/\/hcoe.com.br\/web\/index.php\/entropio-e-ectropion\/\" \/>\n<meta property=\"og:locale\" content=\"pt_BR\" \/>\n<meta property=\"og:type\" content=\"article\" \/>\n<meta property=\"og:title\" content=\"Entropio e Ectropion - Hcoe - Hospital de Olhos\" \/>\n<meta property=\"og:description\" content=\"O entropio, caracterizado pela invers\u00e3o da p\u00e1lpebra para o interior do olho, faz com que os c\u00edlios e a pele rocem contra a superf\u00edcie ocular, podendo causar irrita\u00e7\u00e3o, sensa\u00e7\u00e3o de corpo estranho, lacrimejamento e at\u00e9 danos \u00e0 c\u00f3rnea. J\u00e1 o ectropion \u00e9 a evers\u00e3o da p\u00e1lpebra para fora, expondo a superf\u00edcie interna da p\u00e1lpebra ao\" \/>\n<meta property=\"og:url\" content=\"https:\/\/hcoe.com.br\/web\/index.php\/entropio-e-ectropion\/\" \/>\n<meta property=\"og:site_name\" content=\"Hcoe - Hospital de Olhos\" \/>\n<meta property=\"article:publisher\" content=\"https:\/\/www.facebook.com\/profile.php?id=61558625227187\" \/>\n<meta property=\"article:modified_time\" content=\"2024-05-08T18:33:30+00:00\" \/>\n<meta property=\"og:image\" content=\"https:\/\/hcoe.com.br\/web\/wp-content\/uploads\/2024\/05\/cc122.jpg\" \/>\n<meta name=\"twitter:card\" content=\"summary_large_image\" \/>\n<meta name=\"twitter:label1\" content=\"Est. tempo de leitura\" \/>\n\t<meta name=\"twitter:data1\" content=\"2 minutos\" \/>\n<script type=\"application\/ld+json\" class=\"yoast-schema-graph\">{\"@context\":\"https:\/\/schema.org\",\"@graph\":[{\"@type\":\"WebPage\",\"@id\":\"https:\/\/hcoe.com.br\/web\/index.php\/entropio-e-ectropion\/\",\"url\":\"https:\/\/hcoe.com.br\/web\/index.php\/entropio-e-ectropion\/\",\"name\":\"Entropio e Ectropion - Hcoe - Hospital de Olhos\",\"isPartOf\":{\"@id\":\"https:\/\/hcoe.com.br\/web\/#website\"},\"primaryImageOfPage\":{\"@id\":\"https:\/\/hcoe.com.br\/web\/index.php\/entropio-e-ectropion\/#primaryimage\"},\"image\":{\"@id\":\"https:\/\/hcoe.com.br\/web\/index.php\/entropio-e-ectropion\/#primaryimage\"},\"thumbnailUrl\":\"https:\/\/hcoe.com.br\/web\/wp-content\/uploads\/2024\/05\/cc122.jpg\",\"datePublished\":\"2024-05-08T18:32:59+00:00\",\"dateModified\":\"2024-05-08T18:33:30+00:00\",\"breadcrumb\":{\"@id\":\"https:\/\/hcoe.com.br\/web\/index.php\/entropio-e-ectropion\/#breadcrumb\"},\"inLanguage\":\"pt-BR\",\"potentialAction\":[{\"@type\":\"ReadAction\",\"target\":[\"https:\/\/hcoe.com.br\/web\/index.php\/entropio-e-ectropion\/\"]}]},{\"@type\":\"ImageObject\",\"inLanguage\":\"pt-BR\",\"@id\":\"https:\/\/hcoe.com.br\/web\/index.php\/entropio-e-ectropion\/#primaryimage\",\"url\":\"https:\/\/hcoe.com.br\/web\/wp-content\/uploads\/2024\/05\/cc122.jpg\",\"contentUrl\":\"https:\/\/hcoe.com.br\/web\/wp-content\/uploads\/2024\/05\/cc122.jpg\",\"width\":300,\"height\":200},{\"@type\":\"BreadcrumbList\",\"@id\":\"https:\/\/hcoe.com.br\/web\/index.php\/entropio-e-ectropion\/#breadcrumb\",\"itemListElement\":[{\"@type\":\"ListItem\",\"position\":1,\"name\":\"In\u00edcio\",\"item\":\"https:\/\/hcoe.com.br\/web\/\"},{\"@type\":\"ListItem\",\"position\":2,\"name\":\"Entropio e Ectropion\"}]},{\"@type\":\"WebSite\",\"@id\":\"https:\/\/hcoe.com.br\/web\/#website\",\"url\":\"https:\/\/hcoe.com.br\/web\/\",\"name\":\"Hcoe - Hospital de Olhos\",\"description\":\"\",\"publisher\":{\"@id\":\"https:\/\/hcoe.com.br\/web\/#organization\"},\"potentialAction\":[{\"@type\":\"SearchAction\",\"target\":{\"@type\":\"EntryPoint\",\"urlTemplate\":\"https:\/\/hcoe.com.br\/web\/?s={search_term_string}\"},\"query-input\":\"required name=search_term_string\"}],\"inLanguage\":\"pt-BR\"},{\"@type\":\"Organization\",\"@id\":\"https:\/\/hcoe.com.br\/web\/#organization\",\"name\":\"Hcoe - Hospital de Olhos\",\"url\":\"https:\/\/hcoe.com.br\/web\/\",\"logo\":{\"@type\":\"ImageObject\",\"inLanguage\":\"pt-BR\",\"@id\":\"https:\/\/hcoe.com.br\/web\/#\/schema\/logo\/image\/\",\"url\":\"https:\/\/hcoe.com.br\/web\/wp-content\/uploads\/2024\/05\/Logo-Vetor.png\",\"contentUrl\":\"https:\/\/hcoe.com.br\/web\/wp-content\/uploads\/2024\/05\/Logo-Vetor.png\",\"width\":2624,\"height\":836,\"caption\":\"Hcoe - Hospital de Olhos\"},\"image\":{\"@id\":\"https:\/\/hcoe.com.br\/web\/#\/schema\/logo\/image\/\"},\"sameAs\":[\"https:\/\/www.facebook.com\/profile.php?id=61558625227187\",\"https:\/\/www.instagram.com\/hcoehospitaldeolhos\/\"]}]}<\/script>\n<!-- \/ Yoast SEO plugin. -->","yoast_head_json":{"title":"Entropio e Ectropion - Hcoe - Hospital de Olhos","robots":{"index":"index","follow":"follow","max-snippet":"max-snippet:-1","max-image-preview":"max-image-preview:large","max-video-preview":"max-video-preview:-1"},"canonical":"https:\/\/hcoe.com.br\/web\/index.php\/entropio-e-ectropion\/","og_locale":"pt_BR","og_type":"article","og_title":"Entropio e Ectropion - Hcoe - Hospital de Olhos","og_description":"O entropio, caracterizado pela invers\u00e3o da p\u00e1lpebra para o interior do olho, faz com que os c\u00edlios e a pele rocem contra a superf\u00edcie ocular, podendo causar irrita\u00e7\u00e3o, sensa\u00e7\u00e3o de corpo estranho, lacrimejamento e at\u00e9 danos \u00e0 c\u00f3rnea. J\u00e1 o ectropion \u00e9 a evers\u00e3o da p\u00e1lpebra para fora, expondo a superf\u00edcie interna da p\u00e1lpebra ao","og_url":"https:\/\/hcoe.com.br\/web\/index.php\/entropio-e-ectropion\/","og_site_name":"Hcoe - Hospital de Olhos","article_publisher":"https:\/\/www.facebook.com\/profile.php?id=61558625227187","article_modified_time":"2024-05-08T18:33:30+00:00","og_image":[{"url":"https:\/\/hcoe.com.br\/web\/wp-content\/uploads\/2024\/05\/cc122.jpg"}],"twitter_card":"summary_large_image","twitter_misc":{"Est. tempo de leitura":"2 minutos"},"schema":{"@context":"https:\/\/schema.org","@graph":[{"@type":"WebPage","@id":"https:\/\/hcoe.com.br\/web\/index.php\/entropio-e-ectropion\/","url":"https:\/\/hcoe.com.br\/web\/index.php\/entropio-e-ectropion\/","name":"Entropio e Ectropion - Hcoe - Hospital de Olhos","isPartOf":{"@id":"https:\/\/hcoe.com.br\/web\/#website"},"primaryImageOfPage":{"@id":"https:\/\/hcoe.com.br\/web\/index.php\/entropio-e-ectropion\/#primaryimage"},"image":{"@id":"https:\/\/hcoe.com.br\/web\/index.php\/entropio-e-ectropion\/#primaryimage"},"thumbnailUrl":"https:\/\/hcoe.com.br\/web\/wp-content\/uploads\/2024\/05\/cc122.jpg","datePublished":"2024-05-08T18:32:59+00:00","dateModified":"2024-05-08T18:33:30+00:00","breadcrumb":{"@id":"https:\/\/hcoe.com.br\/web\/index.php\/entropio-e-ectropion\/#breadcrumb"},"inLanguage":"pt-BR","potentialAction":[{"@type":"ReadAction","target":["https:\/\/hcoe.com.br\/web\/index.php\/entropio-e-ectropion\/"]}]},{"@type":"ImageObject","inLanguage":"pt-BR","@id":"https:\/\/hcoe.com.br\/web\/index.php\/entropio-e-ectropion\/#primaryimage","url":"https:\/\/hcoe.com.br\/web\/wp-content\/uploads\/2024\/05\/cc122.jpg","contentUrl":"https:\/\/hcoe.com.br\/web\/wp-content\/uploads\/2024\/05\/cc122.jpg","width":300,"height":200},{"@type":"BreadcrumbList","@id":"https:\/\/hcoe.com.br\/web\/index.php\/entropio-e-ectropion\/#breadcrumb","itemListElement":[{"@type":"ListItem","position":1,"name":"In\u00edcio","item":"https:\/\/hcoe.com.br\/web\/"},{"@type":"ListItem","position":2,"name":"Entropio e Ectropion"}]},{"@type":"WebSite","@id":"https:\/\/hcoe.com.br\/web\/#website","url":"https:\/\/hcoe.com.br\/web\/","name":"Hcoe - Hospital de Olhos","description":"","publisher":{"@id":"https:\/\/hcoe.com.br\/web\/#organization"},"potentialAction":[{"@type":"SearchAction","target":{"@type":"EntryPoint","urlTemplate":"https:\/\/hcoe.com.br\/web\/?s={search_term_string}"},"query-input":"required name=search_term_string"}],"inLanguage":"pt-BR"},{"@type":"Organization","@id":"https:\/\/hcoe.com.br\/web\/#organization","name":"Hcoe - Hospital de Olhos","url":"https:\/\/hcoe.com.br\/web\/","logo":{"@type":"ImageObject","inLanguage":"pt-BR","@id":"https:\/\/hcoe.com.br\/web\/#\/schema\/logo\/image\/","url":"https:\/\/hcoe.com.br\/web\/wp-content\/uploads\/2024\/05\/Logo-Vetor.png","contentUrl":"https:\/\/hcoe.com.br\/web\/wp-content\/uploads\/2024\/05\/Logo-Vetor.png","width":2624,"height":836,"caption":"Hcoe - Hospital de Olhos"},"image":{"@id":"https:\/\/hcoe.com.br\/web\/#\/schema\/logo\/image\/"},"sameAs":["https:\/\/www.facebook.com\/profile.php?id=61558625227187","https:\/\/www.instagram.com\/hcoehospitaldeolhos\/"]}]}},"_links":{"self":[{"href":"https:\/\/hcoe.com.br\/web\/index.php\/wp-json\/wp\/v2\/pages\/3404"}],"collection":[{"href":"https:\/\/hcoe.com.br\/web\/index.php\/wp-json\/wp\/v2\/pages"}],"about":[{"href":"https:\/\/hcoe.com.br\/web\/index.php\/wp-json\/wp\/v2\/types\/page"}],"author":[{"embeddable":true,"href":"https:\/\/hcoe.com.br\/web\/index.php\/wp-json\/wp\/v2\/users\/1"}],"replies":[{"embeddable":true,"href":"https:\/\/hcoe.com.br\/web\/index.php\/wp-json\/wp\/v2\/comments?post=3404"}],"version-history":[{"count":2,"href":"https:\/\/hcoe.com.br\/web\/index.php\/wp-json\/wp\/v2\/pages\/3404\/revisions"}],"predecessor-version":[{"id":3407,"href":"https:\/\/hcoe.com.br\/web\/index.php\/wp-json\/wp\/v2\/pages\/3404\/revisions\/3407"}],"wp:attachment":[{"href":"https:\/\/hcoe.com.br\/web\/index.php\/wp-json\/wp\/v2\/media?parent=3404"}],"curies":[{"name":"wp","href":"https:\/\/api.w.org\/{rel}","templated":true}]}}