{"id":3398,"date":"2024-05-08T15:09:59","date_gmt":"2024-05-08T18:09:59","guid":{"rendered":"https:\/\/hcoe.com.br\/web\/?page_id=3398"},"modified":"2024-05-08T15:09:59","modified_gmt":"2024-05-08T18:09:59","slug":"capsulotomia-a-laser","status":"publish","type":"page","link":"https:\/\/hcoe.com.br\/web\/index.php\/capsulotomia-a-laser\/","title":{"rendered":"Capsulotomia a Laser"},"content":{"rendered":"<div id=\"pl-3398\"  class=\"panel-layout\" ><div id=\"pg-3398-0\"  class=\"panel-grid panel-has-style\" ><div class=\"divider-no-animation tablet-default mobile-default desktop-default custom panel-row-style panel-row-style-for-3398-0\" ><div id=\"pgc-3398-0-0\"  class=\"panel-grid-cell\" ><div id=\"panel-3398-0-0-0\" class=\"so-panel widget widget_sow-editor panel-first-child panel-last-child\" data-index=\"0\" ><div class=\"orion panel-widget-style panel-widget-style-for-3398-0-0-0\" ><div\n\t\t\t\n\t\t\tclass=\"so-widget-sow-editor so-widget-sow-editor-base\"\n\t\t\t\n\t\t>\n<div class=\"siteorigin-widget-tinymce textwidget\">\n\t<p style=\"text-align: justify;\"><img loading=\"lazy\" decoding=\"async\" class=\"size-full wp-image-3399 aligncenter\" src=\"https:\/\/hcoe.com.br\/web\/wp-content\/uploads\/2024\/05\/clas.jpg\" alt=\"\" width=\"300\" height=\"200\" srcset=\"https:\/\/hcoe.com.br\/web\/wp-content\/uploads\/2024\/05\/clas.jpg 300w, https:\/\/hcoe.com.br\/web\/wp-content\/uploads\/2024\/05\/clas-272x182.jpg 272w\" sizes=\"(max-width: 300px) 100vw, 300px\" \/><\/p>\n<p style=\"text-align: justify;\">A capsulotomia a laser \u00e9 um procedimento n\u00e3o invasivo que utiliza a precis\u00e3o do laser para criar uma abertura na c\u00e1psula posterior do olho, que se tornou opaca. Essa opacidade pode surgir meses ou anos ap\u00f3s a cirurgia de catarata, levando a uma diminui\u00e7\u00e3o da vis\u00e3o. O procedimento a laser \u00e9 r\u00e1pido, seguro e eficaz, restaurando a clareza visual com m\u00ednimo desconforto para o paciente.<\/p>\n<p style=\"text-align: justify;\">No Instituto de Olhos Oftalmed, cada procedimento de capsulotomia a laser \u00e9 realizado com o cuidado e a precis\u00e3o que nossos pacientes merecem. Utilizamos equipamentos de laser de \u00faltima gera\u00e7\u00e3o, permitindo que o tratamento seja altamente focado e preciso. Isso minimiza os riscos associados e promove uma recupera\u00e7\u00e3o visual quase imediata, com muitos pacientes notando uma melhoria significativa na vis\u00e3o j\u00e1 no dia seguinte ao procedimento.<\/p>\n<p style=\"text-align: justify;\">Nossa abordagem come\u00e7a com uma avalia\u00e7\u00e3o detalhada do paciente, utilizando diagn\u00f3sticos por imagem de alta defini\u00e7\u00e3o para determinar a necessidade e a viabilidade da capsulotomia a laser. Este processo garante que o tratamento seja personalizado para atender \u00e0s necessidades espec\u00edficas de cada paciente, proporcionando os melhores resultados poss\u00edveis.<\/p>\n<p style=\"text-align: justify;\">A seguran\u00e7a do paciente \u00e9 nossa principal preocupa\u00e7\u00e3o. Apesar da capsulotomia a laser ser um procedimento de baixo risco, nossa equipe de especialistas est\u00e1 preparada para gerenciar qualquer eventualidade, garantindo que o cuidado p\u00f3s-procedimento seja da mais alta qualidade.\u00a0<\/p>\n<p style=\"text-align: justify;\">Nossa miss\u00e3o \u00e9 proporcionar cuidados oftalmol\u00f3gicos excepcionais, utilizando as tecnologias mais avan\u00e7adas dispon\u00edveis para melhorar a vis\u00e3o e a qualidade de vida de nossos pacientes.\u00a0<\/p>\n<\/div>\n<\/div><\/div><\/div><\/div><div id=\"pgc-3398-0-1\"  class=\"panel-grid-cell\" ><div id=\"panel-3398-0-1-0\" class=\"so-panel widget widget_orion_image_w panel-first-child panel-last-child\" data-index=\"1\" ><div class=\"orion custom default panel-widget-style panel-widget-style-for-3398-0-1-0\" ><div\n\t\t\t\n\t\t\tclass=\"so-widget-orion_image_w so-widget-orion_image_w-base\"\n\t\t\t\n\t\t>\r\n<div class=\"image-w relative\">\r\n\r\n\t\t\t\t\t\t\t<a class=\" overlay-none overlay-hover-none\" href=\"https:\/\/api.whatsapp.com\/send\/?phone=5575981319113&#038;text&#038;type=phone_number&#038;app_absent=0\">\r\n\t\t\r\n\t\t\t\t\t<img loading=\"lazy\" decoding=\"async\" width=\"1300\" height=\"1300\" src=\"https:\/\/hcoe.com.br\/web\/wp-content\/uploads\/2024\/05\/4343ttretyryjgmjh7iuyf.jpg\" class=\"attachment- size-\" alt=\"\" \/>\t\t\t<div class=\"overlay\"><\/div>\r\n\t\t\r\n\t\t\t\t\t<\/a>\r\n\t\t\t\r\n\t\r\n\t<div class=\"absolute\">\r\n\t\t<div class=\"hover-desc table-wrap\">\r\n\t\t\t<div class=\"cell-wrap\">\r\n\t\t\t\t<h4 class=\"text-light\"><\/h4>\r\n\t\t\t<\/div>\r\n\t\t<\/div>\r\n\t<\/div>\t\t\t\t\t\r\n<\/div>\r\n\r\n<\/div><\/div><\/div><\/div><\/div><\/div><\/div>","protected":false},"excerpt":{"rendered":"<p>A capsulotomia a laser \u00e9 um procedimento n\u00e3o invasivo que utiliza a precis\u00e3o do laser para criar uma abertura na c\u00e1psula posterior do olho, que se tornou opaca. Essa opacidade pode surgir meses ou anos ap\u00f3s a cirurgia de catarata, levando a uma diminui\u00e7\u00e3o da vis\u00e3o. O procedimento a laser \u00e9 r\u00e1pido, seguro e eficaz,<\/p>\n","protected":false},"author":1,"featured_media":0,"parent":0,"menu_order":0,"comment_status":"closed","ping_status":"closed","template":"","meta":{"footnotes":""},"yoast_head":"<!-- This site is optimized with the Yoast SEO plugin v22.7 - https:\/\/yoast.com\/wordpress\/plugins\/seo\/ -->\n<title>Capsulotomia a Laser - Hcoe - Hospital de Olhos<\/title>\n<meta name=\"robots\" content=\"index, follow, max-snippet:-1, max-image-preview:large, max-video-preview:-1\" \/>\n<link rel=\"canonical\" href=\"https:\/\/hcoe.com.br\/web\/index.php\/capsulotomia-a-laser\/\" \/>\n<meta property=\"og:locale\" content=\"pt_BR\" \/>\n<meta property=\"og:type\" content=\"article\" \/>\n<meta property=\"og:title\" content=\"Capsulotomia a Laser - Hcoe - Hospital de Olhos\" \/>\n<meta property=\"og:description\" content=\"A capsulotomia a laser \u00e9 um procedimento n\u00e3o invasivo que utiliza a precis\u00e3o do laser para criar uma abertura na c\u00e1psula posterior do olho, que se tornou opaca. Essa opacidade pode surgir meses ou anos ap\u00f3s a cirurgia de catarata, levando a uma diminui\u00e7\u00e3o da vis\u00e3o. O procedimento a laser \u00e9 r\u00e1pido, seguro e eficaz,\" \/>\n<meta property=\"og:url\" content=\"https:\/\/hcoe.com.br\/web\/index.php\/capsulotomia-a-laser\/\" \/>\n<meta property=\"og:site_name\" content=\"Hcoe - Hospital de Olhos\" \/>\n<meta property=\"article:publisher\" content=\"https:\/\/www.facebook.com\/profile.php?id=61558625227187\" \/>\n<meta property=\"og:image\" content=\"https:\/\/hcoe.com.br\/web\/wp-content\/uploads\/2024\/05\/clas.jpg\" \/>\n<meta name=\"twitter:card\" content=\"summary_large_image\" \/>\n<meta name=\"twitter:label1\" content=\"Est. tempo de leitura\" \/>\n\t<meta name=\"twitter:data1\" content=\"1 minuto\" \/>\n<script type=\"application\/ld+json\" class=\"yoast-schema-graph\">{\"@context\":\"https:\/\/schema.org\",\"@graph\":[{\"@type\":\"WebPage\",\"@id\":\"https:\/\/hcoe.com.br\/web\/index.php\/capsulotomia-a-laser\/\",\"url\":\"https:\/\/hcoe.com.br\/web\/index.php\/capsulotomia-a-laser\/\",\"name\":\"Capsulotomia a Laser - Hcoe - Hospital de Olhos\",\"isPartOf\":{\"@id\":\"https:\/\/hcoe.com.br\/web\/#website\"},\"primaryImageOfPage\":{\"@id\":\"https:\/\/hcoe.com.br\/web\/index.php\/capsulotomia-a-laser\/#primaryimage\"},\"image\":{\"@id\":\"https:\/\/hcoe.com.br\/web\/index.php\/capsulotomia-a-laser\/#primaryimage\"},\"thumbnailUrl\":\"https:\/\/hcoe.com.br\/web\/wp-content\/uploads\/2024\/05\/clas.jpg\",\"datePublished\":\"2024-05-08T18:09:59+00:00\",\"dateModified\":\"2024-05-08T18:09:59+00:00\",\"breadcrumb\":{\"@id\":\"https:\/\/hcoe.com.br\/web\/index.php\/capsulotomia-a-laser\/#breadcrumb\"},\"inLanguage\":\"pt-BR\",\"potentialAction\":[{\"@type\":\"ReadAction\",\"target\":[\"https:\/\/hcoe.com.br\/web\/index.php\/capsulotomia-a-laser\/\"]}]},{\"@type\":\"ImageObject\",\"inLanguage\":\"pt-BR\",\"@id\":\"https:\/\/hcoe.com.br\/web\/index.php\/capsulotomia-a-laser\/#primaryimage\",\"url\":\"https:\/\/hcoe.com.br\/web\/wp-content\/uploads\/2024\/05\/clas.jpg\",\"contentUrl\":\"https:\/\/hcoe.com.br\/web\/wp-content\/uploads\/2024\/05\/clas.jpg\",\"width\":300,\"height\":200},{\"@type\":\"BreadcrumbList\",\"@id\":\"https:\/\/hcoe.com.br\/web\/index.php\/capsulotomia-a-laser\/#breadcrumb\",\"itemListElement\":[{\"@type\":\"ListItem\",\"position\":1,\"name\":\"In\u00edcio\",\"item\":\"https:\/\/hcoe.com.br\/web\/\"},{\"@type\":\"ListItem\",\"position\":2,\"name\":\"Capsulotomia a Laser\"}]},{\"@type\":\"WebSite\",\"@id\":\"https:\/\/hcoe.com.br\/web\/#website\",\"url\":\"https:\/\/hcoe.com.br\/web\/\",\"name\":\"Hcoe - Hospital de Olhos\",\"description\":\"\",\"publisher\":{\"@id\":\"https:\/\/hcoe.com.br\/web\/#organization\"},\"potentialAction\":[{\"@type\":\"SearchAction\",\"target\":{\"@type\":\"EntryPoint\",\"urlTemplate\":\"https:\/\/hcoe.com.br\/web\/?s={search_term_string}\"},\"query-input\":\"required name=search_term_string\"}],\"inLanguage\":\"pt-BR\"},{\"@type\":\"Organization\",\"@id\":\"https:\/\/hcoe.com.br\/web\/#organization\",\"name\":\"Hcoe - Hospital de Olhos\",\"url\":\"https:\/\/hcoe.com.br\/web\/\",\"logo\":{\"@type\":\"ImageObject\",\"inLanguage\":\"pt-BR\",\"@id\":\"https:\/\/hcoe.com.br\/web\/#\/schema\/logo\/image\/\",\"url\":\"https:\/\/hcoe.com.br\/web\/wp-content\/uploads\/2024\/05\/Logo-Vetor.png\",\"contentUrl\":\"https:\/\/hcoe.com.br\/web\/wp-content\/uploads\/2024\/05\/Logo-Vetor.png\",\"width\":2624,\"height\":836,\"caption\":\"Hcoe - Hospital de Olhos\"},\"image\":{\"@id\":\"https:\/\/hcoe.com.br\/web\/#\/schema\/logo\/image\/\"},\"sameAs\":[\"https:\/\/www.facebook.com\/profile.php?id=61558625227187\",\"https:\/\/www.instagram.com\/hcoehospitaldeolhos\/\"]}]}<\/script>\n<!-- \/ Yoast SEO plugin. -->","yoast_head_json":{"title":"Capsulotomia a Laser - Hcoe - Hospital de Olhos","robots":{"index":"index","follow":"follow","max-snippet":"max-snippet:-1","max-image-preview":"max-image-preview:large","max-video-preview":"max-video-preview:-1"},"canonical":"https:\/\/hcoe.com.br\/web\/index.php\/capsulotomia-a-laser\/","og_locale":"pt_BR","og_type":"article","og_title":"Capsulotomia a Laser - Hcoe - Hospital de Olhos","og_description":"A capsulotomia a laser \u00e9 um procedimento n\u00e3o invasivo que utiliza a precis\u00e3o do laser para criar uma abertura na c\u00e1psula posterior do olho, que se tornou opaca. Essa opacidade pode surgir meses ou anos ap\u00f3s a cirurgia de catarata, levando a uma diminui\u00e7\u00e3o da vis\u00e3o. O procedimento a laser \u00e9 r\u00e1pido, seguro e eficaz,","og_url":"https:\/\/hcoe.com.br\/web\/index.php\/capsulotomia-a-laser\/","og_site_name":"Hcoe - Hospital de Olhos","article_publisher":"https:\/\/www.facebook.com\/profile.php?id=61558625227187","og_image":[{"url":"https:\/\/hcoe.com.br\/web\/wp-content\/uploads\/2024\/05\/clas.jpg"}],"twitter_card":"summary_large_image","twitter_misc":{"Est. tempo de leitura":"1 minuto"},"schema":{"@context":"https:\/\/schema.org","@graph":[{"@type":"WebPage","@id":"https:\/\/hcoe.com.br\/web\/index.php\/capsulotomia-a-laser\/","url":"https:\/\/hcoe.com.br\/web\/index.php\/capsulotomia-a-laser\/","name":"Capsulotomia a Laser - Hcoe - Hospital de Olhos","isPartOf":{"@id":"https:\/\/hcoe.com.br\/web\/#website"},"primaryImageOfPage":{"@id":"https:\/\/hcoe.com.br\/web\/index.php\/capsulotomia-a-laser\/#primaryimage"},"image":{"@id":"https:\/\/hcoe.com.br\/web\/index.php\/capsulotomia-a-laser\/#primaryimage"},"thumbnailUrl":"https:\/\/hcoe.com.br\/web\/wp-content\/uploads\/2024\/05\/clas.jpg","datePublished":"2024-05-08T18:09:59+00:00","dateModified":"2024-05-08T18:09:59+00:00","breadcrumb":{"@id":"https:\/\/hcoe.com.br\/web\/index.php\/capsulotomia-a-laser\/#breadcrumb"},"inLanguage":"pt-BR","potentialAction":[{"@type":"ReadAction","target":["https:\/\/hcoe.com.br\/web\/index.php\/capsulotomia-a-laser\/"]}]},{"@type":"ImageObject","inLanguage":"pt-BR","@id":"https:\/\/hcoe.com.br\/web\/index.php\/capsulotomia-a-laser\/#primaryimage","url":"https:\/\/hcoe.com.br\/web\/wp-content\/uploads\/2024\/05\/clas.jpg","contentUrl":"https:\/\/hcoe.com.br\/web\/wp-content\/uploads\/2024\/05\/clas.jpg","width":300,"height":200},{"@type":"BreadcrumbList","@id":"https:\/\/hcoe.com.br\/web\/index.php\/capsulotomia-a-laser\/#breadcrumb","itemListElement":[{"@type":"ListItem","position":1,"name":"In\u00edcio","item":"https:\/\/hcoe.com.br\/web\/"},{"@type":"ListItem","position":2,"name":"Capsulotomia a Laser"}]},{"@type":"WebSite","@id":"https:\/\/hcoe.com.br\/web\/#website","url":"https:\/\/hcoe.com.br\/web\/","name":"Hcoe - Hospital de Olhos","description":"","publisher":{"@id":"https:\/\/hcoe.com.br\/web\/#organization"},"potentialAction":[{"@type":"SearchAction","target":{"@type":"EntryPoint","urlTemplate":"https:\/\/hcoe.com.br\/web\/?s={search_term_string}"},"query-input":"required name=search_term_string"}],"inLanguage":"pt-BR"},{"@type":"Organization","@id":"https:\/\/hcoe.com.br\/web\/#organization","name":"Hcoe - Hospital de Olhos","url":"https:\/\/hcoe.com.br\/web\/","logo":{"@type":"ImageObject","inLanguage":"pt-BR","@id":"https:\/\/hcoe.com.br\/web\/#\/schema\/logo\/image\/","url":"https:\/\/hcoe.com.br\/web\/wp-content\/uploads\/2024\/05\/Logo-Vetor.png","contentUrl":"https:\/\/hcoe.com.br\/web\/wp-content\/uploads\/2024\/05\/Logo-Vetor.png","width":2624,"height":836,"caption":"Hcoe - Hospital de Olhos"},"image":{"@id":"https:\/\/hcoe.com.br\/web\/#\/schema\/logo\/image\/"},"sameAs":["https:\/\/www.facebook.com\/profile.php?id=61558625227187","https:\/\/www.instagram.com\/hcoehospitaldeolhos\/"]}]}},"_links":{"self":[{"href":"https:\/\/hcoe.com.br\/web\/index.php\/wp-json\/wp\/v2\/pages\/3398"}],"collection":[{"href":"https:\/\/hcoe.com.br\/web\/index.php\/wp-json\/wp\/v2\/pages"}],"about":[{"href":"https:\/\/hcoe.com.br\/web\/index.php\/wp-json\/wp\/v2\/types\/page"}],"author":[{"embeddable":true,"href":"https:\/\/hcoe.com.br\/web\/index.php\/wp-json\/wp\/v2\/users\/1"}],"replies":[{"embeddable":true,"href":"https:\/\/hcoe.com.br\/web\/index.php\/wp-json\/wp\/v2\/comments?post=3398"}],"version-history":[{"count":1,"href":"https:\/\/hcoe.com.br\/web\/index.php\/wp-json\/wp\/v2\/pages\/3398\/revisions"}],"predecessor-version":[{"id":3400,"href":"https:\/\/hcoe.com.br\/web\/index.php\/wp-json\/wp\/v2\/pages\/3398\/revisions\/3400"}],"wp:attachment":[{"href":"https:\/\/hcoe.com.br\/web\/index.php\/wp-json\/wp\/v2\/media?parent=3398"}],"curies":[{"name":"wp","href":"https:\/\/api.w.org\/{rel}","templated":true}]}}