{"id":3381,"date":"2024-05-08T14:48:33","date_gmt":"2024-05-08T17:48:33","guid":{"rendered":"https:\/\/hcoe.com.br\/web\/?page_id=3381"},"modified":"2024-05-08T14:48:33","modified_gmt":"2024-05-08T17:48:33","slug":"uveites","status":"publish","type":"page","link":"https:\/\/hcoe.com.br\/web\/index.php\/uveites\/","title":{"rendered":"Uve\u00edtes"},"content":{"rendered":"<div id=\"pl-3381\"  class=\"panel-layout\" ><div id=\"pg-3381-0\"  class=\"panel-grid panel-has-style\" ><div class=\"divider-no-animation tablet-default mobile-default desktop-default custom panel-row-style panel-row-style-for-3381-0\" ><div id=\"pgc-3381-0-0\"  class=\"panel-grid-cell\" ><div id=\"panel-3381-0-0-0\" class=\"so-panel widget widget_sow-editor panel-first-child panel-last-child\" data-index=\"0\" ><div class=\"orion panel-widget-style panel-widget-style-for-3381-0-0-0\" ><div\n\t\t\t\n\t\t\tclass=\"so-widget-sow-editor so-widget-sow-editor-base\"\n\t\t\t\n\t\t>\n<div class=\"siteorigin-widget-tinymce textwidget\">\n\t<p style=\"text-align: justify;\"><img loading=\"lazy\" decoding=\"async\" class=\"size-full wp-image-3382 aligncenter\" src=\"https:\/\/hcoe.com.br\/web\/wp-content\/uploads\/2024\/05\/uv.jpg\" alt=\"\" width=\"300\" height=\"200\" srcset=\"https:\/\/hcoe.com.br\/web\/wp-content\/uploads\/2024\/05\/uv.jpg 300w, https:\/\/hcoe.com.br\/web\/wp-content\/uploads\/2024\/05\/uv-272x182.jpg 272w\" sizes=\"(max-width: 300px) 100vw, 300px\" \/><\/p>\n<p style=\"text-align: justify;\">O diagn\u00f3stico e tratamento das uve\u00edtes s\u00e3o conduzidos com uma aten\u00e7\u00e3o meticulosa aos detalhes e uma abordagem inovadora. Reconhecendo a complexidade das uve\u00edtes \u2013 inflama\u00e7\u00f5es que afetam a \u00favea, podendo comprometer seriamente a vis\u00e3o, utilizamos uma combina\u00e7\u00e3o de tecnologia de ponta e especializa\u00e7\u00e3o cl\u00ednica para oferecer o melhor cuidado poss\u00edvel.<\/p>\n<p style=\"text-align: justify;\">Estamos dedicados a restaurar e preservar a sa\u00fade ocular dos nossos pacientes com uve\u00edte, minimizando o risco de complica\u00e7\u00f5es e promovendo uma recupera\u00e7\u00e3o eficaz. Nossa abordagem integral \u00e0 sa\u00fade ocular reflete nosso compromisso com a excel\u00eancia e o bem-estar dos pacientes, assegurando que recebam o suporte necess\u00e1rio para enfrentar essa condi\u00e7\u00e3o desafiadora.<\/p>\n<\/div>\n<\/div><\/div><\/div><\/div><div id=\"pgc-3381-0-1\"  class=\"panel-grid-cell\" ><div id=\"panel-3381-0-1-0\" class=\"so-panel widget widget_orion_image_w panel-first-child panel-last-child\" data-index=\"1\" ><div class=\"orion custom default panel-widget-style panel-widget-style-for-3381-0-1-0\" ><div\n\t\t\t\n\t\t\tclass=\"so-widget-orion_image_w so-widget-orion_image_w-base\"\n\t\t\t\n\t\t>\r\n<div class=\"image-w relative\">\r\n\r\n\t\t\t\t\t\t\t<div class=\"orion_carousel overlay-none overlay-hover-none\">\r\n\t\t\r\n\t\t\t\t\t<img loading=\"lazy\" decoding=\"async\" width=\"750\" height=\"500\" src=\"https:\/\/hcoe.com.br\/web\/wp-content\/uploads\/2024\/05\/4343ttretyryjgmjh7iuyf-750x500.jpg\" class=\"attachment-orion_carousel size-orion_carousel\" alt=\"\" \/>\t\t\t<div class=\"overlay\"><\/div>\r\n\t\t\r\n\t\t\t\t\t<\/div>\r\n\t\t\t\r\n\t\r\n\t<div class=\"absolute\">\r\n\t\t<div class=\"hover-desc table-wrap\">\r\n\t\t\t<div class=\"cell-wrap\">\r\n\t\t\t\t<h4 class=\"text-light\"><\/h4>\r\n\t\t\t<\/div>\r\n\t\t<\/div>\r\n\t<\/div>\t\t\t\t\t\r\n<\/div>\r\n\r\n<\/div><\/div><\/div><\/div><\/div><\/div><\/div>","protected":false},"excerpt":{"rendered":"<p>O diagn\u00f3stico e tratamento das uve\u00edtes s\u00e3o conduzidos com uma aten\u00e7\u00e3o meticulosa aos detalhes e uma abordagem inovadora. Reconhecendo a complexidade das uve\u00edtes \u2013 inflama\u00e7\u00f5es que afetam a \u00favea, podendo comprometer seriamente a vis\u00e3o, utilizamos uma combina\u00e7\u00e3o de tecnologia de ponta e especializa\u00e7\u00e3o cl\u00ednica para oferecer o melhor cuidado poss\u00edvel.Estamos dedicados a restaurar e preservar<\/p>\n","protected":false},"author":1,"featured_media":0,"parent":0,"menu_order":0,"comment_status":"closed","ping_status":"closed","template":"","meta":{"footnotes":""},"yoast_head":"<!-- This site is optimized with the Yoast SEO plugin v22.7 - https:\/\/yoast.com\/wordpress\/plugins\/seo\/ -->\n<title>Uve\u00edtes - Hcoe - Hospital de Olhos<\/title>\n<meta name=\"robots\" content=\"index, follow, max-snippet:-1, max-image-preview:large, max-video-preview:-1\" \/>\n<link rel=\"canonical\" href=\"https:\/\/hcoe.com.br\/web\/index.php\/uveites\/\" \/>\n<meta property=\"og:locale\" content=\"pt_BR\" \/>\n<meta property=\"og:type\" content=\"article\" \/>\n<meta property=\"og:title\" content=\"Uve\u00edtes - Hcoe - Hospital de Olhos\" \/>\n<meta property=\"og:description\" content=\"O diagn\u00f3stico e tratamento das uve\u00edtes s\u00e3o conduzidos com uma aten\u00e7\u00e3o meticulosa aos detalhes e uma abordagem inovadora. Reconhecendo a complexidade das uve\u00edtes \u2013 inflama\u00e7\u00f5es que afetam a \u00favea, podendo comprometer seriamente a vis\u00e3o, utilizamos uma combina\u00e7\u00e3o de tecnologia de ponta e especializa\u00e7\u00e3o cl\u00ednica para oferecer o melhor cuidado poss\u00edvel.Estamos dedicados a restaurar e preservar\" \/>\n<meta property=\"og:url\" content=\"https:\/\/hcoe.com.br\/web\/index.php\/uveites\/\" \/>\n<meta property=\"og:site_name\" content=\"Hcoe - Hospital de Olhos\" \/>\n<meta property=\"article:publisher\" content=\"https:\/\/www.facebook.com\/profile.php?id=61558625227187\" \/>\n<meta property=\"og:image\" content=\"https:\/\/hcoe.com.br\/web\/wp-content\/uploads\/2024\/05\/uv.jpg\" \/>\n<meta name=\"twitter:card\" content=\"summary_large_image\" \/>\n<meta name=\"twitter:label1\" content=\"Est. tempo de leitura\" \/>\n\t<meta name=\"twitter:data1\" content=\"1 minuto\" \/>\n<script type=\"application\/ld+json\" class=\"yoast-schema-graph\">{\"@context\":\"https:\/\/schema.org\",\"@graph\":[{\"@type\":\"WebPage\",\"@id\":\"https:\/\/hcoe.com.br\/web\/index.php\/uveites\/\",\"url\":\"https:\/\/hcoe.com.br\/web\/index.php\/uveites\/\",\"name\":\"Uve\u00edtes - Hcoe - Hospital de Olhos\",\"isPartOf\":{\"@id\":\"https:\/\/hcoe.com.br\/web\/#website\"},\"primaryImageOfPage\":{\"@id\":\"https:\/\/hcoe.com.br\/web\/index.php\/uveites\/#primaryimage\"},\"image\":{\"@id\":\"https:\/\/hcoe.com.br\/web\/index.php\/uveites\/#primaryimage\"},\"thumbnailUrl\":\"https:\/\/hcoe.com.br\/web\/wp-content\/uploads\/2024\/05\/uv.jpg\",\"datePublished\":\"2024-05-08T17:48:33+00:00\",\"dateModified\":\"2024-05-08T17:48:33+00:00\",\"breadcrumb\":{\"@id\":\"https:\/\/hcoe.com.br\/web\/index.php\/uveites\/#breadcrumb\"},\"inLanguage\":\"pt-BR\",\"potentialAction\":[{\"@type\":\"ReadAction\",\"target\":[\"https:\/\/hcoe.com.br\/web\/index.php\/uveites\/\"]}]},{\"@type\":\"ImageObject\",\"inLanguage\":\"pt-BR\",\"@id\":\"https:\/\/hcoe.com.br\/web\/index.php\/uveites\/#primaryimage\",\"url\":\"https:\/\/hcoe.com.br\/web\/wp-content\/uploads\/2024\/05\/uv.jpg\",\"contentUrl\":\"https:\/\/hcoe.com.br\/web\/wp-content\/uploads\/2024\/05\/uv.jpg\",\"width\":300,\"height\":200},{\"@type\":\"BreadcrumbList\",\"@id\":\"https:\/\/hcoe.com.br\/web\/index.php\/uveites\/#breadcrumb\",\"itemListElement\":[{\"@type\":\"ListItem\",\"position\":1,\"name\":\"In\u00edcio\",\"item\":\"https:\/\/hcoe.com.br\/web\/\"},{\"@type\":\"ListItem\",\"position\":2,\"name\":\"Uve\u00edtes\"}]},{\"@type\":\"WebSite\",\"@id\":\"https:\/\/hcoe.com.br\/web\/#website\",\"url\":\"https:\/\/hcoe.com.br\/web\/\",\"name\":\"Hcoe - Hospital de Olhos\",\"description\":\"\",\"publisher\":{\"@id\":\"https:\/\/hcoe.com.br\/web\/#organization\"},\"potentialAction\":[{\"@type\":\"SearchAction\",\"target\":{\"@type\":\"EntryPoint\",\"urlTemplate\":\"https:\/\/hcoe.com.br\/web\/?s={search_term_string}\"},\"query-input\":\"required name=search_term_string\"}],\"inLanguage\":\"pt-BR\"},{\"@type\":\"Organization\",\"@id\":\"https:\/\/hcoe.com.br\/web\/#organization\",\"name\":\"Hcoe - Hospital de Olhos\",\"url\":\"https:\/\/hcoe.com.br\/web\/\",\"logo\":{\"@type\":\"ImageObject\",\"inLanguage\":\"pt-BR\",\"@id\":\"https:\/\/hcoe.com.br\/web\/#\/schema\/logo\/image\/\",\"url\":\"https:\/\/hcoe.com.br\/web\/wp-content\/uploads\/2024\/05\/Logo-Vetor.png\",\"contentUrl\":\"https:\/\/hcoe.com.br\/web\/wp-content\/uploads\/2024\/05\/Logo-Vetor.png\",\"width\":2624,\"height\":836,\"caption\":\"Hcoe - Hospital de Olhos\"},\"image\":{\"@id\":\"https:\/\/hcoe.com.br\/web\/#\/schema\/logo\/image\/\"},\"sameAs\":[\"https:\/\/www.facebook.com\/profile.php?id=61558625227187\",\"https:\/\/www.instagram.com\/hcoehospitaldeolhos\/\"]}]}<\/script>\n<!-- \/ Yoast SEO plugin. -->","yoast_head_json":{"title":"Uve\u00edtes - Hcoe - Hospital de Olhos","robots":{"index":"index","follow":"follow","max-snippet":"max-snippet:-1","max-image-preview":"max-image-preview:large","max-video-preview":"max-video-preview:-1"},"canonical":"https:\/\/hcoe.com.br\/web\/index.php\/uveites\/","og_locale":"pt_BR","og_type":"article","og_title":"Uve\u00edtes - Hcoe - Hospital de Olhos","og_description":"O diagn\u00f3stico e tratamento das uve\u00edtes s\u00e3o conduzidos com uma aten\u00e7\u00e3o meticulosa aos detalhes e uma abordagem inovadora. Reconhecendo a complexidade das uve\u00edtes \u2013 inflama\u00e7\u00f5es que afetam a \u00favea, podendo comprometer seriamente a vis\u00e3o, utilizamos uma combina\u00e7\u00e3o de tecnologia de ponta e especializa\u00e7\u00e3o cl\u00ednica para oferecer o melhor cuidado poss\u00edvel.Estamos dedicados a restaurar e preservar","og_url":"https:\/\/hcoe.com.br\/web\/index.php\/uveites\/","og_site_name":"Hcoe - Hospital de Olhos","article_publisher":"https:\/\/www.facebook.com\/profile.php?id=61558625227187","og_image":[{"url":"https:\/\/hcoe.com.br\/web\/wp-content\/uploads\/2024\/05\/uv.jpg"}],"twitter_card":"summary_large_image","twitter_misc":{"Est. tempo de leitura":"1 minuto"},"schema":{"@context":"https:\/\/schema.org","@graph":[{"@type":"WebPage","@id":"https:\/\/hcoe.com.br\/web\/index.php\/uveites\/","url":"https:\/\/hcoe.com.br\/web\/index.php\/uveites\/","name":"Uve\u00edtes - Hcoe - Hospital de Olhos","isPartOf":{"@id":"https:\/\/hcoe.com.br\/web\/#website"},"primaryImageOfPage":{"@id":"https:\/\/hcoe.com.br\/web\/index.php\/uveites\/#primaryimage"},"image":{"@id":"https:\/\/hcoe.com.br\/web\/index.php\/uveites\/#primaryimage"},"thumbnailUrl":"https:\/\/hcoe.com.br\/web\/wp-content\/uploads\/2024\/05\/uv.jpg","datePublished":"2024-05-08T17:48:33+00:00","dateModified":"2024-05-08T17:48:33+00:00","breadcrumb":{"@id":"https:\/\/hcoe.com.br\/web\/index.php\/uveites\/#breadcrumb"},"inLanguage":"pt-BR","potentialAction":[{"@type":"ReadAction","target":["https:\/\/hcoe.com.br\/web\/index.php\/uveites\/"]}]},{"@type":"ImageObject","inLanguage":"pt-BR","@id":"https:\/\/hcoe.com.br\/web\/index.php\/uveites\/#primaryimage","url":"https:\/\/hcoe.com.br\/web\/wp-content\/uploads\/2024\/05\/uv.jpg","contentUrl":"https:\/\/hcoe.com.br\/web\/wp-content\/uploads\/2024\/05\/uv.jpg","width":300,"height":200},{"@type":"BreadcrumbList","@id":"https:\/\/hcoe.com.br\/web\/index.php\/uveites\/#breadcrumb","itemListElement":[{"@type":"ListItem","position":1,"name":"In\u00edcio","item":"https:\/\/hcoe.com.br\/web\/"},{"@type":"ListItem","position":2,"name":"Uve\u00edtes"}]},{"@type":"WebSite","@id":"https:\/\/hcoe.com.br\/web\/#website","url":"https:\/\/hcoe.com.br\/web\/","name":"Hcoe - Hospital de Olhos","description":"","publisher":{"@id":"https:\/\/hcoe.com.br\/web\/#organization"},"potentialAction":[{"@type":"SearchAction","target":{"@type":"EntryPoint","urlTemplate":"https:\/\/hcoe.com.br\/web\/?s={search_term_string}"},"query-input":"required name=search_term_string"}],"inLanguage":"pt-BR"},{"@type":"Organization","@id":"https:\/\/hcoe.com.br\/web\/#organization","name":"Hcoe - Hospital de Olhos","url":"https:\/\/hcoe.com.br\/web\/","logo":{"@type":"ImageObject","inLanguage":"pt-BR","@id":"https:\/\/hcoe.com.br\/web\/#\/schema\/logo\/image\/","url":"https:\/\/hcoe.com.br\/web\/wp-content\/uploads\/2024\/05\/Logo-Vetor.png","contentUrl":"https:\/\/hcoe.com.br\/web\/wp-content\/uploads\/2024\/05\/Logo-Vetor.png","width":2624,"height":836,"caption":"Hcoe - Hospital de Olhos"},"image":{"@id":"https:\/\/hcoe.com.br\/web\/#\/schema\/logo\/image\/"},"sameAs":["https:\/\/www.facebook.com\/profile.php?id=61558625227187","https:\/\/www.instagram.com\/hcoehospitaldeolhos\/"]}]}},"_links":{"self":[{"href":"https:\/\/hcoe.com.br\/web\/index.php\/wp-json\/wp\/v2\/pages\/3381"}],"collection":[{"href":"https:\/\/hcoe.com.br\/web\/index.php\/wp-json\/wp\/v2\/pages"}],"about":[{"href":"https:\/\/hcoe.com.br\/web\/index.php\/wp-json\/wp\/v2\/types\/page"}],"author":[{"embeddable":true,"href":"https:\/\/hcoe.com.br\/web\/index.php\/wp-json\/wp\/v2\/users\/1"}],"replies":[{"embeddable":true,"href":"https:\/\/hcoe.com.br\/web\/index.php\/wp-json\/wp\/v2\/comments?post=3381"}],"version-history":[{"count":1,"href":"https:\/\/hcoe.com.br\/web\/index.php\/wp-json\/wp\/v2\/pages\/3381\/revisions"}],"predecessor-version":[{"id":3383,"href":"https:\/\/hcoe.com.br\/web\/index.php\/wp-json\/wp\/v2\/pages\/3381\/revisions\/3383"}],"wp:attachment":[{"href":"https:\/\/hcoe.com.br\/web\/index.php\/wp-json\/wp\/v2\/media?parent=3381"}],"curies":[{"name":"wp","href":"https:\/\/api.w.org\/{rel}","templated":true}]}}