{"id":3378,"date":"2024-05-08T14:46:30","date_gmt":"2024-05-08T17:46:30","guid":{"rendered":"https:\/\/hcoe.com.br\/web\/?page_id=3378"},"modified":"2024-05-08T14:46:30","modified_gmt":"2024-05-08T17:46:30","slug":"retina-e-vitreo-2","status":"publish","type":"page","link":"https:\/\/hcoe.com.br\/web\/index.php\/retina-e-vitreo-2\/","title":{"rendered":"Retina e V\u00edtreo"},"content":{"rendered":"<div id=\"pl-3378\"  class=\"panel-layout\" ><div id=\"pg-3378-0\"  class=\"panel-grid panel-has-style\" ><div class=\"divider-no-animation tablet-default mobile-default desktop-default custom panel-row-style panel-row-style-for-3378-0\" ><div id=\"pgc-3378-0-0\"  class=\"panel-grid-cell\" ><div id=\"panel-3378-0-0-0\" class=\"so-panel widget widget_sow-editor panel-first-child panel-last-child\" data-index=\"0\" ><div class=\"orion panel-widget-style panel-widget-style-for-3378-0-0-0\" ><div\n\t\t\t\n\t\t\tclass=\"so-widget-sow-editor so-widget-sow-editor-base\"\n\t\t\t\n\t\t>\n<div class=\"siteorigin-widget-tinymce textwidget\">\n\t<p style=\"text-align: justify;\"><img loading=\"lazy\" decoding=\"async\" class=\"size-full wp-image-3379 aligncenter\" src=\"https:\/\/hcoe.com.br\/web\/wp-content\/uploads\/2024\/05\/oh.jpg\" alt=\"\" width=\"300\" height=\"200\" srcset=\"https:\/\/hcoe.com.br\/web\/wp-content\/uploads\/2024\/05\/oh.jpg 300w, https:\/\/hcoe.com.br\/web\/wp-content\/uploads\/2024\/05\/oh-272x182.jpg 272w\" sizes=\"(max-width: 300px) 100vw, 300px\" \/><\/p>\n<p style=\"text-align: justify;\">A sa\u00fade da retina e do v\u00edtreo \u00e9 tratada com a seriedade que merece, empregando um arsenal de t\u00e9cnicas diagn\u00f3sticas avan\u00e7adas que destacam nossa institui\u00e7\u00e3o na vanguarda da oftalmologia. Compreendendo a import\u00e2ncia cr\u00edtica destas estruturas na vis\u00e3o, nossos especialistas utilizam exames como a tomografia de coer\u00eancia \u00f3ptica (OCT), angiografia fluoresce\u00ednica e ultrassonografia ocular para proporcionar uma avalia\u00e7\u00e3o detalhada e abrangente.<\/p>\n<p style=\"text-align: justify;\">Esses m\u00e9todos n\u00e3o invasivos permitem um diagn\u00f3stico preciso de uma ampla gama de patologias, incluindo degenera\u00e7\u00e3o macular relacionada \u00e0 idade (DMRI), descolamento de retina, buraco macular, e outras doen\u00e7as vitreorretinianas. Por imagens de alta resolu\u00e7\u00e3o, nossos m\u00e9dicos podem identificar altera\u00e7\u00f5es sutis na retina e no v\u00edtreo, facilitando interven\u00e7\u00f5es precoces e planejamento de tratamento personalizado para cada paciente.<\/p>\n<p style=\"text-align: justify;\">O nosso compromisso com a inova\u00e7\u00e3o tecnol\u00f3gica e a excel\u00eancia cl\u00ednica garante que cada paciente receba o mais alto padr\u00e3o de cuidado, com estrat\u00e9gias de tratamento que visam preservar e melhorar a vis\u00e3o. Nosso objetivo \u00e9 assegurar que cada paciente possa experienciar a melhor qualidade de vida visual poss\u00edvel, respaldados por uma equipe dedicada e os mais avan\u00e7ados recursos diagn\u00f3sticos e terap\u00eauticos dispon\u00edveis na \u00e1rea de retina e v\u00edtreo.<\/p>\n<\/div>\n<\/div><\/div><\/div><\/div><div id=\"pgc-3378-0-1\"  class=\"panel-grid-cell\" ><div id=\"panel-3378-0-1-0\" class=\"so-panel widget widget_orion_image_w panel-first-child panel-last-child\" data-index=\"1\" ><div class=\"orion custom default panel-widget-style panel-widget-style-for-3378-0-1-0\" ><div\n\t\t\t\n\t\t\tclass=\"so-widget-orion_image_w so-widget-orion_image_w-base\"\n\t\t\t\n\t\t>\r\n<div class=\"image-w relative\">\r\n\r\n\t\t\t\t\t\t\t<div class=\"orion_carousel overlay-none overlay-hover-none\">\r\n\t\t\r\n\t\t\t\t\t<img loading=\"lazy\" decoding=\"async\" width=\"750\" height=\"500\" src=\"https:\/\/hcoe.com.br\/web\/wp-content\/uploads\/2024\/05\/4343ttretyryjgmjh7iuyf-750x500.jpg\" class=\"attachment-orion_carousel size-orion_carousel\" alt=\"\" \/>\t\t\t<div class=\"overlay\"><\/div>\r\n\t\t\r\n\t\t\t\t\t<\/div>\r\n\t\t\t\r\n\t\r\n\t<div class=\"absolute\">\r\n\t\t<div class=\"hover-desc table-wrap\">\r\n\t\t\t<div class=\"cell-wrap\">\r\n\t\t\t\t<h4 class=\"text-light\"><\/h4>\r\n\t\t\t<\/div>\r\n\t\t<\/div>\r\n\t<\/div>\t\t\t\t\t\r\n<\/div>\r\n\r\n<\/div><\/div><\/div><\/div><\/div><\/div><\/div>","protected":false},"excerpt":{"rendered":"<p>A sa\u00fade da retina e do v\u00edtreo \u00e9 tratada com a seriedade que merece, empregando um arsenal de t\u00e9cnicas diagn\u00f3sticas avan\u00e7adas que destacam nossa institui\u00e7\u00e3o na vanguarda da oftalmologia. Compreendendo a import\u00e2ncia cr\u00edtica destas estruturas na vis\u00e3o, nossos especialistas utilizam exames como a tomografia de coer\u00eancia \u00f3ptica (OCT), angiografia fluoresce\u00ednica e ultrassonografia ocular para proporcionar<\/p>\n","protected":false},"author":1,"featured_media":0,"parent":0,"menu_order":0,"comment_status":"closed","ping_status":"closed","template":"","meta":{"footnotes":""},"yoast_head":"<!-- This site is optimized with the Yoast SEO plugin v22.7 - https:\/\/yoast.com\/wordpress\/plugins\/seo\/ -->\n<title>Retina e V\u00edtreo - Hcoe - Hospital de Olhos<\/title>\n<meta name=\"robots\" content=\"index, follow, max-snippet:-1, max-image-preview:large, max-video-preview:-1\" \/>\n<link rel=\"canonical\" href=\"https:\/\/hcoe.com.br\/web\/index.php\/retina-e-vitreo-2\/\" \/>\n<meta property=\"og:locale\" content=\"pt_BR\" \/>\n<meta property=\"og:type\" content=\"article\" \/>\n<meta property=\"og:title\" content=\"Retina e V\u00edtreo - Hcoe - Hospital de Olhos\" \/>\n<meta property=\"og:description\" content=\"A sa\u00fade da retina e do v\u00edtreo \u00e9 tratada com a seriedade que merece, empregando um arsenal de t\u00e9cnicas diagn\u00f3sticas avan\u00e7adas que destacam nossa institui\u00e7\u00e3o na vanguarda da oftalmologia. Compreendendo a import\u00e2ncia cr\u00edtica destas estruturas na vis\u00e3o, nossos especialistas utilizam exames como a tomografia de coer\u00eancia \u00f3ptica (OCT), angiografia fluoresce\u00ednica e ultrassonografia ocular para proporcionar\" \/>\n<meta property=\"og:url\" content=\"https:\/\/hcoe.com.br\/web\/index.php\/retina-e-vitreo-2\/\" \/>\n<meta property=\"og:site_name\" content=\"Hcoe - Hospital de Olhos\" \/>\n<meta property=\"article:publisher\" content=\"https:\/\/www.facebook.com\/profile.php?id=61558625227187\" \/>\n<meta property=\"og:image\" content=\"https:\/\/hcoe.com.br\/web\/wp-content\/uploads\/2024\/05\/oh.jpg\" \/>\n<meta name=\"twitter:card\" content=\"summary_large_image\" \/>\n<meta name=\"twitter:label1\" content=\"Est. tempo de leitura\" \/>\n\t<meta name=\"twitter:data1\" content=\"1 minuto\" \/>\n<script type=\"application\/ld+json\" class=\"yoast-schema-graph\">{\"@context\":\"https:\/\/schema.org\",\"@graph\":[{\"@type\":\"WebPage\",\"@id\":\"https:\/\/hcoe.com.br\/web\/index.php\/retina-e-vitreo-2\/\",\"url\":\"https:\/\/hcoe.com.br\/web\/index.php\/retina-e-vitreo-2\/\",\"name\":\"Retina e V\u00edtreo - Hcoe - Hospital de Olhos\",\"isPartOf\":{\"@id\":\"https:\/\/hcoe.com.br\/web\/#website\"},\"primaryImageOfPage\":{\"@id\":\"https:\/\/hcoe.com.br\/web\/index.php\/retina-e-vitreo-2\/#primaryimage\"},\"image\":{\"@id\":\"https:\/\/hcoe.com.br\/web\/index.php\/retina-e-vitreo-2\/#primaryimage\"},\"thumbnailUrl\":\"https:\/\/hcoe.com.br\/web\/wp-content\/uploads\/2024\/05\/oh.jpg\",\"datePublished\":\"2024-05-08T17:46:30+00:00\",\"dateModified\":\"2024-05-08T17:46:30+00:00\",\"breadcrumb\":{\"@id\":\"https:\/\/hcoe.com.br\/web\/index.php\/retina-e-vitreo-2\/#breadcrumb\"},\"inLanguage\":\"pt-BR\",\"potentialAction\":[{\"@type\":\"ReadAction\",\"target\":[\"https:\/\/hcoe.com.br\/web\/index.php\/retina-e-vitreo-2\/\"]}]},{\"@type\":\"ImageObject\",\"inLanguage\":\"pt-BR\",\"@id\":\"https:\/\/hcoe.com.br\/web\/index.php\/retina-e-vitreo-2\/#primaryimage\",\"url\":\"https:\/\/hcoe.com.br\/web\/wp-content\/uploads\/2024\/05\/oh.jpg\",\"contentUrl\":\"https:\/\/hcoe.com.br\/web\/wp-content\/uploads\/2024\/05\/oh.jpg\",\"width\":300,\"height\":200},{\"@type\":\"BreadcrumbList\",\"@id\":\"https:\/\/hcoe.com.br\/web\/index.php\/retina-e-vitreo-2\/#breadcrumb\",\"itemListElement\":[{\"@type\":\"ListItem\",\"position\":1,\"name\":\"In\u00edcio\",\"item\":\"https:\/\/hcoe.com.br\/web\/\"},{\"@type\":\"ListItem\",\"position\":2,\"name\":\"Retina e V\u00edtreo\"}]},{\"@type\":\"WebSite\",\"@id\":\"https:\/\/hcoe.com.br\/web\/#website\",\"url\":\"https:\/\/hcoe.com.br\/web\/\",\"name\":\"Hcoe - Hospital de Olhos\",\"description\":\"\",\"publisher\":{\"@id\":\"https:\/\/hcoe.com.br\/web\/#organization\"},\"potentialAction\":[{\"@type\":\"SearchAction\",\"target\":{\"@type\":\"EntryPoint\",\"urlTemplate\":\"https:\/\/hcoe.com.br\/web\/?s={search_term_string}\"},\"query-input\":\"required name=search_term_string\"}],\"inLanguage\":\"pt-BR\"},{\"@type\":\"Organization\",\"@id\":\"https:\/\/hcoe.com.br\/web\/#organization\",\"name\":\"Hcoe - Hospital de Olhos\",\"url\":\"https:\/\/hcoe.com.br\/web\/\",\"logo\":{\"@type\":\"ImageObject\",\"inLanguage\":\"pt-BR\",\"@id\":\"https:\/\/hcoe.com.br\/web\/#\/schema\/logo\/image\/\",\"url\":\"https:\/\/hcoe.com.br\/web\/wp-content\/uploads\/2024\/05\/Logo-Vetor.png\",\"contentUrl\":\"https:\/\/hcoe.com.br\/web\/wp-content\/uploads\/2024\/05\/Logo-Vetor.png\",\"width\":2624,\"height\":836,\"caption\":\"Hcoe - Hospital de Olhos\"},\"image\":{\"@id\":\"https:\/\/hcoe.com.br\/web\/#\/schema\/logo\/image\/\"},\"sameAs\":[\"https:\/\/www.facebook.com\/profile.php?id=61558625227187\",\"https:\/\/www.instagram.com\/hcoehospitaldeolhos\/\"]}]}<\/script>\n<!-- \/ Yoast SEO plugin. -->","yoast_head_json":{"title":"Retina e V\u00edtreo - Hcoe - Hospital de Olhos","robots":{"index":"index","follow":"follow","max-snippet":"max-snippet:-1","max-image-preview":"max-image-preview:large","max-video-preview":"max-video-preview:-1"},"canonical":"https:\/\/hcoe.com.br\/web\/index.php\/retina-e-vitreo-2\/","og_locale":"pt_BR","og_type":"article","og_title":"Retina e V\u00edtreo - Hcoe - Hospital de Olhos","og_description":"A sa\u00fade da retina e do v\u00edtreo \u00e9 tratada com a seriedade que merece, empregando um arsenal de t\u00e9cnicas diagn\u00f3sticas avan\u00e7adas que destacam nossa institui\u00e7\u00e3o na vanguarda da oftalmologia. Compreendendo a import\u00e2ncia cr\u00edtica destas estruturas na vis\u00e3o, nossos especialistas utilizam exames como a tomografia de coer\u00eancia \u00f3ptica (OCT), angiografia fluoresce\u00ednica e ultrassonografia ocular para proporcionar","og_url":"https:\/\/hcoe.com.br\/web\/index.php\/retina-e-vitreo-2\/","og_site_name":"Hcoe - Hospital de Olhos","article_publisher":"https:\/\/www.facebook.com\/profile.php?id=61558625227187","og_image":[{"url":"https:\/\/hcoe.com.br\/web\/wp-content\/uploads\/2024\/05\/oh.jpg"}],"twitter_card":"summary_large_image","twitter_misc":{"Est. tempo de leitura":"1 minuto"},"schema":{"@context":"https:\/\/schema.org","@graph":[{"@type":"WebPage","@id":"https:\/\/hcoe.com.br\/web\/index.php\/retina-e-vitreo-2\/","url":"https:\/\/hcoe.com.br\/web\/index.php\/retina-e-vitreo-2\/","name":"Retina e V\u00edtreo - Hcoe - Hospital de Olhos","isPartOf":{"@id":"https:\/\/hcoe.com.br\/web\/#website"},"primaryImageOfPage":{"@id":"https:\/\/hcoe.com.br\/web\/index.php\/retina-e-vitreo-2\/#primaryimage"},"image":{"@id":"https:\/\/hcoe.com.br\/web\/index.php\/retina-e-vitreo-2\/#primaryimage"},"thumbnailUrl":"https:\/\/hcoe.com.br\/web\/wp-content\/uploads\/2024\/05\/oh.jpg","datePublished":"2024-05-08T17:46:30+00:00","dateModified":"2024-05-08T17:46:30+00:00","breadcrumb":{"@id":"https:\/\/hcoe.com.br\/web\/index.php\/retina-e-vitreo-2\/#breadcrumb"},"inLanguage":"pt-BR","potentialAction":[{"@type":"ReadAction","target":["https:\/\/hcoe.com.br\/web\/index.php\/retina-e-vitreo-2\/"]}]},{"@type":"ImageObject","inLanguage":"pt-BR","@id":"https:\/\/hcoe.com.br\/web\/index.php\/retina-e-vitreo-2\/#primaryimage","url":"https:\/\/hcoe.com.br\/web\/wp-content\/uploads\/2024\/05\/oh.jpg","contentUrl":"https:\/\/hcoe.com.br\/web\/wp-content\/uploads\/2024\/05\/oh.jpg","width":300,"height":200},{"@type":"BreadcrumbList","@id":"https:\/\/hcoe.com.br\/web\/index.php\/retina-e-vitreo-2\/#breadcrumb","itemListElement":[{"@type":"ListItem","position":1,"name":"In\u00edcio","item":"https:\/\/hcoe.com.br\/web\/"},{"@type":"ListItem","position":2,"name":"Retina e V\u00edtreo"}]},{"@type":"WebSite","@id":"https:\/\/hcoe.com.br\/web\/#website","url":"https:\/\/hcoe.com.br\/web\/","name":"Hcoe - Hospital de Olhos","description":"","publisher":{"@id":"https:\/\/hcoe.com.br\/web\/#organization"},"potentialAction":[{"@type":"SearchAction","target":{"@type":"EntryPoint","urlTemplate":"https:\/\/hcoe.com.br\/web\/?s={search_term_string}"},"query-input":"required name=search_term_string"}],"inLanguage":"pt-BR"},{"@type":"Organization","@id":"https:\/\/hcoe.com.br\/web\/#organization","name":"Hcoe - Hospital de Olhos","url":"https:\/\/hcoe.com.br\/web\/","logo":{"@type":"ImageObject","inLanguage":"pt-BR","@id":"https:\/\/hcoe.com.br\/web\/#\/schema\/logo\/image\/","url":"https:\/\/hcoe.com.br\/web\/wp-content\/uploads\/2024\/05\/Logo-Vetor.png","contentUrl":"https:\/\/hcoe.com.br\/web\/wp-content\/uploads\/2024\/05\/Logo-Vetor.png","width":2624,"height":836,"caption":"Hcoe - Hospital de Olhos"},"image":{"@id":"https:\/\/hcoe.com.br\/web\/#\/schema\/logo\/image\/"},"sameAs":["https:\/\/www.facebook.com\/profile.php?id=61558625227187","https:\/\/www.instagram.com\/hcoehospitaldeolhos\/"]}]}},"_links":{"self":[{"href":"https:\/\/hcoe.com.br\/web\/index.php\/wp-json\/wp\/v2\/pages\/3378"}],"collection":[{"href":"https:\/\/hcoe.com.br\/web\/index.php\/wp-json\/wp\/v2\/pages"}],"about":[{"href":"https:\/\/hcoe.com.br\/web\/index.php\/wp-json\/wp\/v2\/types\/page"}],"author":[{"embeddable":true,"href":"https:\/\/hcoe.com.br\/web\/index.php\/wp-json\/wp\/v2\/users\/1"}],"replies":[{"embeddable":true,"href":"https:\/\/hcoe.com.br\/web\/index.php\/wp-json\/wp\/v2\/comments?post=3378"}],"version-history":[{"count":1,"href":"https:\/\/hcoe.com.br\/web\/index.php\/wp-json\/wp\/v2\/pages\/3378\/revisions"}],"predecessor-version":[{"id":3380,"href":"https:\/\/hcoe.com.br\/web\/index.php\/wp-json\/wp\/v2\/pages\/3378\/revisions\/3380"}],"wp:attachment":[{"href":"https:\/\/hcoe.com.br\/web\/index.php\/wp-json\/wp\/v2\/media?parent=3378"}],"curies":[{"name":"wp","href":"https:\/\/api.w.org\/{rel}","templated":true}]}}