{"id":3366,"date":"2024-05-08T14:32:34","date_gmt":"2024-05-08T17:32:34","guid":{"rendered":"https:\/\/hcoe.com.br\/web\/?page_id=3366"},"modified":"2024-05-08T14:32:34","modified_gmt":"2024-05-08T17:32:34","slug":"estrabismo","status":"publish","type":"page","link":"https:\/\/hcoe.com.br\/web\/index.php\/estrabismo\/","title":{"rendered":"Estrabismo"},"content":{"rendered":"<div id=\"pl-3366\"  class=\"panel-layout\" ><div id=\"pg-3366-0\"  class=\"panel-grid panel-has-style\" ><div class=\"divider-no-animation tablet-default mobile-default desktop-default custom panel-row-style panel-row-style-for-3366-0\" ><div id=\"pgc-3366-0-0\"  class=\"panel-grid-cell\" ><div id=\"panel-3366-0-0-0\" class=\"so-panel widget widget_sow-editor panel-first-child panel-last-child\" data-index=\"0\" ><div class=\"orion panel-widget-style panel-widget-style-for-3366-0-0-0\" ><div\n\t\t\t\n\t\t\tclass=\"so-widget-sow-editor so-widget-sow-editor-base\"\n\t\t\t\n\t\t>\n<div class=\"siteorigin-widget-tinymce textwidget\">\n\t<p style=\"text-align: justify;\"><img loading=\"lazy\" decoding=\"async\" class=\"size-full wp-image-3367 aligncenter\" src=\"https:\/\/hcoe.com.br\/web\/wp-content\/uploads\/2024\/05\/estrabismo.jpg\" alt=\"\" width=\"300\" height=\"200\" srcset=\"https:\/\/hcoe.com.br\/web\/wp-content\/uploads\/2024\/05\/estrabismo.jpg 300w, https:\/\/hcoe.com.br\/web\/wp-content\/uploads\/2024\/05\/estrabismo-272x182.jpg 272w\" sizes=\"(max-width: 300px) 100vw, 300px\" \/><\/p>\n<p style=\"text-align: justify;\">A consulta de estrabismo realizada representa um importante passo para pacientes que buscam n\u00e3o apenas uma solu\u00e7\u00e3o para um problema visual, mas tamb\u00e9m uma melhora significativa na qualidade de vida.\u00a0 Oferecemos um servi\u00e7o especializado e detalhado para o diagn\u00f3stico e tratamento do estrabismo, condi\u00e7\u00e3o que afeta o alinhamento dos olhos e pode comprometer a vis\u00e3o binocular.<\/p>\n<p style=\"text-align: justify;\">Utilizamos equipamentos de ponta e t\u00e9cnicas avan\u00e7adas para um diagn\u00f3stico preciso. Os pacientes s\u00e3o atendidos por uma equipe de especialistas qualificados, que dedicam tempo para entender as necessidades individuais, abordando o estrabismo n\u00e3o apenas como uma quest\u00e3o f\u00edsica, mas considerando tamb\u00e9m o impacto psicossocial associado \u00e0 condi\u00e7\u00e3o.<\/p>\n<p style=\"text-align: justify;\">Durante a consulta, s\u00e3o realizados diversos testes para avaliar a extens\u00e3o do estrabismo, incluindo a medida do desvio ocular, a funcionalidade dos m\u00fasculos respons\u00e1veis pelo movimento dos olhos e a capacidade de foco. Essa avalia\u00e7\u00e3o \u00e9 essencial para elaborar um plano de tratamento personalizado, que pode variar desde o uso de \u00f3culos especiais e exerc\u00edcios de vis\u00e3o at\u00e9 interven\u00e7\u00f5es cir\u00fargicas, dependendo da gravidade e do tipo.<\/p>\n<\/div>\n<\/div><\/div><\/div><\/div><div id=\"pgc-3366-0-1\"  class=\"panel-grid-cell\" ><div id=\"panel-3366-0-1-0\" class=\"so-panel widget widget_orion_image_w panel-first-child panel-last-child\" data-index=\"1\" ><div class=\"orion custom default panel-widget-style panel-widget-style-for-3366-0-1-0\" ><div\n\t\t\t\n\t\t\tclass=\"so-widget-orion_image_w so-widget-orion_image_w-base\"\n\t\t\t\n\t\t>\r\n<div class=\"image-w relative\">\r\n\r\n\t\t\t\t\t\t\t<div class=\"orion_carousel overlay-none overlay-hover-none\">\r\n\t\t\r\n\t\t\t\t\t<img loading=\"lazy\" decoding=\"async\" width=\"750\" height=\"500\" src=\"https:\/\/hcoe.com.br\/web\/wp-content\/uploads\/2024\/05\/4343ttretyryjgmjh7iuyf-750x500.jpg\" class=\"attachment-orion_carousel size-orion_carousel\" alt=\"\" \/>\t\t\t<div class=\"overlay\"><\/div>\r\n\t\t\r\n\t\t\t\t\t<\/div>\r\n\t\t\t\r\n\t\r\n\t<div class=\"absolute\">\r\n\t\t<div class=\"hover-desc table-wrap\">\r\n\t\t\t<div class=\"cell-wrap\">\r\n\t\t\t\t<h4 class=\"text-light\"><\/h4>\r\n\t\t\t<\/div>\r\n\t\t<\/div>\r\n\t<\/div>\t\t\t\t\t\r\n<\/div>\r\n\r\n<\/div><\/div><\/div><\/div><\/div><\/div><\/div>","protected":false},"excerpt":{"rendered":"<p>A consulta de estrabismo realizada representa um importante passo para pacientes que buscam n\u00e3o apenas uma solu\u00e7\u00e3o para um problema visual, mas tamb\u00e9m uma melhora significativa na qualidade de vida.\u00a0 Oferecemos um servi\u00e7o especializado e detalhado para o diagn\u00f3stico e tratamento do estrabismo, condi\u00e7\u00e3o que afeta o alinhamento dos olhos e pode comprometer a vis\u00e3o<\/p>\n","protected":false},"author":1,"featured_media":0,"parent":0,"menu_order":0,"comment_status":"closed","ping_status":"closed","template":"","meta":{"footnotes":""},"yoast_head":"<!-- This site is optimized with the Yoast SEO plugin v22.7 - https:\/\/yoast.com\/wordpress\/plugins\/seo\/ -->\n<title>Estrabismo - Hcoe - Hospital de Olhos<\/title>\n<meta name=\"robots\" content=\"index, follow, max-snippet:-1, max-image-preview:large, max-video-preview:-1\" \/>\n<link rel=\"canonical\" href=\"https:\/\/hcoe.com.br\/web\/index.php\/estrabismo\/\" \/>\n<meta property=\"og:locale\" content=\"pt_BR\" \/>\n<meta property=\"og:type\" content=\"article\" \/>\n<meta property=\"og:title\" content=\"Estrabismo - Hcoe - Hospital de Olhos\" \/>\n<meta property=\"og:description\" content=\"A consulta de estrabismo realizada representa um importante passo para pacientes que buscam n\u00e3o apenas uma solu\u00e7\u00e3o para um problema visual, mas tamb\u00e9m uma melhora significativa na qualidade de vida.\u00a0 Oferecemos um servi\u00e7o especializado e detalhado para o diagn\u00f3stico e tratamento do estrabismo, condi\u00e7\u00e3o que afeta o alinhamento dos olhos e pode comprometer a vis\u00e3o\" \/>\n<meta property=\"og:url\" content=\"https:\/\/hcoe.com.br\/web\/index.php\/estrabismo\/\" \/>\n<meta property=\"og:site_name\" content=\"Hcoe - Hospital de Olhos\" \/>\n<meta property=\"article:publisher\" content=\"https:\/\/www.facebook.com\/profile.php?id=61558625227187\" \/>\n<meta property=\"og:image\" content=\"https:\/\/hcoe.com.br\/web\/wp-content\/uploads\/2024\/05\/estrabismo.jpg\" \/>\n<meta name=\"twitter:card\" content=\"summary_large_image\" \/>\n<meta name=\"twitter:label1\" content=\"Est. tempo de leitura\" \/>\n\t<meta name=\"twitter:data1\" content=\"1 minuto\" \/>\n<script type=\"application\/ld+json\" class=\"yoast-schema-graph\">{\"@context\":\"https:\/\/schema.org\",\"@graph\":[{\"@type\":\"WebPage\",\"@id\":\"https:\/\/hcoe.com.br\/web\/index.php\/estrabismo\/\",\"url\":\"https:\/\/hcoe.com.br\/web\/index.php\/estrabismo\/\",\"name\":\"Estrabismo - Hcoe - Hospital de Olhos\",\"isPartOf\":{\"@id\":\"https:\/\/hcoe.com.br\/web\/#website\"},\"primaryImageOfPage\":{\"@id\":\"https:\/\/hcoe.com.br\/web\/index.php\/estrabismo\/#primaryimage\"},\"image\":{\"@id\":\"https:\/\/hcoe.com.br\/web\/index.php\/estrabismo\/#primaryimage\"},\"thumbnailUrl\":\"https:\/\/hcoe.com.br\/web\/wp-content\/uploads\/2024\/05\/estrabismo.jpg\",\"datePublished\":\"2024-05-08T17:32:34+00:00\",\"dateModified\":\"2024-05-08T17:32:34+00:00\",\"breadcrumb\":{\"@id\":\"https:\/\/hcoe.com.br\/web\/index.php\/estrabismo\/#breadcrumb\"},\"inLanguage\":\"pt-BR\",\"potentialAction\":[{\"@type\":\"ReadAction\",\"target\":[\"https:\/\/hcoe.com.br\/web\/index.php\/estrabismo\/\"]}]},{\"@type\":\"ImageObject\",\"inLanguage\":\"pt-BR\",\"@id\":\"https:\/\/hcoe.com.br\/web\/index.php\/estrabismo\/#primaryimage\",\"url\":\"https:\/\/hcoe.com.br\/web\/wp-content\/uploads\/2024\/05\/estrabismo.jpg\",\"contentUrl\":\"https:\/\/hcoe.com.br\/web\/wp-content\/uploads\/2024\/05\/estrabismo.jpg\",\"width\":300,\"height\":200},{\"@type\":\"BreadcrumbList\",\"@id\":\"https:\/\/hcoe.com.br\/web\/index.php\/estrabismo\/#breadcrumb\",\"itemListElement\":[{\"@type\":\"ListItem\",\"position\":1,\"name\":\"In\u00edcio\",\"item\":\"https:\/\/hcoe.com.br\/web\/\"},{\"@type\":\"ListItem\",\"position\":2,\"name\":\"Estrabismo\"}]},{\"@type\":\"WebSite\",\"@id\":\"https:\/\/hcoe.com.br\/web\/#website\",\"url\":\"https:\/\/hcoe.com.br\/web\/\",\"name\":\"Hcoe - Hospital de Olhos\",\"description\":\"\",\"publisher\":{\"@id\":\"https:\/\/hcoe.com.br\/web\/#organization\"},\"potentialAction\":[{\"@type\":\"SearchAction\",\"target\":{\"@type\":\"EntryPoint\",\"urlTemplate\":\"https:\/\/hcoe.com.br\/web\/?s={search_term_string}\"},\"query-input\":\"required name=search_term_string\"}],\"inLanguage\":\"pt-BR\"},{\"@type\":\"Organization\",\"@id\":\"https:\/\/hcoe.com.br\/web\/#organization\",\"name\":\"Hcoe - Hospital de Olhos\",\"url\":\"https:\/\/hcoe.com.br\/web\/\",\"logo\":{\"@type\":\"ImageObject\",\"inLanguage\":\"pt-BR\",\"@id\":\"https:\/\/hcoe.com.br\/web\/#\/schema\/logo\/image\/\",\"url\":\"https:\/\/hcoe.com.br\/web\/wp-content\/uploads\/2024\/05\/Logo-Vetor.png\",\"contentUrl\":\"https:\/\/hcoe.com.br\/web\/wp-content\/uploads\/2024\/05\/Logo-Vetor.png\",\"width\":2624,\"height\":836,\"caption\":\"Hcoe - Hospital de Olhos\"},\"image\":{\"@id\":\"https:\/\/hcoe.com.br\/web\/#\/schema\/logo\/image\/\"},\"sameAs\":[\"https:\/\/www.facebook.com\/profile.php?id=61558625227187\",\"https:\/\/www.instagram.com\/hcoehospitaldeolhos\/\"]}]}<\/script>\n<!-- \/ Yoast SEO plugin. -->","yoast_head_json":{"title":"Estrabismo - Hcoe - Hospital de Olhos","robots":{"index":"index","follow":"follow","max-snippet":"max-snippet:-1","max-image-preview":"max-image-preview:large","max-video-preview":"max-video-preview:-1"},"canonical":"https:\/\/hcoe.com.br\/web\/index.php\/estrabismo\/","og_locale":"pt_BR","og_type":"article","og_title":"Estrabismo - Hcoe - Hospital de Olhos","og_description":"A consulta de estrabismo realizada representa um importante passo para pacientes que buscam n\u00e3o apenas uma solu\u00e7\u00e3o para um problema visual, mas tamb\u00e9m uma melhora significativa na qualidade de vida.\u00a0 Oferecemos um servi\u00e7o especializado e detalhado para o diagn\u00f3stico e tratamento do estrabismo, condi\u00e7\u00e3o que afeta o alinhamento dos olhos e pode comprometer a vis\u00e3o","og_url":"https:\/\/hcoe.com.br\/web\/index.php\/estrabismo\/","og_site_name":"Hcoe - Hospital de Olhos","article_publisher":"https:\/\/www.facebook.com\/profile.php?id=61558625227187","og_image":[{"url":"https:\/\/hcoe.com.br\/web\/wp-content\/uploads\/2024\/05\/estrabismo.jpg"}],"twitter_card":"summary_large_image","twitter_misc":{"Est. tempo de leitura":"1 minuto"},"schema":{"@context":"https:\/\/schema.org","@graph":[{"@type":"WebPage","@id":"https:\/\/hcoe.com.br\/web\/index.php\/estrabismo\/","url":"https:\/\/hcoe.com.br\/web\/index.php\/estrabismo\/","name":"Estrabismo - Hcoe - Hospital de Olhos","isPartOf":{"@id":"https:\/\/hcoe.com.br\/web\/#website"},"primaryImageOfPage":{"@id":"https:\/\/hcoe.com.br\/web\/index.php\/estrabismo\/#primaryimage"},"image":{"@id":"https:\/\/hcoe.com.br\/web\/index.php\/estrabismo\/#primaryimage"},"thumbnailUrl":"https:\/\/hcoe.com.br\/web\/wp-content\/uploads\/2024\/05\/estrabismo.jpg","datePublished":"2024-05-08T17:32:34+00:00","dateModified":"2024-05-08T17:32:34+00:00","breadcrumb":{"@id":"https:\/\/hcoe.com.br\/web\/index.php\/estrabismo\/#breadcrumb"},"inLanguage":"pt-BR","potentialAction":[{"@type":"ReadAction","target":["https:\/\/hcoe.com.br\/web\/index.php\/estrabismo\/"]}]},{"@type":"ImageObject","inLanguage":"pt-BR","@id":"https:\/\/hcoe.com.br\/web\/index.php\/estrabismo\/#primaryimage","url":"https:\/\/hcoe.com.br\/web\/wp-content\/uploads\/2024\/05\/estrabismo.jpg","contentUrl":"https:\/\/hcoe.com.br\/web\/wp-content\/uploads\/2024\/05\/estrabismo.jpg","width":300,"height":200},{"@type":"BreadcrumbList","@id":"https:\/\/hcoe.com.br\/web\/index.php\/estrabismo\/#breadcrumb","itemListElement":[{"@type":"ListItem","position":1,"name":"In\u00edcio","item":"https:\/\/hcoe.com.br\/web\/"},{"@type":"ListItem","position":2,"name":"Estrabismo"}]},{"@type":"WebSite","@id":"https:\/\/hcoe.com.br\/web\/#website","url":"https:\/\/hcoe.com.br\/web\/","name":"Hcoe - Hospital de Olhos","description":"","publisher":{"@id":"https:\/\/hcoe.com.br\/web\/#organization"},"potentialAction":[{"@type":"SearchAction","target":{"@type":"EntryPoint","urlTemplate":"https:\/\/hcoe.com.br\/web\/?s={search_term_string}"},"query-input":"required name=search_term_string"}],"inLanguage":"pt-BR"},{"@type":"Organization","@id":"https:\/\/hcoe.com.br\/web\/#organization","name":"Hcoe - Hospital de Olhos","url":"https:\/\/hcoe.com.br\/web\/","logo":{"@type":"ImageObject","inLanguage":"pt-BR","@id":"https:\/\/hcoe.com.br\/web\/#\/schema\/logo\/image\/","url":"https:\/\/hcoe.com.br\/web\/wp-content\/uploads\/2024\/05\/Logo-Vetor.png","contentUrl":"https:\/\/hcoe.com.br\/web\/wp-content\/uploads\/2024\/05\/Logo-Vetor.png","width":2624,"height":836,"caption":"Hcoe - Hospital de Olhos"},"image":{"@id":"https:\/\/hcoe.com.br\/web\/#\/schema\/logo\/image\/"},"sameAs":["https:\/\/www.facebook.com\/profile.php?id=61558625227187","https:\/\/www.instagram.com\/hcoehospitaldeolhos\/"]}]}},"_links":{"self":[{"href":"https:\/\/hcoe.com.br\/web\/index.php\/wp-json\/wp\/v2\/pages\/3366"}],"collection":[{"href":"https:\/\/hcoe.com.br\/web\/index.php\/wp-json\/wp\/v2\/pages"}],"about":[{"href":"https:\/\/hcoe.com.br\/web\/index.php\/wp-json\/wp\/v2\/types\/page"}],"author":[{"embeddable":true,"href":"https:\/\/hcoe.com.br\/web\/index.php\/wp-json\/wp\/v2\/users\/1"}],"replies":[{"embeddable":true,"href":"https:\/\/hcoe.com.br\/web\/index.php\/wp-json\/wp\/v2\/comments?post=3366"}],"version-history":[{"count":1,"href":"https:\/\/hcoe.com.br\/web\/index.php\/wp-json\/wp\/v2\/pages\/3366\/revisions"}],"predecessor-version":[{"id":3368,"href":"https:\/\/hcoe.com.br\/web\/index.php\/wp-json\/wp\/v2\/pages\/3366\/revisions\/3368"}],"wp:attachment":[{"href":"https:\/\/hcoe.com.br\/web\/index.php\/wp-json\/wp\/v2\/media?parent=3366"}],"curies":[{"name":"wp","href":"https:\/\/api.w.org\/{rel}","templated":true}]}}