{"id":3363,"date":"2024-05-08T14:30:21","date_gmt":"2024-05-08T17:30:21","guid":{"rendered":"https:\/\/hcoe.com.br\/web\/?page_id=3363"},"modified":"2024-05-08T14:30:21","modified_gmt":"2024-05-08T17:30:21","slug":"diagnostico-da-saude-corneana","status":"publish","type":"page","link":"https:\/\/hcoe.com.br\/web\/index.php\/diagnostico-da-saude-corneana\/","title":{"rendered":"Diagn\u00f3stico da Sa\u00fade Corneana"},"content":{"rendered":"<div id=\"pl-3363\"  class=\"panel-layout\" ><div id=\"pg-3363-0\"  class=\"panel-grid panel-has-style\" ><div class=\"divider-no-animation tablet-default mobile-default desktop-default custom panel-row-style panel-row-style-for-3363-0\" ><div id=\"pgc-3363-0-0\"  class=\"panel-grid-cell\" ><div id=\"panel-3363-0-0-0\" class=\"so-panel widget widget_sow-editor panel-first-child panel-last-child\" data-index=\"0\" ><div class=\"orion custom default panel-widget-style panel-widget-style-for-3363-0-0-0\" ><div\n\t\t\t\n\t\t\tclass=\"so-widget-sow-editor so-widget-sow-editor-base\"\n\t\t\t\n\t\t>\n<div class=\"siteorigin-widget-tinymce textwidget\">\n\t<p style=\"text-align: justify;\"><img loading=\"lazy\" decoding=\"async\" class=\"size-full wp-image-3364 aligncenter\" src=\"https:\/\/hcoe.com.br\/web\/wp-content\/uploads\/2024\/05\/ww34tyhjklc.jpg\" alt=\"\" width=\"300\" height=\"200\" srcset=\"https:\/\/hcoe.com.br\/web\/wp-content\/uploads\/2024\/05\/ww34tyhjklc.jpg 300w, https:\/\/hcoe.com.br\/web\/wp-content\/uploads\/2024\/05\/ww34tyhjklc-272x182.jpg 272w\" sizes=\"(max-width: 300px) 100vw, 300px\" \/><\/p>\n<p style=\"text-align: justify;\">Aqui no Hospital de Olhos HCOE, a excel\u00eancia no cuidado da c\u00f3rnea \u00e9 levada a s\u00e9rio. Com uma equipe m\u00e9dica altamente qualificada e a utiliza\u00e7\u00e3o de tecnologias avan\u00e7adas, somos capazes de realizar diagn\u00f3sticos precisos e fornecer tratamentos eficazes para uma ampla gama de condi\u00e7\u00f5es corneanas, desde o ceratocone at\u00e9 distrofias corneanas.<\/p>\n<p style=\"text-align: justify;\">Por meio de procedimentos como topografia corneana, tomografia, paquimetria ultrass\u00f4nica e microscopia especular, nossos especialistas em c\u00f3rnea adquirem um entendimento detalhado da condi\u00e7\u00e3o do paciente. Esses exames n\u00e3o s\u00f3 ajudam a identificar a doen\u00e7a em suas fases iniciais, mas tamb\u00e9m permitem monitorar a evolu\u00e7\u00e3o da condi\u00e7\u00e3o e ajustar o tratamento conforme necess\u00e1rio.<\/p>\n<p style=\"text-align: justify;\">Tratamentos inovadores como o crosslinking corneano, a implanta\u00e7\u00e3o de an\u00e9is intracorneanos e o transplante de c\u00f3rnea s\u00e3o realizados com o intuito de restaurar a vis\u00e3o e melhorar significativamente a qualidade de vida dos nossos pacientes. Al\u00e9m disso, a adapta\u00e7\u00e3o de lentes de contato especiais \u00e9 oferecida como uma op\u00e7\u00e3o para aqueles que necessitam de corre\u00e7\u00f5es visuais espec\u00edficas.<\/p>\n<p style=\"text-align: justify;\">Entendemos que cada paciente \u00e9 \u00fanico. Por isso, dedicamo-nos a fornecer um plano de tratamento personalizado, assegurando que cada indiv\u00edduo receba o cuidado e a aten\u00e7\u00e3o necess\u00e1rios para alcan\u00e7ar os melhores resultados poss\u00edveis.<\/p>\n<p style=\"text-align: justify;\">Nossa miss\u00e3o \u00e9 oferecer um servi\u00e7o oftalmol\u00f3gico de excel\u00eancia, combinando conhecimento especializado, tecnologia de ponta e um atendimento humanizado, reafirmando nosso compromisso com a sa\u00fade visual de nossos pacientes.<\/p>\n<\/div>\n<\/div><\/div><\/div><\/div><div id=\"pgc-3363-0-1\"  class=\"panel-grid-cell\" ><div id=\"panel-3363-0-1-0\" class=\"so-panel widget widget_orion_image_w panel-first-child panel-last-child\" data-index=\"1\" ><div class=\"orion custom default panel-widget-style panel-widget-style-for-3363-0-1-0\" ><div\n\t\t\t\n\t\t\tclass=\"so-widget-orion_image_w so-widget-orion_image_w-base\"\n\t\t\t\n\t\t>\r\n<div class=\"image-w relative\">\r\n\r\n\t\t\t\t\t\t\t<div class=\"orion_carousel overlay-none overlay-hover-none\">\r\n\t\t\r\n\t\t\t\t\t<img loading=\"lazy\" decoding=\"async\" width=\"750\" height=\"500\" src=\"https:\/\/hcoe.com.br\/web\/wp-content\/uploads\/2024\/05\/4343ttretyryjgmjh7iuyf-750x500.jpg\" class=\"attachment-orion_carousel size-orion_carousel\" alt=\"\" \/>\t\t\t<div class=\"overlay\"><\/div>\r\n\t\t\r\n\t\t\t\t\t<\/div>\r\n\t\t\t\r\n\t\r\n\t<div class=\"absolute\">\r\n\t\t<div class=\"hover-desc table-wrap\">\r\n\t\t\t<div class=\"cell-wrap\">\r\n\t\t\t\t<h4 class=\"text-light\"><\/h4>\r\n\t\t\t<\/div>\r\n\t\t<\/div>\r\n\t<\/div>\t\t\t\t\t\r\n<\/div>\r\n\r\n<\/div><\/div><\/div><\/div><\/div><\/div><\/div>","protected":false},"excerpt":{"rendered":"<p>Aqui no Hospital de Olhos HCOE, a excel\u00eancia no cuidado da c\u00f3rnea \u00e9 levada a s\u00e9rio. Com uma equipe m\u00e9dica altamente qualificada e a utiliza\u00e7\u00e3o de tecnologias avan\u00e7adas, somos capazes de realizar diagn\u00f3sticos precisos e fornecer tratamentos eficazes para uma ampla gama de condi\u00e7\u00f5es corneanas, desde o ceratocone at\u00e9 distrofias corneanas.Por meio de procedimentos como<\/p>\n","protected":false},"author":1,"featured_media":0,"parent":0,"menu_order":0,"comment_status":"closed","ping_status":"closed","template":"","meta":{"footnotes":""},"yoast_head":"<!-- This site is optimized with the Yoast SEO plugin v22.7 - https:\/\/yoast.com\/wordpress\/plugins\/seo\/ -->\n<title>Diagn\u00f3stico da Sa\u00fade Corneana - Hcoe - Hospital de Olhos<\/title>\n<meta name=\"robots\" content=\"index, follow, max-snippet:-1, max-image-preview:large, max-video-preview:-1\" \/>\n<link rel=\"canonical\" href=\"https:\/\/hcoe.com.br\/web\/index.php\/diagnostico-da-saude-corneana\/\" \/>\n<meta property=\"og:locale\" content=\"pt_BR\" \/>\n<meta property=\"og:type\" content=\"article\" \/>\n<meta property=\"og:title\" content=\"Diagn\u00f3stico da Sa\u00fade Corneana - Hcoe - Hospital de Olhos\" \/>\n<meta property=\"og:description\" content=\"Aqui no Hospital de Olhos HCOE, a excel\u00eancia no cuidado da c\u00f3rnea \u00e9 levada a s\u00e9rio. Com uma equipe m\u00e9dica altamente qualificada e a utiliza\u00e7\u00e3o de tecnologias avan\u00e7adas, somos capazes de realizar diagn\u00f3sticos precisos e fornecer tratamentos eficazes para uma ampla gama de condi\u00e7\u00f5es corneanas, desde o ceratocone at\u00e9 distrofias corneanas.Por meio de procedimentos como\" \/>\n<meta property=\"og:url\" content=\"https:\/\/hcoe.com.br\/web\/index.php\/diagnostico-da-saude-corneana\/\" \/>\n<meta property=\"og:site_name\" content=\"Hcoe - Hospital de Olhos\" \/>\n<meta property=\"article:publisher\" content=\"https:\/\/www.facebook.com\/profile.php?id=61558625227187\" \/>\n<meta property=\"og:image\" content=\"https:\/\/hcoe.com.br\/web\/wp-content\/uploads\/2024\/05\/ww34tyhjklc.jpg\" \/>\n<meta name=\"twitter:card\" content=\"summary_large_image\" \/>\n<meta name=\"twitter:label1\" content=\"Est. tempo de leitura\" \/>\n\t<meta name=\"twitter:data1\" content=\"1 minuto\" \/>\n<script type=\"application\/ld+json\" class=\"yoast-schema-graph\">{\"@context\":\"https:\/\/schema.org\",\"@graph\":[{\"@type\":\"WebPage\",\"@id\":\"https:\/\/hcoe.com.br\/web\/index.php\/diagnostico-da-saude-corneana\/\",\"url\":\"https:\/\/hcoe.com.br\/web\/index.php\/diagnostico-da-saude-corneana\/\",\"name\":\"Diagn\u00f3stico da Sa\u00fade Corneana - Hcoe - Hospital de Olhos\",\"isPartOf\":{\"@id\":\"https:\/\/hcoe.com.br\/web\/#website\"},\"primaryImageOfPage\":{\"@id\":\"https:\/\/hcoe.com.br\/web\/index.php\/diagnostico-da-saude-corneana\/#primaryimage\"},\"image\":{\"@id\":\"https:\/\/hcoe.com.br\/web\/index.php\/diagnostico-da-saude-corneana\/#primaryimage\"},\"thumbnailUrl\":\"https:\/\/hcoe.com.br\/web\/wp-content\/uploads\/2024\/05\/ww34tyhjklc.jpg\",\"datePublished\":\"2024-05-08T17:30:21+00:00\",\"dateModified\":\"2024-05-08T17:30:21+00:00\",\"breadcrumb\":{\"@id\":\"https:\/\/hcoe.com.br\/web\/index.php\/diagnostico-da-saude-corneana\/#breadcrumb\"},\"inLanguage\":\"pt-BR\",\"potentialAction\":[{\"@type\":\"ReadAction\",\"target\":[\"https:\/\/hcoe.com.br\/web\/index.php\/diagnostico-da-saude-corneana\/\"]}]},{\"@type\":\"ImageObject\",\"inLanguage\":\"pt-BR\",\"@id\":\"https:\/\/hcoe.com.br\/web\/index.php\/diagnostico-da-saude-corneana\/#primaryimage\",\"url\":\"https:\/\/hcoe.com.br\/web\/wp-content\/uploads\/2024\/05\/ww34tyhjklc.jpg\",\"contentUrl\":\"https:\/\/hcoe.com.br\/web\/wp-content\/uploads\/2024\/05\/ww34tyhjklc.jpg\",\"width\":300,\"height\":200},{\"@type\":\"BreadcrumbList\",\"@id\":\"https:\/\/hcoe.com.br\/web\/index.php\/diagnostico-da-saude-corneana\/#breadcrumb\",\"itemListElement\":[{\"@type\":\"ListItem\",\"position\":1,\"name\":\"In\u00edcio\",\"item\":\"https:\/\/hcoe.com.br\/web\/\"},{\"@type\":\"ListItem\",\"position\":2,\"name\":\"Diagn\u00f3stico da Sa\u00fade Corneana\"}]},{\"@type\":\"WebSite\",\"@id\":\"https:\/\/hcoe.com.br\/web\/#website\",\"url\":\"https:\/\/hcoe.com.br\/web\/\",\"name\":\"Hcoe - Hospital de Olhos\",\"description\":\"\",\"publisher\":{\"@id\":\"https:\/\/hcoe.com.br\/web\/#organization\"},\"potentialAction\":[{\"@type\":\"SearchAction\",\"target\":{\"@type\":\"EntryPoint\",\"urlTemplate\":\"https:\/\/hcoe.com.br\/web\/?s={search_term_string}\"},\"query-input\":\"required name=search_term_string\"}],\"inLanguage\":\"pt-BR\"},{\"@type\":\"Organization\",\"@id\":\"https:\/\/hcoe.com.br\/web\/#organization\",\"name\":\"Hcoe - Hospital de Olhos\",\"url\":\"https:\/\/hcoe.com.br\/web\/\",\"logo\":{\"@type\":\"ImageObject\",\"inLanguage\":\"pt-BR\",\"@id\":\"https:\/\/hcoe.com.br\/web\/#\/schema\/logo\/image\/\",\"url\":\"https:\/\/hcoe.com.br\/web\/wp-content\/uploads\/2024\/05\/Logo-Vetor.png\",\"contentUrl\":\"https:\/\/hcoe.com.br\/web\/wp-content\/uploads\/2024\/05\/Logo-Vetor.png\",\"width\":2624,\"height\":836,\"caption\":\"Hcoe - Hospital de Olhos\"},\"image\":{\"@id\":\"https:\/\/hcoe.com.br\/web\/#\/schema\/logo\/image\/\"},\"sameAs\":[\"https:\/\/www.facebook.com\/profile.php?id=61558625227187\",\"https:\/\/www.instagram.com\/hcoehospitaldeolhos\/\"]}]}<\/script>\n<!-- \/ Yoast SEO plugin. -->","yoast_head_json":{"title":"Diagn\u00f3stico da Sa\u00fade Corneana - Hcoe - Hospital de Olhos","robots":{"index":"index","follow":"follow","max-snippet":"max-snippet:-1","max-image-preview":"max-image-preview:large","max-video-preview":"max-video-preview:-1"},"canonical":"https:\/\/hcoe.com.br\/web\/index.php\/diagnostico-da-saude-corneana\/","og_locale":"pt_BR","og_type":"article","og_title":"Diagn\u00f3stico da Sa\u00fade Corneana - Hcoe - Hospital de Olhos","og_description":"Aqui no Hospital de Olhos HCOE, a excel\u00eancia no cuidado da c\u00f3rnea \u00e9 levada a s\u00e9rio. Com uma equipe m\u00e9dica altamente qualificada e a utiliza\u00e7\u00e3o de tecnologias avan\u00e7adas, somos capazes de realizar diagn\u00f3sticos precisos e fornecer tratamentos eficazes para uma ampla gama de condi\u00e7\u00f5es corneanas, desde o ceratocone at\u00e9 distrofias corneanas.Por meio de procedimentos como","og_url":"https:\/\/hcoe.com.br\/web\/index.php\/diagnostico-da-saude-corneana\/","og_site_name":"Hcoe - Hospital de Olhos","article_publisher":"https:\/\/www.facebook.com\/profile.php?id=61558625227187","og_image":[{"url":"https:\/\/hcoe.com.br\/web\/wp-content\/uploads\/2024\/05\/ww34tyhjklc.jpg"}],"twitter_card":"summary_large_image","twitter_misc":{"Est. tempo de leitura":"1 minuto"},"schema":{"@context":"https:\/\/schema.org","@graph":[{"@type":"WebPage","@id":"https:\/\/hcoe.com.br\/web\/index.php\/diagnostico-da-saude-corneana\/","url":"https:\/\/hcoe.com.br\/web\/index.php\/diagnostico-da-saude-corneana\/","name":"Diagn\u00f3stico da Sa\u00fade Corneana - Hcoe - Hospital de Olhos","isPartOf":{"@id":"https:\/\/hcoe.com.br\/web\/#website"},"primaryImageOfPage":{"@id":"https:\/\/hcoe.com.br\/web\/index.php\/diagnostico-da-saude-corneana\/#primaryimage"},"image":{"@id":"https:\/\/hcoe.com.br\/web\/index.php\/diagnostico-da-saude-corneana\/#primaryimage"},"thumbnailUrl":"https:\/\/hcoe.com.br\/web\/wp-content\/uploads\/2024\/05\/ww34tyhjklc.jpg","datePublished":"2024-05-08T17:30:21+00:00","dateModified":"2024-05-08T17:30:21+00:00","breadcrumb":{"@id":"https:\/\/hcoe.com.br\/web\/index.php\/diagnostico-da-saude-corneana\/#breadcrumb"},"inLanguage":"pt-BR","potentialAction":[{"@type":"ReadAction","target":["https:\/\/hcoe.com.br\/web\/index.php\/diagnostico-da-saude-corneana\/"]}]},{"@type":"ImageObject","inLanguage":"pt-BR","@id":"https:\/\/hcoe.com.br\/web\/index.php\/diagnostico-da-saude-corneana\/#primaryimage","url":"https:\/\/hcoe.com.br\/web\/wp-content\/uploads\/2024\/05\/ww34tyhjklc.jpg","contentUrl":"https:\/\/hcoe.com.br\/web\/wp-content\/uploads\/2024\/05\/ww34tyhjklc.jpg","width":300,"height":200},{"@type":"BreadcrumbList","@id":"https:\/\/hcoe.com.br\/web\/index.php\/diagnostico-da-saude-corneana\/#breadcrumb","itemListElement":[{"@type":"ListItem","position":1,"name":"In\u00edcio","item":"https:\/\/hcoe.com.br\/web\/"},{"@type":"ListItem","position":2,"name":"Diagn\u00f3stico da Sa\u00fade Corneana"}]},{"@type":"WebSite","@id":"https:\/\/hcoe.com.br\/web\/#website","url":"https:\/\/hcoe.com.br\/web\/","name":"Hcoe - Hospital de Olhos","description":"","publisher":{"@id":"https:\/\/hcoe.com.br\/web\/#organization"},"potentialAction":[{"@type":"SearchAction","target":{"@type":"EntryPoint","urlTemplate":"https:\/\/hcoe.com.br\/web\/?s={search_term_string}"},"query-input":"required name=search_term_string"}],"inLanguage":"pt-BR"},{"@type":"Organization","@id":"https:\/\/hcoe.com.br\/web\/#organization","name":"Hcoe - Hospital de Olhos","url":"https:\/\/hcoe.com.br\/web\/","logo":{"@type":"ImageObject","inLanguage":"pt-BR","@id":"https:\/\/hcoe.com.br\/web\/#\/schema\/logo\/image\/","url":"https:\/\/hcoe.com.br\/web\/wp-content\/uploads\/2024\/05\/Logo-Vetor.png","contentUrl":"https:\/\/hcoe.com.br\/web\/wp-content\/uploads\/2024\/05\/Logo-Vetor.png","width":2624,"height":836,"caption":"Hcoe - Hospital de Olhos"},"image":{"@id":"https:\/\/hcoe.com.br\/web\/#\/schema\/logo\/image\/"},"sameAs":["https:\/\/www.facebook.com\/profile.php?id=61558625227187","https:\/\/www.instagram.com\/hcoehospitaldeolhos\/"]}]}},"_links":{"self":[{"href":"https:\/\/hcoe.com.br\/web\/index.php\/wp-json\/wp\/v2\/pages\/3363"}],"collection":[{"href":"https:\/\/hcoe.com.br\/web\/index.php\/wp-json\/wp\/v2\/pages"}],"about":[{"href":"https:\/\/hcoe.com.br\/web\/index.php\/wp-json\/wp\/v2\/types\/page"}],"author":[{"embeddable":true,"href":"https:\/\/hcoe.com.br\/web\/index.php\/wp-json\/wp\/v2\/users\/1"}],"replies":[{"embeddable":true,"href":"https:\/\/hcoe.com.br\/web\/index.php\/wp-json\/wp\/v2\/comments?post=3363"}],"version-history":[{"count":1,"href":"https:\/\/hcoe.com.br\/web\/index.php\/wp-json\/wp\/v2\/pages\/3363\/revisions"}],"predecessor-version":[{"id":3365,"href":"https:\/\/hcoe.com.br\/web\/index.php\/wp-json\/wp\/v2\/pages\/3363\/revisions\/3365"}],"wp:attachment":[{"href":"https:\/\/hcoe.com.br\/web\/index.php\/wp-json\/wp\/v2\/media?parent=3363"}],"curies":[{"name":"wp","href":"https:\/\/api.w.org\/{rel}","templated":true}]}}