{"id":3315,"date":"2024-05-07T17:23:40","date_gmt":"2024-05-07T20:23:40","guid":{"rendered":"https:\/\/hcoe.com.br\/web\/?page_id=3315"},"modified":"2024-05-08T14:56:17","modified_gmt":"2024-05-08T17:56:17","slug":"consulta","status":"publish","type":"page","link":"https:\/\/hcoe.com.br\/web\/index.php\/consulta\/","title":{"rendered":"Consultas"},"content":{"rendered":"<div id=\"pl-3315\"  class=\"panel-layout\" ><div id=\"pg-3315-0\"  class=\"panel-grid panel-has-style\" ><div class=\"divider-no-animation tablet-default mobile-default desktop-default custom panel-row-style panel-row-style-for-3315-0\" ><div id=\"pgc-3315-0-0\"  class=\"panel-grid-cell\" ><div id=\"panel-3315-0-0-0\" class=\"so-panel widget widget_orion_icon_text_w panel-first-child\" data-index=\"0\" ><div class=\"orion custom default panel-widget-style panel-widget-style-for-3315-0-0-0\" ><div\n\t\t\t\n\t\t\tclass=\"so-widget-orion_icon_text_w so-widget-orion_icon_text_w-base\"\n\t\t\t\n\t\t>\r\n<div class=\"row icon-box-items-wrap grid short\">\r\n \r\n\t\r\n\t\t\r\n\t\t\r\n\t\t\t\t\r\n\t\t\r\n\t\t<div class=\"icon-box-wrap clearfix col-lg-12 col-sm-12 vertical-center \" style=\"margin-bottom:36px;\">\t\t\r\n\r\n\t\t\t\t\t\t\t\t\t\t<div class=\"icon-wrap absolute square\">\r\n\t\t\t\t\t\t\t\t\t\t\t\t\t\t<\/div>\r\n\t\t\t\r\n\t\t\t\t\t\t\r\n\r\n\t\t\t\t\t\t<span class=\"description\">No Hospital de Olhos Hcoe, dedicamo-nos a proporcionar consultas oftalmol\u00f3gicas de alta qualidade. Nossa equipe \u00e9 formada por cirurgi\u00f5es oftalmologistas qualificados e especialistas em diferentes \u00e1reas da oftalmologia, garantindo uma abordagem precisa e personalizada no diagn\u00f3stico e tratamento de cada paciente. Estamos empenhados em assegurar que cada consulta seja um passo em dire\u00e7\u00e3o aos melhores resultados de sa\u00fade ocular para nossos pacientes.<\/span>\r\n\t\t\t\r\n\t\t<\/div>\r\n\t\r\n<\/div><\/div><\/div><\/div><div id=\"panel-3315-0-0-1\" class=\"so-panel widget widget_orion_accordion_w panel-last-child\" data-index=\"1\" ><div class=\"orion custom default panel-widget-style panel-widget-style-for-3315-0-0-1\" ><div\n\t\t\t\n\t\t\tclass=\"so-widget-orion_accordion_w so-widget-orion_accordion_w-base\"\n\t\t\t\n\t\t>\t\r\n\r\n\t<div class=\"panel-group \" role=\"tablist\" aria-multiselectable=\"true\" id=\"acc_69ef6e4b970f5\">\r\n\t\t\r\n\t\t\t\t\t\t\t\t\r\n\t\t\t\r\n\t\t<div class=\"panel panel-default\" style=\"border-color:#f2f2f2; background:transparent\">\r\n\t\t\t<div class=\"panel-heading\" role=\"tab\" id=\"CATARATA69ef6e4b97110\">\r\n\t\t\t\t<h4 class=\"panel-title\">\r\n\t\t\t\t\t<a role=\"button\" data-toggle=\"collapse\" href=\"#CATARATA69ef6e4b97110-panel\" class=\"collapsed primary-hover\" aria-expanded=\"false\" aria-controls=\"CATARATA69ef6e4b97110\" data-parent=\"#acc_69ef6e4b970f5\" style=\"border-color:#f2f2f2;\">\r\n\t\t\t\t\t  \t\r\n\t\t\t\t\t  \tCATARATA\t\t\t\t\t<\/a>\r\n\t\t\t\t<\/h4>\r\n\r\n\t\t\t<\/div>\r\n\t\t\t<div class=\"panel-collapse collapse \" id=\"CATARATA69ef6e4b97110-panel\" aria-expanded=\"false\" role=\"tabpanel\" aria-labelledby=\"CATARATA69ef6e4b97110\">\r\n\t\t\t\t<div class=\"panel-body\" style=\"border-color:#f2f2f2;\">\r\n\t\t\t\t\t<p>Nossa consulta de catarata incorpora um alto n\u00edvel de precis\u00e3o e confiabilidade, unindo tecnologia de ponta \u00e0 experi\u00eancia de nossa equipe m\u00e9dica. Elaborada para detectar meticulosamente tanto a presen\u00e7a quanto a evolu\u00e7\u00e3o da catarata, a consulta estabelece uma base s\u00f3lida para a escolha do tratamento mais adequado, garantindo uma abordagem personalizada e eficaz para cada paciente.<\/p>\n<p><a href=\"https:\/\/hcoe.com.br\/web\/index.php\/consulta-catarata\/\"><img decoding=\"async\" src=\"https:\/\/oftalmedbrasil.com.br\/wp-content\/uploads\/2024\/03\/cuix1.png\" \/><\/a><\/p>\n\t\t\t\t<\/div>\r\n\t\t\t<\/div>\r\n\t\t<\/div>\r\n\t\t\t\t\t\t\r\n\t\t\t\r\n\t\t<div class=\"panel panel-default\" style=\"border-color:#f2f2f2; background:transparent\">\r\n\t\t\t<div class=\"panel-heading\" role=\"tab\" id=\"DIAGNSTICODASADECORNEANA69ef6e4b97217\">\r\n\t\t\t\t<h4 class=\"panel-title\">\r\n\t\t\t\t\t<a role=\"button\" data-toggle=\"collapse\" href=\"#DIAGNSTICODASADECORNEANA69ef6e4b97217-panel\" class=\"collapsed primary-hover\" aria-expanded=\"false\" aria-controls=\"DIAGNSTICODASADECORNEANA69ef6e4b97217\" data-parent=\"#acc_69ef6e4b970f5\" style=\"border-color:#f2f2f2;\">\r\n\t\t\t\t\t  \t\r\n\t\t\t\t\t  \tDIAGN\u00d3STICO DA SA\u00daDE CORNEANA\t\t\t\t\t<\/a>\r\n\t\t\t\t<\/h4>\r\n\r\n\t\t\t<\/div>\r\n\t\t\t<div class=\"panel-collapse collapse \" id=\"DIAGNSTICODASADECORNEANA69ef6e4b97217-panel\" aria-expanded=\"false\" role=\"tabpanel\" aria-labelledby=\"DIAGNSTICODASADECORNEANA69ef6e4b97217\">\r\n\t\t\t\t<div class=\"panel-body\" style=\"border-color:#f2f2f2;\">\r\n\t\t\t\t\t<h4 class=\"gdlr-core-accordion-item-title gdlr-core-js \"><\/h4>\n<div class=\"gdlr-core-accordion-item-content\">\n<p style=\"text-align: justify\">A excel\u00eancia no cuidado da c\u00f3rnea \u00e9 levada a s\u00e9rio. Com nossa equipe m\u00e9dica qualificada e a utiliza\u00e7\u00e3o de tecnologias, somos capazes de realizar diagn\u00f3sticos precisos e fornecer tratamentos eficazes para uma ampla gama de condi\u00e7\u00f5es corneanas, desde o ceratocone at\u00e9 distrofias corneanas.<\/p>\n<p><a href=\"https:\/\/hcoe.com.br\/web\/index.php\/diagnostico-da-saude-corneana\/\"><img loading=\"lazy\" decoding=\"async\" class=\"alignnone size-full wp-image-3320\" src=\"https:\/\/hcoe.com.br\/web\/wp-content\/uploads\/2024\/05\/cuix1.png\" alt=\"\" width=\"162\" height=\"41\" \/><\/a><\/p>\n<\/div>\n\t\t\t\t<\/div>\r\n\t\t\t<\/div>\r\n\t\t<\/div>\r\n\t\t\t\t\t\t\r\n\t\t\t\r\n\t\t<div class=\"panel panel-default\" style=\"border-color:#f2f2f2; background:transparent\">\r\n\t\t\t<div class=\"panel-heading\" role=\"tab\" id=\"ESTRABISMO69ef6e4b97348\">\r\n\t\t\t\t<h4 class=\"panel-title\">\r\n\t\t\t\t\t<a role=\"button\" data-toggle=\"collapse\" href=\"#ESTRABISMO69ef6e4b97348-panel\" class=\"collapsed primary-hover\" aria-expanded=\"false\" aria-controls=\"ESTRABISMO69ef6e4b97348\" data-parent=\"#acc_69ef6e4b970f5\" style=\"border-color:#f2f2f2;\">\r\n\t\t\t\t\t  \t\r\n\t\t\t\t\t  \tESTRABISMO\t\t\t\t\t<\/a>\r\n\t\t\t\t<\/h4>\r\n\r\n\t\t\t<\/div>\r\n\t\t\t<div class=\"panel-collapse collapse \" id=\"ESTRABISMO69ef6e4b97348-panel\" aria-expanded=\"false\" role=\"tabpanel\" aria-labelledby=\"ESTRABISMO69ef6e4b97348\">\r\n\t\t\t\t<div class=\"panel-body\" style=\"border-color:#f2f2f2;\">\r\n\t\t\t\t\t<h4 class=\"gdlr-core-accordion-item-title gdlr-core-js \" style=\"text-align: justify\"><\/h4>\n<div class=\"gdlr-core-accordion-item-content\">\n<p style=\"text-align: justify\">A consulta de estrabismo representa um importante passo para pacientes que buscam n\u00e3o apenas uma solu\u00e7\u00e3o para um problema visual, mas tamb\u00e9m uma melhora significativa na qualidade de vida.\u00a0 Oferecemos um servi\u00e7o especializado e detalhado para o diagn\u00f3stico e tratamento do estrabismo, condi\u00e7\u00e3o que afeta o alinhamento dos olhos e pode comprometer a vis\u00e3o binocular.<\/p>\n<p><a href=\"https:\/\/hcoe.com.br\/web\/index.php\/estrabismo\/\"><img loading=\"lazy\" decoding=\"async\" class=\"alignnone size-full wp-image-3320\" src=\"https:\/\/hcoe.com.br\/web\/wp-content\/uploads\/2024\/05\/cuix1.png\" alt=\"\" width=\"162\" height=\"41\" \/><\/a><\/p>\n<\/div>\n\t\t\t\t<\/div>\r\n\t\t\t<\/div>\r\n\t\t<\/div>\r\n\t\t\t\t\t\t\r\n\t\t\t\r\n\t\t<div class=\"panel panel-default\" style=\"border-color:#f2f2f2; background:transparent\">\r\n\t\t\t<div class=\"panel-heading\" role=\"tab\" id=\"GLAUCOMA69ef6e4b9745a\">\r\n\t\t\t\t<h4 class=\"panel-title\">\r\n\t\t\t\t\t<a role=\"button\" data-toggle=\"collapse\" href=\"#GLAUCOMA69ef6e4b9745a-panel\" class=\"collapsed primary-hover\" aria-expanded=\"false\" aria-controls=\"GLAUCOMA69ef6e4b9745a\" data-parent=\"#acc_69ef6e4b970f5\" style=\"border-color:#f2f2f2;\">\r\n\t\t\t\t\t  \t\r\n\t\t\t\t\t  \tGLAUCOMA\t\t\t\t\t<\/a>\r\n\t\t\t\t<\/h4>\r\n\r\n\t\t\t<\/div>\r\n\t\t\t<div class=\"panel-collapse collapse \" id=\"GLAUCOMA69ef6e4b9745a-panel\" aria-expanded=\"false\" role=\"tabpanel\" aria-labelledby=\"GLAUCOMA69ef6e4b9745a\">\r\n\t\t\t\t<div class=\"panel-body\" style=\"border-color:#f2f2f2;\">\r\n\t\t\t\t\t<h4 class=\"gdlr-core-accordion-item-title gdlr-core-js \"><\/h4>\n<div class=\"gdlr-core-accordion-item-content\">\n<p style=\"text-align: justify\">Reconhecemos a seriedade do glaucoma, uma condi\u00e7\u00e3o oft\u00e1lmica que, se n\u00e3o diagnosticada e tratada precocemente, pode levar a consequ\u00eancias irrevers\u00edveis, como a perda da vis\u00e3o. Nossa abordagem ao diagn\u00f3stico e tratamento do glaucoma \u00e9 multifacetada, envolvendo uma s\u00e9rie de exames detalhados e tecnologicamente avan\u00e7ados para garantir o melhor cuidado poss\u00edvel aos nossos pacientes.<\/p>\n<\/div>\n<p>&nbsp;<\/p>\n<p><a href=\"https:\/\/hcoe.com.br\/web\/index.php\/deteccao-e-gestao-avancada-do-glaucoma\/\"><img loading=\"lazy\" decoding=\"async\" class=\"alignnone size-full wp-image-3320\" src=\"https:\/\/hcoe.com.br\/web\/wp-content\/uploads\/2024\/05\/cuix1.png\" alt=\"\" width=\"162\" height=\"41\" \/><\/a><\/p>\n\t\t\t\t<\/div>\r\n\t\t\t<\/div>\r\n\t\t<\/div>\r\n\t\t\t\t\t\t\r\n\t\t\t\r\n\t\t<div class=\"panel panel-default\" style=\"border-color:#f2f2f2; background:transparent\">\r\n\t\t\t<div class=\"panel-heading\" role=\"tab\" id=\"OFTALMOPEDIATRIA69ef6e4b9755f\">\r\n\t\t\t\t<h4 class=\"panel-title\">\r\n\t\t\t\t\t<a role=\"button\" data-toggle=\"collapse\" href=\"#OFTALMOPEDIATRIA69ef6e4b9755f-panel\" class=\"collapsed primary-hover\" aria-expanded=\"false\" aria-controls=\"OFTALMOPEDIATRIA69ef6e4b9755f\" data-parent=\"#acc_69ef6e4b970f5\" style=\"border-color:#f2f2f2;\">\r\n\t\t\t\t\t  \t\r\n\t\t\t\t\t  \tOFTALMOPEDIATRIA\t\t\t\t\t<\/a>\r\n\t\t\t\t<\/h4>\r\n\r\n\t\t\t<\/div>\r\n\t\t\t<div class=\"panel-collapse collapse \" id=\"OFTALMOPEDIATRIA69ef6e4b9755f-panel\" aria-expanded=\"false\" role=\"tabpanel\" aria-labelledby=\"OFTALMOPEDIATRIA69ef6e4b9755f\">\r\n\t\t\t\t<div class=\"panel-body\" style=\"border-color:#f2f2f2;\">\r\n\t\t\t\t\t<h4 class=\"gdlr-core-accordion-item-title gdlr-core-js \"><\/h4>\n<div class=\"gdlr-core-accordion-item-content\">\n<p style=\"text-align: justify\">O Hospital de olhos HCOE destaca-se no cuidado oftalmol\u00f3gico pedi\u00e1trico, enfatizando a import\u00e2ncia da detec\u00e7\u00e3o precoce e do tratamento de condi\u00e7\u00f5es oculares em crian\u00e7as. Nossa abordagem abrangente \u00e0 oftalmopediatra inclui exames detalhados, adaptados \u00e0 idade e \u00e0 capacidade de coopera\u00e7\u00e3o dos pequenos pacientes, garantindo diagn\u00f3sticos precisos e planos de tratamento eficazes.<\/p>\n<p><a href=\"https:\/\/hcoe.com.br\/web\/index.php\/deteccao-e-gestao-avancada-do-glaucoma\/\"><img loading=\"lazy\" decoding=\"async\" class=\"alignnone size-full wp-image-9202\" src=\"https:\/\/oftalmedbrasil.com.br\/wp-content\/uploads\/2024\/03\/cuix1.png\" alt=\"\" width=\"162\" height=\"41\" \/><\/a><\/p>\n<\/div>\n\t\t\t\t<\/div>\r\n\t\t\t<\/div>\r\n\t\t<\/div>\r\n\t\t\t\t\t\t\r\n\t\t\t\r\n\t\t<div class=\"panel panel-default\" style=\"border-color:#f2f2f2; background:transparent\">\r\n\t\t\t<div class=\"panel-heading\" role=\"tab\" id=\"PLSTICAOCULAR69ef6e4b97659\">\r\n\t\t\t\t<h4 class=\"panel-title\">\r\n\t\t\t\t\t<a role=\"button\" data-toggle=\"collapse\" href=\"#PLSTICAOCULAR69ef6e4b97659-panel\" class=\"collapsed primary-hover\" aria-expanded=\"false\" aria-controls=\"PLSTICAOCULAR69ef6e4b97659\" data-parent=\"#acc_69ef6e4b970f5\" style=\"border-color:#f2f2f2;\">\r\n\t\t\t\t\t  \t\r\n\t\t\t\t\t  \tPL\u00c1STICA OCULAR\t\t\t\t\t<\/a>\r\n\t\t\t\t<\/h4>\r\n\r\n\t\t\t<\/div>\r\n\t\t\t<div class=\"panel-collapse collapse \" id=\"PLSTICAOCULAR69ef6e4b97659-panel\" aria-expanded=\"false\" role=\"tabpanel\" aria-labelledby=\"PLSTICAOCULAR69ef6e4b97659\">\r\n\t\t\t\t<div class=\"panel-body\" style=\"border-color:#f2f2f2;\">\r\n\t\t\t\t\t<h4 class=\"gdlr-core-accordion-item-title gdlr-core-js \"><\/h4>\n<div class=\"gdlr-core-accordion-item-content\">\n<p style=\"text-align: justify\">A pl\u00e1stica ocular representa uma uni\u00e3o entre funcionalidade e est\u00e9tica, dedicada ao tratamento de uma vasta gama de condi\u00e7\u00f5es que afetam a \u00e1rea ao redor dos olhos, as p\u00e1lpebras e o sistema lacrimal. Nossos especialistas, com profundo conhecimento em oftalmologia e cirurgia pl\u00e1stica, empregam t\u00e9cnicas de vanguarda para abordar desde corre\u00e7\u00f5es de ptose palpebral (p\u00e1lpebras ca\u00eddas) at\u00e9 a remo\u00e7\u00e3o de bolsas sob os olhos e tratamentos de vias lacrimais obstru\u00eddas.<\/p>\n<p><a href=\"https:\/\/hcoe.com.br\/web\/index.php\/plastica-ocular\/\"><img loading=\"lazy\" decoding=\"async\" class=\"alignnone size-full wp-image-9202\" src=\"https:\/\/oftalmedbrasil.com.br\/wp-content\/uploads\/2024\/03\/cuix1.png\" alt=\"\" width=\"162\" height=\"41\" \/><\/a><\/p>\n<\/div>\n\t\t\t\t<\/div>\r\n\t\t\t<\/div>\r\n\t\t<\/div>\r\n\t\t\t\t\t\t\r\n\t\t\t\r\n\t\t<div class=\"panel panel-default\" style=\"border-color:#f2f2f2; background:transparent\">\r\n\t\t\t<div class=\"panel-heading\" role=\"tab\" id=\"RETINAEVTREO69ef6e4b9774d\">\r\n\t\t\t\t<h4 class=\"panel-title\">\r\n\t\t\t\t\t<a role=\"button\" data-toggle=\"collapse\" href=\"#RETINAEVTREO69ef6e4b9774d-panel\" class=\"collapsed primary-hover\" aria-expanded=\"false\" aria-controls=\"RETINAEVTREO69ef6e4b9774d\" data-parent=\"#acc_69ef6e4b970f5\" style=\"border-color:#f2f2f2;\">\r\n\t\t\t\t\t  \t\r\n\t\t\t\t\t  \tRETINA E V\u00cdTREO\t\t\t\t\t<\/a>\r\n\t\t\t\t<\/h4>\r\n\r\n\t\t\t<\/div>\r\n\t\t\t<div class=\"panel-collapse collapse \" id=\"RETINAEVTREO69ef6e4b9774d-panel\" aria-expanded=\"false\" role=\"tabpanel\" aria-labelledby=\"RETINAEVTREO69ef6e4b9774d\">\r\n\t\t\t\t<div class=\"panel-body\" style=\"border-color:#f2f2f2;\">\r\n\t\t\t\t\t<h4 class=\"gdlr-core-accordion-item-title gdlr-core-js \"><\/h4>\n<div class=\"gdlr-core-accordion-item-content\">\n<p style=\"text-align: justify\">A sa\u00fade da retina e do v\u00edtreo \u00e9 tratada com a seriedade que merece, empregamos t\u00e9cnicas diagn\u00f3sticas avan\u00e7adas que destacam nossa institui\u00e7\u00e3o na vanguarda da oftalmologia. Compreendendo a import\u00e2ncia cr\u00edtica destas estruturas na vis\u00e3o, nossos especialistas utilizam exames como a tomografia de coer\u00eancia \u00f3ptica (OCT), angiografia fluoresce\u00ednica e ultrassonografia ocular para proporcionar uma avalia\u00e7\u00e3o detalhada e abrangente.<\/p>\n<p><a href=\"https:\/\/hcoe.com.br\/web\/index.php\/retina-e-vitreo-2\/\"><img loading=\"lazy\" decoding=\"async\" class=\"alignnone size-full wp-image-9202\" src=\"https:\/\/oftalmedbrasil.com.br\/wp-content\/uploads\/2024\/03\/cuix1.png\" alt=\"\" width=\"162\" height=\"41\" \/><\/a><\/p>\n<\/div>\n\t\t\t\t<\/div>\r\n\t\t\t<\/div>\r\n\t\t<\/div>\r\n\t\t\t\t\t\t\r\n\t\t\t\r\n\t\t<div class=\"panel panel-default\" style=\"border-color:#f2f2f2; background:transparent\">\r\n\t\t\t<div class=\"panel-heading\" role=\"tab\" id=\"TRATAMENTODEUVETES69ef6e4b97845\">\r\n\t\t\t\t<h4 class=\"panel-title\">\r\n\t\t\t\t\t<a role=\"button\" data-toggle=\"collapse\" href=\"#TRATAMENTODEUVETES69ef6e4b97845-panel\" class=\"collapsed primary-hover\" aria-expanded=\"false\" aria-controls=\"TRATAMENTODEUVETES69ef6e4b97845\" data-parent=\"#acc_69ef6e4b970f5\" style=\"border-color:#f2f2f2;\">\r\n\t\t\t\t\t  \t\r\n\t\t\t\t\t  \tTRATAMENTO DE UVE\u00cdTES\t\t\t\t\t<\/a>\r\n\t\t\t\t<\/h4>\r\n\r\n\t\t\t<\/div>\r\n\t\t\t<div class=\"panel-collapse collapse \" id=\"TRATAMENTODEUVETES69ef6e4b97845-panel\" aria-expanded=\"false\" role=\"tabpanel\" aria-labelledby=\"TRATAMENTODEUVETES69ef6e4b97845\">\r\n\t\t\t\t<div class=\"panel-body\" style=\"border-color:#f2f2f2;\">\r\n\t\t\t\t\t<h4 class=\"gdlr-core-accordion-item-title gdlr-core-js \"><\/h4>\n<div class=\"gdlr-core-accordion-item-content\">\n<p style=\"text-align: justify\">O diagn\u00f3stico e tratamento das uve\u00edtes s\u00e3o conduzidos com uma aten\u00e7\u00e3o meticulosa aos detalhes e uma abordagem inovadora. Reconhecendo a complexidade das uve\u00edtes \u2013 inflama\u00e7\u00f5es que afetam a \u00favea, podendo comprometer seriamente a vis\u00e3o \u2013 utilizamos uma combina\u00e7\u00e3o de tecnologia de ponta e compet\u00eancia cl\u00ednica para oferecer o melhor cuidado poss\u00edvel.<\/p>\n<p><a href=\"https:\/\/hcoe.com.br\/web\/index.php\/uveites\/\"><img loading=\"lazy\" decoding=\"async\" class=\"alignnone size-full wp-image-9202\" src=\"https:\/\/oftalmedbrasil.com.br\/wp-content\/uploads\/2024\/03\/cuix1.png\" alt=\"\" width=\"162\" height=\"41\" \/><\/a><\/p>\n<\/div>\n\t\t\t\t<\/div>\r\n\t\t\t<\/div>\r\n\t\t<\/div>\r\n\t\t\t<\/div>\t\r\n\r\n\r\n\r\n\r\n<\/div><\/div><\/div><\/div><div id=\"pgc-3315-0-1\"  class=\"panel-grid-cell\" ><div id=\"panel-3315-0-1-0\" class=\"so-panel widget widget_orion_image_w panel-first-child panel-last-child\" data-index=\"2\" ><div class=\"orion custom default panel-widget-style panel-widget-style-for-3315-0-1-0\" ><div\n\t\t\t\n\t\t\tclass=\"so-widget-orion_image_w so-widget-orion_image_w-base\"\n\t\t\t\n\t\t>\r\n<div class=\"image-w relative\">\r\n\r\n\t\t\t\t\t\t\t<a class=\" overlay-none overlay-hover-none\" href=\"https:\/\/api.whatsapp.com\/send\/?phone=5575981319113&#038;text&#038;type=phone_number&#038;app_absent=0\">\r\n\t\t\r\n\t\t\t\t\t<img loading=\"lazy\" decoding=\"async\" width=\"1300\" height=\"1300\" src=\"https:\/\/hcoe.com.br\/web\/wp-content\/uploads\/2024\/05\/4343ttretyryjgmjh7iuyf.jpg\" class=\"attachment- size-\" alt=\"\" \/>\t\t\t<div class=\"overlay\"><\/div>\r\n\t\t\r\n\t\t\t\t\t<\/a>\r\n\t\t\t\r\n\t\r\n\t<div class=\"absolute\">\r\n\t\t<div class=\"hover-desc table-wrap\">\r\n\t\t\t<div class=\"cell-wrap\">\r\n\t\t\t\t<h4 class=\"text-light\"><\/h4>\r\n\t\t\t<\/div>\r\n\t\t<\/div>\r\n\t<\/div>\t\t\t\t\t\r\n<\/div>\r\n\r\n<\/div><\/div><\/div><\/div><\/div><\/div><\/div>","protected":false},"excerpt":{"rendered":"<p>No Hospital de Olhos Hcoe, dedicamo-nos a proporcionar consultas oftalmol\u00f3gicas de alta qualidade. Nossa equipe \u00e9 formada por cirurgi\u00f5es oftalmologistas qualificados e especialistas em diferentes \u00e1reas da oftalmologia, garantindo uma abordagem precisa e personalizada no diagn\u00f3stico e tratamento de cada paciente. Estamos empenhados em assegurar que cada consulta seja um passo em dire\u00e7\u00e3o aos melhores<\/p>\n","protected":false},"author":1,"featured_media":0,"parent":0,"menu_order":0,"comment_status":"closed","ping_status":"closed","template":"","meta":{"footnotes":""},"yoast_head":"<!-- This site is optimized with the Yoast SEO plugin v22.7 - https:\/\/yoast.com\/wordpress\/plugins\/seo\/ -->\n<title>Consultas - Hcoe - Hospital de Olhos<\/title>\n<meta name=\"robots\" content=\"index, follow, max-snippet:-1, max-image-preview:large, max-video-preview:-1\" \/>\n<link rel=\"canonical\" href=\"https:\/\/hcoe.com.br\/web\/index.php\/consulta\/\" \/>\n<meta property=\"og:locale\" content=\"pt_BR\" \/>\n<meta property=\"og:type\" content=\"article\" \/>\n<meta property=\"og:title\" content=\"Consultas - Hcoe - Hospital de Olhos\" \/>\n<meta property=\"og:description\" content=\"No Hospital de Olhos Hcoe, dedicamo-nos a proporcionar consultas oftalmol\u00f3gicas de alta qualidade. Nossa equipe \u00e9 formada por cirurgi\u00f5es oftalmologistas qualificados e especialistas em diferentes \u00e1reas da oftalmologia, garantindo uma abordagem precisa e personalizada no diagn\u00f3stico e tratamento de cada paciente. Estamos empenhados em assegurar que cada consulta seja um passo em dire\u00e7\u00e3o aos melhores\" \/>\n<meta property=\"og:url\" content=\"https:\/\/hcoe.com.br\/web\/index.php\/consulta\/\" \/>\n<meta property=\"og:site_name\" content=\"Hcoe - Hospital de Olhos\" \/>\n<meta property=\"article:publisher\" content=\"https:\/\/www.facebook.com\/profile.php?id=61558625227187\" \/>\n<meta property=\"article:modified_time\" content=\"2024-05-08T17:56:17+00:00\" \/>\n<meta name=\"twitter:card\" content=\"summary_large_image\" \/>\n<script type=\"application\/ld+json\" class=\"yoast-schema-graph\">{\"@context\":\"https:\/\/schema.org\",\"@graph\":[{\"@type\":\"WebPage\",\"@id\":\"https:\/\/hcoe.com.br\/web\/index.php\/consulta\/\",\"url\":\"https:\/\/hcoe.com.br\/web\/index.php\/consulta\/\",\"name\":\"Consultas - Hcoe - Hospital de Olhos\",\"isPartOf\":{\"@id\":\"https:\/\/hcoe.com.br\/web\/#website\"},\"datePublished\":\"2024-05-07T20:23:40+00:00\",\"dateModified\":\"2024-05-08T17:56:17+00:00\",\"breadcrumb\":{\"@id\":\"https:\/\/hcoe.com.br\/web\/index.php\/consulta\/#breadcrumb\"},\"inLanguage\":\"pt-BR\",\"potentialAction\":[{\"@type\":\"ReadAction\",\"target\":[\"https:\/\/hcoe.com.br\/web\/index.php\/consulta\/\"]}]},{\"@type\":\"BreadcrumbList\",\"@id\":\"https:\/\/hcoe.com.br\/web\/index.php\/consulta\/#breadcrumb\",\"itemListElement\":[{\"@type\":\"ListItem\",\"position\":1,\"name\":\"In\u00edcio\",\"item\":\"https:\/\/hcoe.com.br\/web\/\"},{\"@type\":\"ListItem\",\"position\":2,\"name\":\"Consultas\"}]},{\"@type\":\"WebSite\",\"@id\":\"https:\/\/hcoe.com.br\/web\/#website\",\"url\":\"https:\/\/hcoe.com.br\/web\/\",\"name\":\"Hcoe - Hospital de Olhos\",\"description\":\"\",\"publisher\":{\"@id\":\"https:\/\/hcoe.com.br\/web\/#organization\"},\"potentialAction\":[{\"@type\":\"SearchAction\",\"target\":{\"@type\":\"EntryPoint\",\"urlTemplate\":\"https:\/\/hcoe.com.br\/web\/?s={search_term_string}\"},\"query-input\":\"required name=search_term_string\"}],\"inLanguage\":\"pt-BR\"},{\"@type\":\"Organization\",\"@id\":\"https:\/\/hcoe.com.br\/web\/#organization\",\"name\":\"Hcoe - Hospital de Olhos\",\"url\":\"https:\/\/hcoe.com.br\/web\/\",\"logo\":{\"@type\":\"ImageObject\",\"inLanguage\":\"pt-BR\",\"@id\":\"https:\/\/hcoe.com.br\/web\/#\/schema\/logo\/image\/\",\"url\":\"https:\/\/hcoe.com.br\/web\/wp-content\/uploads\/2024\/05\/Logo-Vetor.png\",\"contentUrl\":\"https:\/\/hcoe.com.br\/web\/wp-content\/uploads\/2024\/05\/Logo-Vetor.png\",\"width\":2624,\"height\":836,\"caption\":\"Hcoe - Hospital de Olhos\"},\"image\":{\"@id\":\"https:\/\/hcoe.com.br\/web\/#\/schema\/logo\/image\/\"},\"sameAs\":[\"https:\/\/www.facebook.com\/profile.php?id=61558625227187\",\"https:\/\/www.instagram.com\/hcoehospitaldeolhos\/\"]}]}<\/script>\n<!-- \/ Yoast SEO plugin. -->","yoast_head_json":{"title":"Consultas - Hcoe - Hospital de Olhos","robots":{"index":"index","follow":"follow","max-snippet":"max-snippet:-1","max-image-preview":"max-image-preview:large","max-video-preview":"max-video-preview:-1"},"canonical":"https:\/\/hcoe.com.br\/web\/index.php\/consulta\/","og_locale":"pt_BR","og_type":"article","og_title":"Consultas - Hcoe - Hospital de Olhos","og_description":"No Hospital de Olhos Hcoe, dedicamo-nos a proporcionar consultas oftalmol\u00f3gicas de alta qualidade. Nossa equipe \u00e9 formada por cirurgi\u00f5es oftalmologistas qualificados e especialistas em diferentes \u00e1reas da oftalmologia, garantindo uma abordagem precisa e personalizada no diagn\u00f3stico e tratamento de cada paciente. Estamos empenhados em assegurar que cada consulta seja um passo em dire\u00e7\u00e3o aos melhores","og_url":"https:\/\/hcoe.com.br\/web\/index.php\/consulta\/","og_site_name":"Hcoe - Hospital de Olhos","article_publisher":"https:\/\/www.facebook.com\/profile.php?id=61558625227187","article_modified_time":"2024-05-08T17:56:17+00:00","twitter_card":"summary_large_image","schema":{"@context":"https:\/\/schema.org","@graph":[{"@type":"WebPage","@id":"https:\/\/hcoe.com.br\/web\/index.php\/consulta\/","url":"https:\/\/hcoe.com.br\/web\/index.php\/consulta\/","name":"Consultas - Hcoe - Hospital de Olhos","isPartOf":{"@id":"https:\/\/hcoe.com.br\/web\/#website"},"datePublished":"2024-05-07T20:23:40+00:00","dateModified":"2024-05-08T17:56:17+00:00","breadcrumb":{"@id":"https:\/\/hcoe.com.br\/web\/index.php\/consulta\/#breadcrumb"},"inLanguage":"pt-BR","potentialAction":[{"@type":"ReadAction","target":["https:\/\/hcoe.com.br\/web\/index.php\/consulta\/"]}]},{"@type":"BreadcrumbList","@id":"https:\/\/hcoe.com.br\/web\/index.php\/consulta\/#breadcrumb","itemListElement":[{"@type":"ListItem","position":1,"name":"In\u00edcio","item":"https:\/\/hcoe.com.br\/web\/"},{"@type":"ListItem","position":2,"name":"Consultas"}]},{"@type":"WebSite","@id":"https:\/\/hcoe.com.br\/web\/#website","url":"https:\/\/hcoe.com.br\/web\/","name":"Hcoe - Hospital de Olhos","description":"","publisher":{"@id":"https:\/\/hcoe.com.br\/web\/#organization"},"potentialAction":[{"@type":"SearchAction","target":{"@type":"EntryPoint","urlTemplate":"https:\/\/hcoe.com.br\/web\/?s={search_term_string}"},"query-input":"required name=search_term_string"}],"inLanguage":"pt-BR"},{"@type":"Organization","@id":"https:\/\/hcoe.com.br\/web\/#organization","name":"Hcoe - Hospital de Olhos","url":"https:\/\/hcoe.com.br\/web\/","logo":{"@type":"ImageObject","inLanguage":"pt-BR","@id":"https:\/\/hcoe.com.br\/web\/#\/schema\/logo\/image\/","url":"https:\/\/hcoe.com.br\/web\/wp-content\/uploads\/2024\/05\/Logo-Vetor.png","contentUrl":"https:\/\/hcoe.com.br\/web\/wp-content\/uploads\/2024\/05\/Logo-Vetor.png","width":2624,"height":836,"caption":"Hcoe - Hospital de Olhos"},"image":{"@id":"https:\/\/hcoe.com.br\/web\/#\/schema\/logo\/image\/"},"sameAs":["https:\/\/www.facebook.com\/profile.php?id=61558625227187","https:\/\/www.instagram.com\/hcoehospitaldeolhos\/"]}]}},"_links":{"self":[{"href":"https:\/\/hcoe.com.br\/web\/index.php\/wp-json\/wp\/v2\/pages\/3315"}],"collection":[{"href":"https:\/\/hcoe.com.br\/web\/index.php\/wp-json\/wp\/v2\/pages"}],"about":[{"href":"https:\/\/hcoe.com.br\/web\/index.php\/wp-json\/wp\/v2\/types\/page"}],"author":[{"embeddable":true,"href":"https:\/\/hcoe.com.br\/web\/index.php\/wp-json\/wp\/v2\/users\/1"}],"replies":[{"embeddable":true,"href":"https:\/\/hcoe.com.br\/web\/index.php\/wp-json\/wp\/v2\/comments?post=3315"}],"version-history":[{"count":12,"href":"https:\/\/hcoe.com.br\/web\/index.php\/wp-json\/wp\/v2\/pages\/3315\/revisions"}],"predecessor-version":[{"id":3393,"href":"https:\/\/hcoe.com.br\/web\/index.php\/wp-json\/wp\/v2\/pages\/3315\/revisions\/3393"}],"wp:attachment":[{"href":"https:\/\/hcoe.com.br\/web\/index.php\/wp-json\/wp\/v2\/media?parent=3315"}],"curies":[{"name":"wp","href":"https:\/\/api.w.org\/{rel}","templated":true}]}}