{"id":3307,"date":"2024-05-07T16:11:00","date_gmt":"2024-05-07T19:11:00","guid":{"rendered":"https:\/\/hcoe.com.br\/web\/?page_id=3307"},"modified":"2024-05-07T17:21:09","modified_gmt":"2024-05-07T20:21:09","slug":"semana-de-bencaos-no-hcoe-uma-visita-especial-do-padre-elielson","status":"publish","type":"page","link":"https:\/\/hcoe.com.br\/web\/index.php\/semana-de-bencaos-no-hcoe-uma-visita-especial-do-padre-elielson\/","title":{"rendered":"Visita do Padre Elielson"},"content":{"rendered":"<p style=\"text-align: justify;\"><strong><img loading=\"lazy\" decoding=\"async\" class=\"size-medium wp-image-3308 aligncenter\" src=\"https:\/\/hcoe.com.br\/web\/wp-content\/uploads\/2024\/05\/sssssssssswertyuiokjhfd-300x295.png\" alt=\"\" width=\"300\" height=\"295\" srcset=\"https:\/\/hcoe.com.br\/web\/wp-content\/uploads\/2024\/05\/sssssssssswertyuiokjhfd-300x295.png 300w, https:\/\/hcoe.com.br\/web\/wp-content\/uploads\/2024\/05\/sssssssssswertyuiokjhfd.png 514w\" sizes=\"(max-width: 300px) 100vw, 300px\" \/><\/strong><\/p>\n<p>&nbsp;<\/p>\n<p style=\"text-align: justify;\">Esta semana, o Hospital de Olhos HCOE foi agraciado com uma visita muito especial, trazendo um momento de espiritualidade e uni\u00e3o para todos no hospital. Recebemos o Padre Elielson, da Par\u00f3quia Santa Clara, que veio para compartilhar palavras de f\u00e9 e esperan\u00e7a com nossa equipe e pacientes.<\/p>\n<p style=\"text-align: justify;\">Durante sua visita, Padre Elielson ministrou uma b\u00ean\u00e7\u00e3o especial, aben\u00e7oando a semana e o pr\u00f3prio hospital, desejando sa\u00fade e paz a todos presentes. Este momento foi uma verdadeira celebra\u00e7\u00e3o da f\u00e9, proporcionando uma pausa reconfortante nas rotinas di\u00e1rias de trabalho \u00e1rduo e cuidado.<\/p>\n<p style=\"text-align: justify;\">Expressamos nossa profunda gratid\u00e3o ao Padre Elielson por escolher o HCOE para espalhar sua mensagem de esperan\u00e7a e amor. \u00c9 com cora\u00e7\u00f5es cheios que seguimos adiante, fortalecidos pela b\u00ean\u00e7\u00e3o recebida e pela certeza de que estamos proporcionando um ambiente acolhedor e protegido para todos que procuram nosso cuidado.<\/p>\n<p style=\"text-align: justify;\">Agradecemos a todos que participaram e facilitaram esta visita inspiradora. Que as palavras e a b\u00ean\u00e7\u00e3o do Padre Elielson permane\u00e7am conosco, iluminando nosso caminho e guiando-nos em nossa miss\u00e3o de cuidar da vis\u00e3o com compaix\u00e3o e excel\u00eancia.<\/p>\n","protected":false},"excerpt":{"rendered":"<p>&nbsp; Esta semana, o Hospital de Olhos HCOE foi agraciado com uma visita muito especial, trazendo um momento de espiritualidade e uni\u00e3o para todos no hospital. Recebemos o Padre Elielson, da Par\u00f3quia Santa Clara, que veio para compartilhar palavras de f\u00e9 e esperan\u00e7a com nossa equipe e pacientes. Durante sua visita, Padre Elielson ministrou uma<\/p>\n","protected":false},"author":1,"featured_media":3308,"parent":0,"menu_order":0,"comment_status":"closed","ping_status":"closed","template":"page.php","meta":{"footnotes":""},"yoast_head":"<!-- This site is optimized with the Yoast SEO plugin v22.7 - https:\/\/yoast.com\/wordpress\/plugins\/seo\/ -->\n<title>Visita do Padre Elielson - Hcoe - Hospital de Olhos<\/title>\n<meta name=\"robots\" content=\"index, follow, max-snippet:-1, max-image-preview:large, max-video-preview:-1\" \/>\n<link rel=\"canonical\" href=\"https:\/\/hcoe.com.br\/web\/index.php\/semana-de-bencaos-no-hcoe-uma-visita-especial-do-padre-elielson\/\" \/>\n<meta property=\"og:locale\" content=\"pt_BR\" \/>\n<meta property=\"og:type\" content=\"article\" \/>\n<meta property=\"og:title\" content=\"Visita do Padre Elielson - Hcoe - Hospital de Olhos\" \/>\n<meta property=\"og:description\" content=\"&nbsp; Esta semana, o Hospital de Olhos HCOE foi agraciado com uma visita muito especial, trazendo um momento de espiritualidade e uni\u00e3o para todos no hospital. Recebemos o Padre Elielson, da Par\u00f3quia Santa Clara, que veio para compartilhar palavras de f\u00e9 e esperan\u00e7a com nossa equipe e pacientes. Durante sua visita, Padre Elielson ministrou uma\" \/>\n<meta property=\"og:url\" content=\"https:\/\/hcoe.com.br\/web\/index.php\/semana-de-bencaos-no-hcoe-uma-visita-especial-do-padre-elielson\/\" \/>\n<meta property=\"og:site_name\" content=\"Hcoe - Hospital de Olhos\" \/>\n<meta property=\"article:publisher\" content=\"https:\/\/www.facebook.com\/profile.php?id=61558625227187\" \/>\n<meta property=\"article:modified_time\" content=\"2024-05-07T20:21:09+00:00\" \/>\n<meta property=\"og:image\" content=\"https:\/\/hcoe.com.br\/web\/wp-content\/uploads\/2024\/05\/sssssssssswertyuiokjhfd.png\" \/>\n\t<meta property=\"og:image:width\" content=\"514\" \/>\n\t<meta property=\"og:image:height\" content=\"506\" \/>\n\t<meta property=\"og:image:type\" content=\"image\/png\" \/>\n<meta name=\"twitter:card\" content=\"summary_large_image\" \/>\n<meta name=\"twitter:label1\" content=\"Est. tempo de leitura\" \/>\n\t<meta name=\"twitter:data1\" content=\"1 minuto\" \/>\n<script type=\"application\/ld+json\" class=\"yoast-schema-graph\">{\"@context\":\"https:\/\/schema.org\",\"@graph\":[{\"@type\":\"WebPage\",\"@id\":\"https:\/\/hcoe.com.br\/web\/index.php\/semana-de-bencaos-no-hcoe-uma-visita-especial-do-padre-elielson\/\",\"url\":\"https:\/\/hcoe.com.br\/web\/index.php\/semana-de-bencaos-no-hcoe-uma-visita-especial-do-padre-elielson\/\",\"name\":\"Visita do Padre Elielson - Hcoe - Hospital de Olhos\",\"isPartOf\":{\"@id\":\"https:\/\/hcoe.com.br\/web\/#website\"},\"primaryImageOfPage\":{\"@id\":\"https:\/\/hcoe.com.br\/web\/index.php\/semana-de-bencaos-no-hcoe-uma-visita-especial-do-padre-elielson\/#primaryimage\"},\"image\":{\"@id\":\"https:\/\/hcoe.com.br\/web\/index.php\/semana-de-bencaos-no-hcoe-uma-visita-especial-do-padre-elielson\/#primaryimage\"},\"thumbnailUrl\":\"https:\/\/hcoe.com.br\/web\/wp-content\/uploads\/2024\/05\/sssssssssswertyuiokjhfd.png\",\"datePublished\":\"2024-05-07T19:11:00+00:00\",\"dateModified\":\"2024-05-07T20:21:09+00:00\",\"breadcrumb\":{\"@id\":\"https:\/\/hcoe.com.br\/web\/index.php\/semana-de-bencaos-no-hcoe-uma-visita-especial-do-padre-elielson\/#breadcrumb\"},\"inLanguage\":\"pt-BR\",\"potentialAction\":[{\"@type\":\"ReadAction\",\"target\":[\"https:\/\/hcoe.com.br\/web\/index.php\/semana-de-bencaos-no-hcoe-uma-visita-especial-do-padre-elielson\/\"]}]},{\"@type\":\"ImageObject\",\"inLanguage\":\"pt-BR\",\"@id\":\"https:\/\/hcoe.com.br\/web\/index.php\/semana-de-bencaos-no-hcoe-uma-visita-especial-do-padre-elielson\/#primaryimage\",\"url\":\"https:\/\/hcoe.com.br\/web\/wp-content\/uploads\/2024\/05\/sssssssssswertyuiokjhfd.png\",\"contentUrl\":\"https:\/\/hcoe.com.br\/web\/wp-content\/uploads\/2024\/05\/sssssssssswertyuiokjhfd.png\",\"width\":514,\"height\":506},{\"@type\":\"BreadcrumbList\",\"@id\":\"https:\/\/hcoe.com.br\/web\/index.php\/semana-de-bencaos-no-hcoe-uma-visita-especial-do-padre-elielson\/#breadcrumb\",\"itemListElement\":[{\"@type\":\"ListItem\",\"position\":1,\"name\":\"In\u00edcio\",\"item\":\"https:\/\/hcoe.com.br\/web\/\"},{\"@type\":\"ListItem\",\"position\":2,\"name\":\"Visita do Padre Elielson\"}]},{\"@type\":\"WebSite\",\"@id\":\"https:\/\/hcoe.com.br\/web\/#website\",\"url\":\"https:\/\/hcoe.com.br\/web\/\",\"name\":\"Hcoe - Hospital de Olhos\",\"description\":\"\",\"publisher\":{\"@id\":\"https:\/\/hcoe.com.br\/web\/#organization\"},\"potentialAction\":[{\"@type\":\"SearchAction\",\"target\":{\"@type\":\"EntryPoint\",\"urlTemplate\":\"https:\/\/hcoe.com.br\/web\/?s={search_term_string}\"},\"query-input\":\"required name=search_term_string\"}],\"inLanguage\":\"pt-BR\"},{\"@type\":\"Organization\",\"@id\":\"https:\/\/hcoe.com.br\/web\/#organization\",\"name\":\"Hcoe - Hospital de Olhos\",\"url\":\"https:\/\/hcoe.com.br\/web\/\",\"logo\":{\"@type\":\"ImageObject\",\"inLanguage\":\"pt-BR\",\"@id\":\"https:\/\/hcoe.com.br\/web\/#\/schema\/logo\/image\/\",\"url\":\"https:\/\/hcoe.com.br\/web\/wp-content\/uploads\/2024\/05\/Logo-Vetor.png\",\"contentUrl\":\"https:\/\/hcoe.com.br\/web\/wp-content\/uploads\/2024\/05\/Logo-Vetor.png\",\"width\":2624,\"height\":836,\"caption\":\"Hcoe - Hospital de Olhos\"},\"image\":{\"@id\":\"https:\/\/hcoe.com.br\/web\/#\/schema\/logo\/image\/\"},\"sameAs\":[\"https:\/\/www.facebook.com\/profile.php?id=61558625227187\",\"https:\/\/www.instagram.com\/hcoehospitaldeolhos\/\"]}]}<\/script>\n<!-- \/ Yoast SEO plugin. -->","yoast_head_json":{"title":"Visita do Padre Elielson - Hcoe - Hospital de Olhos","robots":{"index":"index","follow":"follow","max-snippet":"max-snippet:-1","max-image-preview":"max-image-preview:large","max-video-preview":"max-video-preview:-1"},"canonical":"https:\/\/hcoe.com.br\/web\/index.php\/semana-de-bencaos-no-hcoe-uma-visita-especial-do-padre-elielson\/","og_locale":"pt_BR","og_type":"article","og_title":"Visita do Padre Elielson - Hcoe - Hospital de Olhos","og_description":"&nbsp; Esta semana, o Hospital de Olhos HCOE foi agraciado com uma visita muito especial, trazendo um momento de espiritualidade e uni\u00e3o para todos no hospital. Recebemos o Padre Elielson, da Par\u00f3quia Santa Clara, que veio para compartilhar palavras de f\u00e9 e esperan\u00e7a com nossa equipe e pacientes. Durante sua visita, Padre Elielson ministrou uma","og_url":"https:\/\/hcoe.com.br\/web\/index.php\/semana-de-bencaos-no-hcoe-uma-visita-especial-do-padre-elielson\/","og_site_name":"Hcoe - Hospital de Olhos","article_publisher":"https:\/\/www.facebook.com\/profile.php?id=61558625227187","article_modified_time":"2024-05-07T20:21:09+00:00","og_image":[{"width":514,"height":506,"url":"https:\/\/hcoe.com.br\/web\/wp-content\/uploads\/2024\/05\/sssssssssswertyuiokjhfd.png","type":"image\/png"}],"twitter_card":"summary_large_image","twitter_misc":{"Est. tempo de leitura":"1 minuto"},"schema":{"@context":"https:\/\/schema.org","@graph":[{"@type":"WebPage","@id":"https:\/\/hcoe.com.br\/web\/index.php\/semana-de-bencaos-no-hcoe-uma-visita-especial-do-padre-elielson\/","url":"https:\/\/hcoe.com.br\/web\/index.php\/semana-de-bencaos-no-hcoe-uma-visita-especial-do-padre-elielson\/","name":"Visita do Padre Elielson - Hcoe - Hospital de Olhos","isPartOf":{"@id":"https:\/\/hcoe.com.br\/web\/#website"},"primaryImageOfPage":{"@id":"https:\/\/hcoe.com.br\/web\/index.php\/semana-de-bencaos-no-hcoe-uma-visita-especial-do-padre-elielson\/#primaryimage"},"image":{"@id":"https:\/\/hcoe.com.br\/web\/index.php\/semana-de-bencaos-no-hcoe-uma-visita-especial-do-padre-elielson\/#primaryimage"},"thumbnailUrl":"https:\/\/hcoe.com.br\/web\/wp-content\/uploads\/2024\/05\/sssssssssswertyuiokjhfd.png","datePublished":"2024-05-07T19:11:00+00:00","dateModified":"2024-05-07T20:21:09+00:00","breadcrumb":{"@id":"https:\/\/hcoe.com.br\/web\/index.php\/semana-de-bencaos-no-hcoe-uma-visita-especial-do-padre-elielson\/#breadcrumb"},"inLanguage":"pt-BR","potentialAction":[{"@type":"ReadAction","target":["https:\/\/hcoe.com.br\/web\/index.php\/semana-de-bencaos-no-hcoe-uma-visita-especial-do-padre-elielson\/"]}]},{"@type":"ImageObject","inLanguage":"pt-BR","@id":"https:\/\/hcoe.com.br\/web\/index.php\/semana-de-bencaos-no-hcoe-uma-visita-especial-do-padre-elielson\/#primaryimage","url":"https:\/\/hcoe.com.br\/web\/wp-content\/uploads\/2024\/05\/sssssssssswertyuiokjhfd.png","contentUrl":"https:\/\/hcoe.com.br\/web\/wp-content\/uploads\/2024\/05\/sssssssssswertyuiokjhfd.png","width":514,"height":506},{"@type":"BreadcrumbList","@id":"https:\/\/hcoe.com.br\/web\/index.php\/semana-de-bencaos-no-hcoe-uma-visita-especial-do-padre-elielson\/#breadcrumb","itemListElement":[{"@type":"ListItem","position":1,"name":"In\u00edcio","item":"https:\/\/hcoe.com.br\/web\/"},{"@type":"ListItem","position":2,"name":"Visita do Padre Elielson"}]},{"@type":"WebSite","@id":"https:\/\/hcoe.com.br\/web\/#website","url":"https:\/\/hcoe.com.br\/web\/","name":"Hcoe - Hospital de Olhos","description":"","publisher":{"@id":"https:\/\/hcoe.com.br\/web\/#organization"},"potentialAction":[{"@type":"SearchAction","target":{"@type":"EntryPoint","urlTemplate":"https:\/\/hcoe.com.br\/web\/?s={search_term_string}"},"query-input":"required name=search_term_string"}],"inLanguage":"pt-BR"},{"@type":"Organization","@id":"https:\/\/hcoe.com.br\/web\/#organization","name":"Hcoe - Hospital de Olhos","url":"https:\/\/hcoe.com.br\/web\/","logo":{"@type":"ImageObject","inLanguage":"pt-BR","@id":"https:\/\/hcoe.com.br\/web\/#\/schema\/logo\/image\/","url":"https:\/\/hcoe.com.br\/web\/wp-content\/uploads\/2024\/05\/Logo-Vetor.png","contentUrl":"https:\/\/hcoe.com.br\/web\/wp-content\/uploads\/2024\/05\/Logo-Vetor.png","width":2624,"height":836,"caption":"Hcoe - Hospital de Olhos"},"image":{"@id":"https:\/\/hcoe.com.br\/web\/#\/schema\/logo\/image\/"},"sameAs":["https:\/\/www.facebook.com\/profile.php?id=61558625227187","https:\/\/www.instagram.com\/hcoehospitaldeolhos\/"]}]}},"_links":{"self":[{"href":"https:\/\/hcoe.com.br\/web\/index.php\/wp-json\/wp\/v2\/pages\/3307"}],"collection":[{"href":"https:\/\/hcoe.com.br\/web\/index.php\/wp-json\/wp\/v2\/pages"}],"about":[{"href":"https:\/\/hcoe.com.br\/web\/index.php\/wp-json\/wp\/v2\/types\/page"}],"author":[{"embeddable":true,"href":"https:\/\/hcoe.com.br\/web\/index.php\/wp-json\/wp\/v2\/users\/1"}],"replies":[{"embeddable":true,"href":"https:\/\/hcoe.com.br\/web\/index.php\/wp-json\/wp\/v2\/comments?post=3307"}],"version-history":[{"count":5,"href":"https:\/\/hcoe.com.br\/web\/index.php\/wp-json\/wp\/v2\/pages\/3307\/revisions"}],"predecessor-version":[{"id":3314,"href":"https:\/\/hcoe.com.br\/web\/index.php\/wp-json\/wp\/v2\/pages\/3307\/revisions\/3314"}],"wp:featuredmedia":[{"embeddable":true,"href":"https:\/\/hcoe.com.br\/web\/index.php\/wp-json\/wp\/v2\/media\/3308"}],"wp:attachment":[{"href":"https:\/\/hcoe.com.br\/web\/index.php\/wp-json\/wp\/v2\/media?parent=3307"}],"curies":[{"name":"wp","href":"https:\/\/api.w.org\/{rel}","templated":true}]}}