{"id":3136,"date":"2024-04-22T15:42:11","date_gmt":"2024-04-22T18:42:11","guid":{"rendered":"https:\/\/hcoe.com.br\/web\/?page_id=3136"},"modified":"2024-04-22T15:53:07","modified_gmt":"2024-04-22T18:53:07","slug":"nossa-historia","status":"publish","type":"page","link":"https:\/\/hcoe.com.br\/web\/index.php\/nossa-historia\/","title":{"rendered":"Nossa Hist\u00f3ria"},"content":{"rendered":"<div id=\"pl-3136\"  class=\"panel-layout\" ><div id=\"pg-3136-0\"  class=\"panel-grid panel-has-style\" ><div class=\"divider-no-animation tablet-default mobile-default desktop-default custom panel-row-style panel-row-style-for-3136-0\" ><div id=\"pgc-3136-0-0\"  class=\"panel-grid-cell\" ><div id=\"panel-3136-0-0-0\" class=\"so-panel widget widget_sow-editor panel-first-child panel-last-child\" data-index=\"0\" ><div class=\"orion custom default panel-widget-style panel-widget-style-for-3136-0-0-0\" ><div\n\t\t\t\n\t\t\tclass=\"so-widget-sow-editor so-widget-sow-editor-base\"\n\t\t\t\n\t\t>\n<div class=\"siteorigin-widget-tinymce textwidget\">\n\t<p><img loading=\"lazy\" decoding=\"async\" class=\"size-medium aligncenter\" src=\"https:\/\/oftalmedbrasil.com.br\/wp-content\/uploads\/2024\/03\/DrAdriano.jpg\" width=\"243\" height=\"300\" \/><\/p>\n<p>&nbsp;<\/p>\n<p style=\"text-align: justify;\">O Hcoe - Hospital de Olhos \u00e9 uma hist\u00f3ria de sonhos transformados em realidade, protagonizada por um vision\u00e1rio da medicina, o Dr. Adriano Ozores. Movido por um desejo profundo de tocar vidas e fazer a diferen\u00e7a, ele sonhava em fundar um hospital especializado em tratamentos oculares, um lugar onde a vanguarda do tratamento se unisse \u00e0 constante inova\u00e7\u00e3o.<\/p>\n<p style=\"text-align: justify;\">A jornada foi marcada por sua dedica\u00e7\u00e3o ao estudo e ao aperfei\u00e7oamento na oftalmologia. Cada descoberta, cada avan\u00e7o em seu conhecimento, era um passo em dire\u00e7\u00e3o \u00e0 realiza\u00e7\u00e3o de seu sonho. Ele via as lacunas nos cuidados oftalmol\u00f3gicos dispon\u00edveis no Brasil n\u00e3o como barreiras, mas como chamados para a a\u00e7\u00e3o. Seu cora\u00e7\u00e3o pulsava com o desejo ardente de fundar um hospital que transcendesse os limites dos tratamentos tradicionais, transformando-se em um ref\u00fagio onde cada paciente fosse recebido com abra\u00e7os invis\u00edveis de compreens\u00e3o e cuidado.<\/p>\n<p style=\"text-align: justify;\">Foi com esse sonho que, ap\u00f3s anos de incans\u00e1vel prepara\u00e7\u00e3o e aprendizado, Dr. Adriano deu vida ao Hcoe - Hospital de Olhos. Desde a sua funda\u00e7\u00e3o, o hospital foi concebido como uma obra-prima da oftalmologia, unindo a tecnologia com o calor humano de uma equipe m\u00e9dica impec\u00e1vel, totalmente dedicada ao bem-estar do paciente.<\/p>\n<p style=\"text-align: justify;\">Sob sua lideran\u00e7a inspiradora, o hospital floresceu, tornando-se rapidamente um farol de esperan\u00e7a e qualidade, atraindo pacientes de todas as partes em busca de cuidados que curam n\u00e3o apenas os olhos, mas a alma.<\/p>\n<p style=\"text-align: justify;\">A hist\u00f3ria do Hcoe - Hospital de Olhos, sob a lideran\u00e7a do Dr. Adriano Ozores, \u00e9 uma prova viva do que \u00e9 poss\u00edvel quando um sonho se encontra com a determina\u00e7\u00e3o, o conhecimento aprofundado e uma paix\u00e3o incans\u00e1vel pela medicina. O seu legado, entrela\u00e7ado ao seu destino, n\u00e3o \u00e9 apenas um marco na oftalmologia em Feira de Santana e regi\u00e3o, mas uma fonte de inspira\u00e7\u00e3o para todos os que sonham em fazer do mundo um lugar melhor.<\/p>\n<p style=\"text-align: justify;\">\n<\/div>\n<\/div><\/div><\/div><\/div><div id=\"pgc-3136-0-1\"  class=\"panel-grid-cell\" ><div class=\"custom panel-cell-style panel-cell-style-for-3136-0-1\" ><div id=\"panel-3136-0-1-0\" class=\"so-panel widget widget_nav_menu panel-first-child\" data-index=\"1\" ><div class=\"orion custom default panel-widget-style panel-widget-style-for-3136-0-1-0\" ><h3 class=\"widget-title\">Nossos Servi\u00e7os<\/h3><div class=\"menu-services-container\"><ul id=\"menu-services\" class=\"menu\"><li id=\"menu-item-3097\" class=\"menu-item menu-item-type-custom menu-item-object-custom menu-item-3097\"><a href=\"#\">Consultas<\/a><\/li>\n<li id=\"menu-item-3098\" class=\"menu-item menu-item-type-custom menu-item-object-custom menu-item-3098\"><a href=\"#\">Cirurgias<\/a><\/li>\n<li id=\"menu-item-3099\" class=\"menu-item menu-item-type-custom menu-item-object-custom menu-item-3099\"><a href=\"#\">Exames<\/a><\/li>\n<\/ul><\/div><\/div><\/div><div id=\"panel-3136-0-1-1\" class=\"so-panel widget widget_media_image panel-last-child\" data-index=\"2\" ><div class=\"orion custom default panel-widget-style panel-widget-style-for-3136-0-1-1\" ><img loading=\"lazy\" decoding=\"async\" width=\"300\" height=\"300\" src=\"https:\/\/hcoe.com.br\/web\/wp-content\/uploads\/2024\/04\/falegt-300x300.jpg\" class=\"image wp-image-3122  attachment-medium size-medium\" alt=\"\" style=\"max-width: 100%; height: auto;\" srcset=\"https:\/\/hcoe.com.br\/web\/wp-content\/uploads\/2024\/04\/falegt-300x300.jpg 300w, https:\/\/hcoe.com.br\/web\/wp-content\/uploads\/2024\/04\/falegt-150x150.jpg 150w, https:\/\/hcoe.com.br\/web\/wp-content\/uploads\/2024\/04\/falegt.jpg 600w\" sizes=\"(max-width: 300px) 100vw, 300px\" \/><\/div><\/div><\/div><\/div><\/div><\/div><\/div>","protected":false},"excerpt":{"rendered":"<p>&nbsp; O Hcoe &#8211; Hospital de Olhos \u00e9 uma hist\u00f3ria de sonhos transformados em realidade, protagonizada por um vision\u00e1rio da medicina, o Dr. Adriano Ozores. Movido por um desejo profundo de tocar vidas e fazer a diferen\u00e7a, ele sonhava em fundar um hospital especializado em tratamentos oculares, um lugar onde a vanguarda do tratamento se<\/p>\n","protected":false},"author":1,"featured_media":0,"parent":0,"menu_order":0,"comment_status":"closed","ping_status":"closed","template":"","meta":{"footnotes":""},"yoast_head":"<!-- This site is optimized with the Yoast SEO plugin v22.7 - https:\/\/yoast.com\/wordpress\/plugins\/seo\/ -->\n<title>Nossa Hist\u00f3ria - Hcoe - Hospital de Olhos<\/title>\n<meta name=\"robots\" content=\"index, follow, max-snippet:-1, max-image-preview:large, max-video-preview:-1\" \/>\n<link rel=\"canonical\" href=\"https:\/\/hcoe.com.br\/web\/index.php\/nossa-historia\/\" \/>\n<meta property=\"og:locale\" content=\"pt_BR\" \/>\n<meta property=\"og:type\" content=\"article\" \/>\n<meta property=\"og:title\" content=\"Nossa Hist\u00f3ria - Hcoe - Hospital de Olhos\" \/>\n<meta property=\"og:description\" content=\"&nbsp; O Hcoe - Hospital de Olhos \u00e9 uma hist\u00f3ria de sonhos transformados em realidade, protagonizada por um vision\u00e1rio da medicina, o Dr. Adriano Ozores. Movido por um desejo profundo de tocar vidas e fazer a diferen\u00e7a, ele sonhava em fundar um hospital especializado em tratamentos oculares, um lugar onde a vanguarda do tratamento se\" \/>\n<meta property=\"og:url\" content=\"https:\/\/hcoe.com.br\/web\/index.php\/nossa-historia\/\" \/>\n<meta property=\"og:site_name\" content=\"Hcoe - Hospital de Olhos\" \/>\n<meta property=\"article:publisher\" content=\"https:\/\/www.facebook.com\/profile.php?id=61558625227187\" \/>\n<meta property=\"article:modified_time\" content=\"2024-04-22T18:53:07+00:00\" \/>\n<meta property=\"og:image\" content=\"https:\/\/oftalmedbrasil.com.br\/wp-content\/uploads\/2024\/03\/DrAdriano.jpg\" \/>\n<meta name=\"twitter:card\" content=\"summary_large_image\" \/>\n<meta name=\"twitter:label1\" content=\"Est. tempo de leitura\" \/>\n\t<meta name=\"twitter:data1\" content=\"2 minutos\" \/>\n<script type=\"application\/ld+json\" class=\"yoast-schema-graph\">{\"@context\":\"https:\/\/schema.org\",\"@graph\":[{\"@type\":\"WebPage\",\"@id\":\"https:\/\/hcoe.com.br\/web\/index.php\/nossa-historia\/\",\"url\":\"https:\/\/hcoe.com.br\/web\/index.php\/nossa-historia\/\",\"name\":\"Nossa Hist\u00f3ria - Hcoe - Hospital de Olhos\",\"isPartOf\":{\"@id\":\"https:\/\/hcoe.com.br\/web\/#website\"},\"primaryImageOfPage\":{\"@id\":\"https:\/\/hcoe.com.br\/web\/index.php\/nossa-historia\/#primaryimage\"},\"image\":{\"@id\":\"https:\/\/hcoe.com.br\/web\/index.php\/nossa-historia\/#primaryimage\"},\"thumbnailUrl\":\"https:\/\/oftalmedbrasil.com.br\/wp-content\/uploads\/2024\/03\/DrAdriano.jpg\",\"datePublished\":\"2024-04-22T18:42:11+00:00\",\"dateModified\":\"2024-04-22T18:53:07+00:00\",\"breadcrumb\":{\"@id\":\"https:\/\/hcoe.com.br\/web\/index.php\/nossa-historia\/#breadcrumb\"},\"inLanguage\":\"pt-BR\",\"potentialAction\":[{\"@type\":\"ReadAction\",\"target\":[\"https:\/\/hcoe.com.br\/web\/index.php\/nossa-historia\/\"]}]},{\"@type\":\"ImageObject\",\"inLanguage\":\"pt-BR\",\"@id\":\"https:\/\/hcoe.com.br\/web\/index.php\/nossa-historia\/#primaryimage\",\"url\":\"https:\/\/oftalmedbrasil.com.br\/wp-content\/uploads\/2024\/03\/DrAdriano.jpg\",\"contentUrl\":\"https:\/\/oftalmedbrasil.com.br\/wp-content\/uploads\/2024\/03\/DrAdriano.jpg\"},{\"@type\":\"BreadcrumbList\",\"@id\":\"https:\/\/hcoe.com.br\/web\/index.php\/nossa-historia\/#breadcrumb\",\"itemListElement\":[{\"@type\":\"ListItem\",\"position\":1,\"name\":\"In\u00edcio\",\"item\":\"https:\/\/hcoe.com.br\/web\/\"},{\"@type\":\"ListItem\",\"position\":2,\"name\":\"Nossa Hist\u00f3ria\"}]},{\"@type\":\"WebSite\",\"@id\":\"https:\/\/hcoe.com.br\/web\/#website\",\"url\":\"https:\/\/hcoe.com.br\/web\/\",\"name\":\"Hcoe - Hospital de Olhos\",\"description\":\"\",\"publisher\":{\"@id\":\"https:\/\/hcoe.com.br\/web\/#organization\"},\"potentialAction\":[{\"@type\":\"SearchAction\",\"target\":{\"@type\":\"EntryPoint\",\"urlTemplate\":\"https:\/\/hcoe.com.br\/web\/?s={search_term_string}\"},\"query-input\":\"required name=search_term_string\"}],\"inLanguage\":\"pt-BR\"},{\"@type\":\"Organization\",\"@id\":\"https:\/\/hcoe.com.br\/web\/#organization\",\"name\":\"Hcoe - Hospital de Olhos\",\"url\":\"https:\/\/hcoe.com.br\/web\/\",\"logo\":{\"@type\":\"ImageObject\",\"inLanguage\":\"pt-BR\",\"@id\":\"https:\/\/hcoe.com.br\/web\/#\/schema\/logo\/image\/\",\"url\":\"https:\/\/hcoe.com.br\/web\/wp-content\/uploads\/2024\/05\/Logo-Vetor.png\",\"contentUrl\":\"https:\/\/hcoe.com.br\/web\/wp-content\/uploads\/2024\/05\/Logo-Vetor.png\",\"width\":2624,\"height\":836,\"caption\":\"Hcoe - Hospital de Olhos\"},\"image\":{\"@id\":\"https:\/\/hcoe.com.br\/web\/#\/schema\/logo\/image\/\"},\"sameAs\":[\"https:\/\/www.facebook.com\/profile.php?id=61558625227187\",\"https:\/\/www.instagram.com\/hcoehospitaldeolhos\/\"]}]}<\/script>\n<!-- \/ Yoast SEO plugin. -->","yoast_head_json":{"title":"Nossa Hist\u00f3ria - Hcoe - Hospital de Olhos","robots":{"index":"index","follow":"follow","max-snippet":"max-snippet:-1","max-image-preview":"max-image-preview:large","max-video-preview":"max-video-preview:-1"},"canonical":"https:\/\/hcoe.com.br\/web\/index.php\/nossa-historia\/","og_locale":"pt_BR","og_type":"article","og_title":"Nossa Hist\u00f3ria - Hcoe - Hospital de Olhos","og_description":"&nbsp; O Hcoe - Hospital de Olhos \u00e9 uma hist\u00f3ria de sonhos transformados em realidade, protagonizada por um vision\u00e1rio da medicina, o Dr. Adriano Ozores. Movido por um desejo profundo de tocar vidas e fazer a diferen\u00e7a, ele sonhava em fundar um hospital especializado em tratamentos oculares, um lugar onde a vanguarda do tratamento se","og_url":"https:\/\/hcoe.com.br\/web\/index.php\/nossa-historia\/","og_site_name":"Hcoe - Hospital de Olhos","article_publisher":"https:\/\/www.facebook.com\/profile.php?id=61558625227187","article_modified_time":"2024-04-22T18:53:07+00:00","og_image":[{"url":"https:\/\/oftalmedbrasil.com.br\/wp-content\/uploads\/2024\/03\/DrAdriano.jpg"}],"twitter_card":"summary_large_image","twitter_misc":{"Est. tempo de leitura":"2 minutos"},"schema":{"@context":"https:\/\/schema.org","@graph":[{"@type":"WebPage","@id":"https:\/\/hcoe.com.br\/web\/index.php\/nossa-historia\/","url":"https:\/\/hcoe.com.br\/web\/index.php\/nossa-historia\/","name":"Nossa Hist\u00f3ria - Hcoe - Hospital de Olhos","isPartOf":{"@id":"https:\/\/hcoe.com.br\/web\/#website"},"primaryImageOfPage":{"@id":"https:\/\/hcoe.com.br\/web\/index.php\/nossa-historia\/#primaryimage"},"image":{"@id":"https:\/\/hcoe.com.br\/web\/index.php\/nossa-historia\/#primaryimage"},"thumbnailUrl":"https:\/\/oftalmedbrasil.com.br\/wp-content\/uploads\/2024\/03\/DrAdriano.jpg","datePublished":"2024-04-22T18:42:11+00:00","dateModified":"2024-04-22T18:53:07+00:00","breadcrumb":{"@id":"https:\/\/hcoe.com.br\/web\/index.php\/nossa-historia\/#breadcrumb"},"inLanguage":"pt-BR","potentialAction":[{"@type":"ReadAction","target":["https:\/\/hcoe.com.br\/web\/index.php\/nossa-historia\/"]}]},{"@type":"ImageObject","inLanguage":"pt-BR","@id":"https:\/\/hcoe.com.br\/web\/index.php\/nossa-historia\/#primaryimage","url":"https:\/\/oftalmedbrasil.com.br\/wp-content\/uploads\/2024\/03\/DrAdriano.jpg","contentUrl":"https:\/\/oftalmedbrasil.com.br\/wp-content\/uploads\/2024\/03\/DrAdriano.jpg"},{"@type":"BreadcrumbList","@id":"https:\/\/hcoe.com.br\/web\/index.php\/nossa-historia\/#breadcrumb","itemListElement":[{"@type":"ListItem","position":1,"name":"In\u00edcio","item":"https:\/\/hcoe.com.br\/web\/"},{"@type":"ListItem","position":2,"name":"Nossa Hist\u00f3ria"}]},{"@type":"WebSite","@id":"https:\/\/hcoe.com.br\/web\/#website","url":"https:\/\/hcoe.com.br\/web\/","name":"Hcoe - Hospital de Olhos","description":"","publisher":{"@id":"https:\/\/hcoe.com.br\/web\/#organization"},"potentialAction":[{"@type":"SearchAction","target":{"@type":"EntryPoint","urlTemplate":"https:\/\/hcoe.com.br\/web\/?s={search_term_string}"},"query-input":"required name=search_term_string"}],"inLanguage":"pt-BR"},{"@type":"Organization","@id":"https:\/\/hcoe.com.br\/web\/#organization","name":"Hcoe - Hospital de Olhos","url":"https:\/\/hcoe.com.br\/web\/","logo":{"@type":"ImageObject","inLanguage":"pt-BR","@id":"https:\/\/hcoe.com.br\/web\/#\/schema\/logo\/image\/","url":"https:\/\/hcoe.com.br\/web\/wp-content\/uploads\/2024\/05\/Logo-Vetor.png","contentUrl":"https:\/\/hcoe.com.br\/web\/wp-content\/uploads\/2024\/05\/Logo-Vetor.png","width":2624,"height":836,"caption":"Hcoe - Hospital de Olhos"},"image":{"@id":"https:\/\/hcoe.com.br\/web\/#\/schema\/logo\/image\/"},"sameAs":["https:\/\/www.facebook.com\/profile.php?id=61558625227187","https:\/\/www.instagram.com\/hcoehospitaldeolhos\/"]}]}},"_links":{"self":[{"href":"https:\/\/hcoe.com.br\/web\/index.php\/wp-json\/wp\/v2\/pages\/3136"}],"collection":[{"href":"https:\/\/hcoe.com.br\/web\/index.php\/wp-json\/wp\/v2\/pages"}],"about":[{"href":"https:\/\/hcoe.com.br\/web\/index.php\/wp-json\/wp\/v2\/types\/page"}],"author":[{"embeddable":true,"href":"https:\/\/hcoe.com.br\/web\/index.php\/wp-json\/wp\/v2\/users\/1"}],"replies":[{"embeddable":true,"href":"https:\/\/hcoe.com.br\/web\/index.php\/wp-json\/wp\/v2\/comments?post=3136"}],"version-history":[{"count":13,"href":"https:\/\/hcoe.com.br\/web\/index.php\/wp-json\/wp\/v2\/pages\/3136\/revisions"}],"predecessor-version":[{"id":3151,"href":"https:\/\/hcoe.com.br\/web\/index.php\/wp-json\/wp\/v2\/pages\/3136\/revisions\/3151"}],"wp:attachment":[{"href":"https:\/\/hcoe.com.br\/web\/index.php\/wp-json\/wp\/v2\/media?parent=3136"}],"curies":[{"name":"wp","href":"https:\/\/api.w.org\/{rel}","templated":true}]}}